{"id":22555,"date":"2022-09-05T10:31:50","date_gmt":"2022-09-05T08:31:50","guid":{"rendered":"https:\/\/non-stopshop.eu\/rs\/?post_type=product&#038;p=22555"},"modified":"2023-07-03T12:43:06","modified_gmt":"2023-07-03T10:43:06","slug":"4-u-1-rucni-elektricni-set-za-rezanje-povrca-2","status":"publish","type":"product","link":"https:\/\/non-stopshop.eu\/rs\/proizvod\/4-u-1-rucni-elektricni-set-za-rezanje-povrca-2\/","title":{"rendered":"4 u 1 ru\u010dni elektri\u010dni set za rezanje povr\u0107a"},"content":{"rendered":"","protected":false},"excerpt":{"rendered":"<p>Multifunkcionalni 4 u 1 set za rezanje vo\u0107a , povr\u0107a, elektri\u010dna \u010detka ili ma\u0161ina za mljevenje mesa. Sa samo jednim proizvodom mo\u017eete da radite na vi\u0161e razli\u010ditih na\u010dina.<\/p>\n","protected":false},"featured_media":22565,"comment_status":"closed","ping_status":"closed","template":"","meta":{"inline_featured_image":false},"product_brand":[],"product_cat":[15],"product_tag":[],"class_list":{"0":"post-22555","1":"product","2":"type-product","3":"status-publish","4":"has-post-thumbnail","6":"product_cat-uncategorized","8":"first","9":"instock","10":"sale","11":"taxable","12":"shipping-taxable","13":"purchasable","14":"product-type-simple"},"acf":[],"_links":{"self":[{"href":"https:\/\/non-stopshop.eu\/rs\/wp-json\/wp\/v2\/product\/22555","targetHints":{"allow":["GET"]}}],"collection":[{"href":"https:\/\/non-stopshop.eu\/rs\/wp-json\/wp\/v2\/product"}],"about":[{"href":"https:\/\/non-stopshop.eu\/rs\/wp-json\/wp\/v2\/types\/product"}],"replies":[{"embeddable":true,"href":"https:\/\/non-stopshop.eu\/rs\/wp-json\/wp\/v2\/comments?post=22555"}],"wp:featuredmedia":[{"embeddable":true,"href":"https:\/\/non-stopshop.eu\/rs\/wp-json\/wp\/v2\/media\/22565"}],"wp:attachment":[{"href":"https:\/\/non-stopshop.eu\/rs\/wp-json\/wp\/v2\/media?parent=22555"}],"wp:term":[{"taxonomy":"product_brand","embeddable":true,"href":"https:\/\/non-stopshop.eu\/rs\/wp-json\/wp\/v2\/product_brand?post=22555"},{"taxonomy":"product_cat","embeddable":true,"href":"https:\/\/non-stopshop.eu\/rs\/wp-json\/wp\/v2\/product_cat?post=22555"},{"taxonomy":"product_tag","embeddable":true,"href":"https:\/\/non-stopshop.eu\/rs\/wp-json\/wp\/v2\/product_tag?post=22555"}],"curies":[{"name":"wp","href":"https:\/\/api.w.org\/{rel}","templated":true}]}}