{"id":22675,"date":"2022-09-06T12:28:48","date_gmt":"2022-09-06T10:28:48","guid":{"rendered":"https:\/\/non-stopshop.eu\/rs\/?post_type=product&#038;p=22675"},"modified":"2023-07-03T12:41:17","modified_gmt":"2023-07-03T10:41:17","slug":"magicne-radne-sveske-za-decu-2","status":"publish","type":"product","link":"https:\/\/non-stopshop.eu\/rs\/proizvod\/magicne-radne-sveske-za-decu-2\/","title":{"rendered":"Magi\u010dne radne sveske za decu"},"content":{"rendered":"","protected":false},"excerpt":{"rendered":"<p>Omogu\u0107ite va\u0161oj deci usavr\u0161avanje pokreta i oblika, crtanja i pisanja uz ovu zabavnu radnu svesku. Pripremite dete za \u0161kolu i olak\u0161ajte mu po\u010detak. Neka deca razviju svoju preciznost uz ovu edukativnu radnu svesku.<\/p>\n","protected":false},"featured_media":22685,"comment_status":"closed","ping_status":"closed","template":"","meta":{"inline_featured_image":false},"product_brand":[],"product_cat":[15],"product_tag":[],"class_list":{"0":"post-22675","1":"product","2":"type-product","3":"status-publish","4":"has-post-thumbnail","6":"product_cat-uncategorized","8":"first","9":"instock","10":"sale","11":"taxable","12":"shipping-taxable","13":"purchasable","14":"product-type-simple"},"acf":[],"_links":{"self":[{"href":"https:\/\/non-stopshop.eu\/rs\/wp-json\/wp\/v2\/product\/22675","targetHints":{"allow":["GET"]}}],"collection":[{"href":"https:\/\/non-stopshop.eu\/rs\/wp-json\/wp\/v2\/product"}],"about":[{"href":"https:\/\/non-stopshop.eu\/rs\/wp-json\/wp\/v2\/types\/product"}],"replies":[{"embeddable":true,"href":"https:\/\/non-stopshop.eu\/rs\/wp-json\/wp\/v2\/comments?post=22675"}],"wp:featuredmedia":[{"embeddable":true,"href":"https:\/\/non-stopshop.eu\/rs\/wp-json\/wp\/v2\/media\/22685"}],"wp:attachment":[{"href":"https:\/\/non-stopshop.eu\/rs\/wp-json\/wp\/v2\/media?parent=22675"}],"wp:term":[{"taxonomy":"product_brand","embeddable":true,"href":"https:\/\/non-stopshop.eu\/rs\/wp-json\/wp\/v2\/product_brand?post=22675"},{"taxonomy":"product_cat","embeddable":true,"href":"https:\/\/non-stopshop.eu\/rs\/wp-json\/wp\/v2\/product_cat?post=22675"},{"taxonomy":"product_tag","embeddable":true,"href":"https:\/\/non-stopshop.eu\/rs\/wp-json\/wp\/v2\/product_tag?post=22675"}],"curies":[{"name":"wp","href":"https:\/\/api.w.org\/{rel}","templated":true}]}}