{"id":23640,"date":"2022-10-13T12:19:23","date_gmt":"2022-10-13T10:19:23","guid":{"rendered":"https:\/\/non-stopshop.eu\/rs\/?post_type=product&#038;p=23640"},"modified":"2023-07-03T12:39:37","modified_gmt":"2023-07-03T10:39:37","slug":"visenamenski-instant-lepak-2","status":"publish","type":"product","link":"https:\/\/non-stopshop.eu\/rs\/proizvod\/visenamenski-instant-lepak-2\/","title":{"rendered":"Vi\u0161enamenski instant lepak"},"content":{"rendered":"","protected":false},"excerpt":{"rendered":"<p>Vodootporno vi\u0161enamensko instant lepilo koji \u0107e vam u trenutku omogu\u0107iti popravku raznih te\u0161ko prijanjaju\u0107ih povr\u0161ina. Potpuno univerzlano sa efektom stvaranja nevidljive i fleksibilne mase za razli\u010dite vrste materijala.<\/p>\n","protected":false},"featured_media":23642,"comment_status":"closed","ping_status":"closed","template":"","meta":{"inline_featured_image":false},"product_brand":[],"product_cat":[15,27],"product_tag":[],"class_list":{"0":"post-23640","1":"product","2":"type-product","3":"status-publish","4":"has-post-thumbnail","6":"product_cat-uncategorized","7":"product_cat-home","9":"first","10":"instock","11":"sale","12":"taxable","13":"shipping-taxable","14":"purchasable","15":"product-type-simple"},"acf":[],"_links":{"self":[{"href":"https:\/\/non-stopshop.eu\/rs\/wp-json\/wp\/v2\/product\/23640","targetHints":{"allow":["GET"]}}],"collection":[{"href":"https:\/\/non-stopshop.eu\/rs\/wp-json\/wp\/v2\/product"}],"about":[{"href":"https:\/\/non-stopshop.eu\/rs\/wp-json\/wp\/v2\/types\/product"}],"replies":[{"embeddable":true,"href":"https:\/\/non-stopshop.eu\/rs\/wp-json\/wp\/v2\/comments?post=23640"}],"wp:featuredmedia":[{"embeddable":true,"href":"https:\/\/non-stopshop.eu\/rs\/wp-json\/wp\/v2\/media\/23642"}],"wp:attachment":[{"href":"https:\/\/non-stopshop.eu\/rs\/wp-json\/wp\/v2\/media?parent=23640"}],"wp:term":[{"taxonomy":"product_brand","embeddable":true,"href":"https:\/\/non-stopshop.eu\/rs\/wp-json\/wp\/v2\/product_brand?post=23640"},{"taxonomy":"product_cat","embeddable":true,"href":"https:\/\/non-stopshop.eu\/rs\/wp-json\/wp\/v2\/product_cat?post=23640"},{"taxonomy":"product_tag","embeddable":true,"href":"https:\/\/non-stopshop.eu\/rs\/wp-json\/wp\/v2\/product_tag?post=23640"}],"curies":[{"name":"wp","href":"https:\/\/api.w.org\/{rel}","templated":true}]}}