{"id":25459,"date":"2022-12-28T11:36:35","date_gmt":"2022-12-28T10:36:35","guid":{"rendered":"https:\/\/non-stopshop.eu\/rs\/?post_type=product&#038;p=25459"},"modified":"2023-11-28T13:06:39","modified_gmt":"2023-11-28T12:06:39","slug":"nastavak-za-rezanje-metala","status":"publish","type":"product","link":"https:\/\/non-stopshop.eu\/rs\/proizvod\/nastavak-za-rezanje-metala\/","title":{"rendered":"Nastavak za rezanje metala"},"content":{"rendered":"","protected":false},"excerpt":{"rendered":"<p>Velika brzina rezanja i \u010disti i precizni rezovi omogu\u0107i\u0107e vam maksimalnu efikasnost i preciznost. Savr\u0161eno se kre\u0107e po uskim uzorcima i uglovima \u0161to pru\u017ea optimalan rez svaki put.<\/p>\n","protected":false},"featured_media":25464,"comment_status":"closed","ping_status":"closed","template":"","meta":{"inline_featured_image":false},"product_brand":[],"product_cat":[15,25,27],"product_tag":[],"class_list":{"0":"post-25459","1":"product","2":"type-product","3":"status-publish","4":"has-post-thumbnail","6":"product_cat-uncategorized","7":"product_cat-car","8":"product_cat-home","10":"first","11":"instock","12":"sale","13":"taxable","14":"shipping-taxable","15":"purchasable","16":"product-type-simple"},"acf":[],"_links":{"self":[{"href":"https:\/\/non-stopshop.eu\/rs\/wp-json\/wp\/v2\/product\/25459","targetHints":{"allow":["GET"]}}],"collection":[{"href":"https:\/\/non-stopshop.eu\/rs\/wp-json\/wp\/v2\/product"}],"about":[{"href":"https:\/\/non-stopshop.eu\/rs\/wp-json\/wp\/v2\/types\/product"}],"replies":[{"embeddable":true,"href":"https:\/\/non-stopshop.eu\/rs\/wp-json\/wp\/v2\/comments?post=25459"}],"wp:featuredmedia":[{"embeddable":true,"href":"https:\/\/non-stopshop.eu\/rs\/wp-json\/wp\/v2\/media\/25464"}],"wp:attachment":[{"href":"https:\/\/non-stopshop.eu\/rs\/wp-json\/wp\/v2\/media?parent=25459"}],"wp:term":[{"taxonomy":"product_brand","embeddable":true,"href":"https:\/\/non-stopshop.eu\/rs\/wp-json\/wp\/v2\/product_brand?post=25459"},{"taxonomy":"product_cat","embeddable":true,"href":"https:\/\/non-stopshop.eu\/rs\/wp-json\/wp\/v2\/product_cat?post=25459"},{"taxonomy":"product_tag","embeddable":true,"href":"https:\/\/non-stopshop.eu\/rs\/wp-json\/wp\/v2\/product_tag?post=25459"}],"curies":[{"name":"wp","href":"https:\/\/api.w.org\/{rel}","templated":true}]}}