{"id":25475,"date":"2022-12-28T11:52:53","date_gmt":"2022-12-28T10:52:53","guid":{"rendered":"https:\/\/non-stopshop.eu\/rs\/?post_type=product&#038;p=25475"},"modified":"2023-07-03T12:31:56","modified_gmt":"2023-07-03T10:31:56","slug":"bezicni-rucni-usisivac","status":"publish","type":"product","link":"https:\/\/non-stopshop.eu\/rs\/proizvod\/bezicni-rucni-usisivac\/","title":{"rendered":"Be\u017ei\u010dni ru\u010dni usisiva\u010d"},"content":{"rendered":"","protected":false},"excerpt":{"rendered":"<p>Lagani ru\u010dni usisiva\u010d sa sna\u017enom usisnom mo\u0107i idealan je pomo\u0107nik u svakom domu, na radnom mestu ili u automobilu. Re\u0161ite se ne\u010disto\u0107a i prljav\u0161tine u nekoliko poteza sa ovim vrhunskim usisiva\u010dem.<\/p>\n","protected":false},"featured_media":25481,"comment_status":"closed","ping_status":"closed","template":"","meta":{"inline_featured_image":false},"product_brand":[],"product_cat":[15,27],"product_tag":[],"class_list":{"0":"post-25475","1":"product","2":"type-product","3":"status-publish","4":"has-post-thumbnail","6":"product_cat-uncategorized","7":"product_cat-home","9":"first","10":"instock","11":"sale","12":"taxable","13":"shipping-taxable","14":"purchasable","15":"product-type-simple"},"acf":[],"_links":{"self":[{"href":"https:\/\/non-stopshop.eu\/rs\/wp-json\/wp\/v2\/product\/25475","targetHints":{"allow":["GET"]}}],"collection":[{"href":"https:\/\/non-stopshop.eu\/rs\/wp-json\/wp\/v2\/product"}],"about":[{"href":"https:\/\/non-stopshop.eu\/rs\/wp-json\/wp\/v2\/types\/product"}],"replies":[{"embeddable":true,"href":"https:\/\/non-stopshop.eu\/rs\/wp-json\/wp\/v2\/comments?post=25475"}],"wp:featuredmedia":[{"embeddable":true,"href":"https:\/\/non-stopshop.eu\/rs\/wp-json\/wp\/v2\/media\/25481"}],"wp:attachment":[{"href":"https:\/\/non-stopshop.eu\/rs\/wp-json\/wp\/v2\/media?parent=25475"}],"wp:term":[{"taxonomy":"product_brand","embeddable":true,"href":"https:\/\/non-stopshop.eu\/rs\/wp-json\/wp\/v2\/product_brand?post=25475"},{"taxonomy":"product_cat","embeddable":true,"href":"https:\/\/non-stopshop.eu\/rs\/wp-json\/wp\/v2\/product_cat?post=25475"},{"taxonomy":"product_tag","embeddable":true,"href":"https:\/\/non-stopshop.eu\/rs\/wp-json\/wp\/v2\/product_tag?post=25475"}],"curies":[{"name":"wp","href":"https:\/\/api.w.org\/{rel}","templated":true}]}}