{"id":25694,"date":"2023-01-17T12:23:13","date_gmt":"2023-01-17T11:23:13","guid":{"rendered":"https:\/\/non-stopshop.eu\/rs\/?post_type=product&#038;p=25694"},"modified":"2023-11-11T13:35:45","modified_gmt":"2023-11-11T12:35:45","slug":"decija-bojanka-u-rolni","status":"publish","type":"product","link":"https:\/\/non-stopshop.eu\/rs\/proizvod\/decija-bojanka-u-rolni\/","title":{"rendered":"De\u010dija bojanka u rolni"},"content":{"rendered":"","protected":false},"excerpt":{"rendered":"<p>Fenomenalna bojanka u rolni odli\u010dna je zabava za va\u0161u decu. Mnogo interesantnih oblika i mogu\u0107nost lakog postavljanja super \u0107e ispuniti vreme va\u0161e dece.<\/p>\n","protected":false},"featured_media":25703,"comment_status":"closed","ping_status":"closed","template":"","meta":{"inline_featured_image":false},"product_brand":[],"product_cat":[15,35],"product_tag":[],"class_list":{"0":"post-25694","1":"product","2":"type-product","3":"status-publish","4":"has-post-thumbnail","6":"product_cat-uncategorized","7":"product_cat-fun","9":"first","10":"instock","11":"sale","12":"taxable","13":"shipping-taxable","14":"purchasable","15":"product-type-simple"},"acf":[],"_links":{"self":[{"href":"https:\/\/non-stopshop.eu\/rs\/wp-json\/wp\/v2\/product\/25694","targetHints":{"allow":["GET"]}}],"collection":[{"href":"https:\/\/non-stopshop.eu\/rs\/wp-json\/wp\/v2\/product"}],"about":[{"href":"https:\/\/non-stopshop.eu\/rs\/wp-json\/wp\/v2\/types\/product"}],"replies":[{"embeddable":true,"href":"https:\/\/non-stopshop.eu\/rs\/wp-json\/wp\/v2\/comments?post=25694"}],"wp:featuredmedia":[{"embeddable":true,"href":"https:\/\/non-stopshop.eu\/rs\/wp-json\/wp\/v2\/media\/25703"}],"wp:attachment":[{"href":"https:\/\/non-stopshop.eu\/rs\/wp-json\/wp\/v2\/media?parent=25694"}],"wp:term":[{"taxonomy":"product_brand","embeddable":true,"href":"https:\/\/non-stopshop.eu\/rs\/wp-json\/wp\/v2\/product_brand?post=25694"},{"taxonomy":"product_cat","embeddable":true,"href":"https:\/\/non-stopshop.eu\/rs\/wp-json\/wp\/v2\/product_cat?post=25694"},{"taxonomy":"product_tag","embeddable":true,"href":"https:\/\/non-stopshop.eu\/rs\/wp-json\/wp\/v2\/product_tag?post=25694"}],"curies":[{"name":"wp","href":"https:\/\/api.w.org\/{rel}","templated":true}]}}