{"id":26703,"date":"2023-02-20T14:37:49","date_gmt":"2023-02-20T13:37:49","guid":{"rendered":"https:\/\/non-stopshop.eu\/rs\/?post_type=product&#038;p=26703"},"modified":"2023-07-03T12:30:29","modified_gmt":"2023-07-03T10:30:29","slug":"aparat-za-testiranje-strujnog-napona","status":"publish","type":"product","link":"https:\/\/non-stopshop.eu\/rs\/proizvod\/aparat-za-testiranje-strujnog-napona\/","title":{"rendered":"Aparat za testiranje strujnog napona"},"content":{"rendered":"","protected":false},"excerpt":{"rendered":"<p>Brzo i lako proverite strujna kola, osigura\u010de, prekida\u010de i o\u017ei\u010denja na automobilima, prikolicama,motociklima i drugim niskonaponskim sistemima.<\/p>\n","protected":false},"featured_media":26708,"comment_status":"closed","ping_status":"closed","template":"","meta":{"inline_featured_image":false},"product_brand":[],"product_cat":[15,25,27],"product_tag":[],"class_list":{"0":"post-26703","1":"product","2":"type-product","3":"status-publish","4":"has-post-thumbnail","6":"product_cat-uncategorized","7":"product_cat-car","8":"product_cat-home","10":"first","11":"instock","12":"sale","13":"taxable","14":"shipping-taxable","15":"purchasable","16":"product-type-simple"},"acf":[],"_links":{"self":[{"href":"https:\/\/non-stopshop.eu\/rs\/wp-json\/wp\/v2\/product\/26703","targetHints":{"allow":["GET"]}}],"collection":[{"href":"https:\/\/non-stopshop.eu\/rs\/wp-json\/wp\/v2\/product"}],"about":[{"href":"https:\/\/non-stopshop.eu\/rs\/wp-json\/wp\/v2\/types\/product"}],"replies":[{"embeddable":true,"href":"https:\/\/non-stopshop.eu\/rs\/wp-json\/wp\/v2\/comments?post=26703"}],"wp:featuredmedia":[{"embeddable":true,"href":"https:\/\/non-stopshop.eu\/rs\/wp-json\/wp\/v2\/media\/26708"}],"wp:attachment":[{"href":"https:\/\/non-stopshop.eu\/rs\/wp-json\/wp\/v2\/media?parent=26703"}],"wp:term":[{"taxonomy":"product_brand","embeddable":true,"href":"https:\/\/non-stopshop.eu\/rs\/wp-json\/wp\/v2\/product_brand?post=26703"},{"taxonomy":"product_cat","embeddable":true,"href":"https:\/\/non-stopshop.eu\/rs\/wp-json\/wp\/v2\/product_cat?post=26703"},{"taxonomy":"product_tag","embeddable":true,"href":"https:\/\/non-stopshop.eu\/rs\/wp-json\/wp\/v2\/product_tag?post=26703"}],"curies":[{"name":"wp","href":"https:\/\/api.w.org\/{rel}","templated":true}]}}