{"id":26872,"date":"2023-02-21T11:04:12","date_gmt":"2023-02-21T10:04:12","guid":{"rendered":"https:\/\/non-stopshop.eu\/rs\/?post_type=product&#038;p=26872"},"modified":"2023-11-11T13:35:15","modified_gmt":"2023-11-11T12:35:15","slug":"edukativna-igracka-drveni-vozic-sa-brojevima","status":"publish","type":"product","link":"https:\/\/non-stopshop.eu\/rs\/proizvod\/edukativna-igracka-drveni-vozic-sa-brojevima\/","title":{"rendered":"Edukativna igra\u010dka-Drveni vozi\u0107 sa brojevima"},"content":{"rendered":"","protected":false},"excerpt":{"rendered":"<p>Igra\u010dka za rano u\u010denje brojeva, oblika i boja. Ve\u017ebanje prakti\u010dnih i umnih sposobnosti i razvoj kreativnosti.<\/p>\n","protected":false},"featured_media":26882,"comment_status":"closed","ping_status":"closed","template":"","meta":{"inline_featured_image":false},"product_brand":[],"product_cat":[15,35],"product_tag":[],"class_list":{"0":"post-26872","1":"product","2":"type-product","3":"status-publish","4":"has-post-thumbnail","6":"product_cat-uncategorized","7":"product_cat-fun","9":"first","10":"instock","11":"sale","12":"taxable","13":"shipping-taxable","14":"purchasable","15":"product-type-simple"},"acf":[],"_links":{"self":[{"href":"https:\/\/non-stopshop.eu\/rs\/wp-json\/wp\/v2\/product\/26872","targetHints":{"allow":["GET"]}}],"collection":[{"href":"https:\/\/non-stopshop.eu\/rs\/wp-json\/wp\/v2\/product"}],"about":[{"href":"https:\/\/non-stopshop.eu\/rs\/wp-json\/wp\/v2\/types\/product"}],"replies":[{"embeddable":true,"href":"https:\/\/non-stopshop.eu\/rs\/wp-json\/wp\/v2\/comments?post=26872"}],"wp:featuredmedia":[{"embeddable":true,"href":"https:\/\/non-stopshop.eu\/rs\/wp-json\/wp\/v2\/media\/26882"}],"wp:attachment":[{"href":"https:\/\/non-stopshop.eu\/rs\/wp-json\/wp\/v2\/media?parent=26872"}],"wp:term":[{"taxonomy":"product_brand","embeddable":true,"href":"https:\/\/non-stopshop.eu\/rs\/wp-json\/wp\/v2\/product_brand?post=26872"},{"taxonomy":"product_cat","embeddable":true,"href":"https:\/\/non-stopshop.eu\/rs\/wp-json\/wp\/v2\/product_cat?post=26872"},{"taxonomy":"product_tag","embeddable":true,"href":"https:\/\/non-stopshop.eu\/rs\/wp-json\/wp\/v2\/product_tag?post=26872"}],"curies":[{"name":"wp","href":"https:\/\/api.w.org\/{rel}","templated":true}]}}