{"id":274,"date":"2020-11-30T17:04:53","date_gmt":"2020-11-30T16:04:53","guid":{"rendered":"https:\/\/shopium.eu\/rs\/?post_type=product&#038;p=274"},"modified":"2021-04-07T16:05:51","modified_gmt":"2021-04-07T14:05:51","slug":"slicer","status":"publish","type":"product","link":"https:\/\/non-stopshop.eu\/rs\/proizvod\/slicer\/","title":{"rendered":"Multifunkcionalno rende &#8211; Slicer"},"content":{"rendered":"<p>Inovativno i ultra prakti\u010dno rende izra\u0111eno od ner\u0111aju\u0107eg \u010delika sa tri razli\u010dita nastavka koji \u0107e vam olak\u0161ati svakodnevno pripremanje i seckanje namirnica u svim veli\u010dinama i oblicima!<\/p>\n","protected":false},"excerpt":{"rendered":"<p>Inovativno i ultra prakti\u010dno rende izra\u0111eno od ner\u0111aju\u0107eg \u010delika sa tri razli\u010dita nastavka koji \u0107e vam olak\u0161ati svakodnevno pripremanje i seckanje namirnica u svim veli\u010dinama i oblicima!<\/p>\n","protected":false},"featured_media":281,"comment_status":"closed","ping_status":"closed","template":"","meta":{"inline_featured_image":false},"product_brand":[],"product_cat":[15,27],"product_tag":[],"class_list":{"0":"post-274","1":"product","2":"type-product","3":"status-publish","4":"has-post-thumbnail","6":"product_cat-uncategorized","7":"product_cat-home","9":"first","10":"instock","11":"sale","12":"taxable","13":"shipping-taxable","14":"purchasable","15":"product-type-simple"},"acf":[],"_links":{"self":[{"href":"https:\/\/non-stopshop.eu\/rs\/wp-json\/wp\/v2\/product\/274","targetHints":{"allow":["GET"]}}],"collection":[{"href":"https:\/\/non-stopshop.eu\/rs\/wp-json\/wp\/v2\/product"}],"about":[{"href":"https:\/\/non-stopshop.eu\/rs\/wp-json\/wp\/v2\/types\/product"}],"replies":[{"embeddable":true,"href":"https:\/\/non-stopshop.eu\/rs\/wp-json\/wp\/v2\/comments?post=274"}],"wp:featuredmedia":[{"embeddable":true,"href":"https:\/\/non-stopshop.eu\/rs\/wp-json\/wp\/v2\/media\/281"}],"wp:attachment":[{"href":"https:\/\/non-stopshop.eu\/rs\/wp-json\/wp\/v2\/media?parent=274"}],"wp:term":[{"taxonomy":"product_brand","embeddable":true,"href":"https:\/\/non-stopshop.eu\/rs\/wp-json\/wp\/v2\/product_brand?post=274"},{"taxonomy":"product_cat","embeddable":true,"href":"https:\/\/non-stopshop.eu\/rs\/wp-json\/wp\/v2\/product_cat?post=274"},{"taxonomy":"product_tag","embeddable":true,"href":"https:\/\/non-stopshop.eu\/rs\/wp-json\/wp\/v2\/product_tag?post=274"}],"curies":[{"name":"wp","href":"https:\/\/api.w.org\/{rel}","templated":true}]}}