{"id":296,"date":"2020-11-30T18:08:04","date_gmt":"2020-11-30T17:08:04","guid":{"rendered":"https:\/\/shopium.eu\/rs\/?post_type=product&#038;p=296"},"modified":"2021-04-06T16:02:05","modified_gmt":"2021-04-06T14:02:05","slug":"cleanshine","status":"publish","type":"product","link":"https:\/\/non-stopshop.eu\/rs\/proizvod\/cleanshine\/","title":{"rendered":"Ultrazvu\u010dni \u010dista\u010d za zube &#8211; CleanShine"},"content":{"rendered":"<p>Uklonite naslage i kamenac sa va\u0161ih zuba bez odlaska zubaru i postignite maksimalnu oralnu higijenu iz topline va\u0161eg doma potpuno jednostavno i bezbolno uz inovativni ultrasoni\u010dni \u010dista\u010d kamenca i naslaga.<\/p>\n","protected":false},"excerpt":{"rendered":"<p>Uklonite naslage i kamenac sa va\u0161ih zuba bez odlaska zubaru i postignite maksimalnu oralnu higijenu iz topline va\u0161eg doma potpuno jednostavno i bezbolno uz inovativni ultrasoni\u010dni \u010dista\u010d kamenca i naslaga.<\/p>\n","protected":false},"featured_media":300,"comment_status":"closed","ping_status":"closed","template":"","meta":{"inline_featured_image":false},"product_brand":[],"product_cat":[15,28,26],"product_tag":[],"class_list":{"0":"post-296","1":"product","2":"type-product","3":"status-publish","4":"has-post-thumbnail","6":"product_cat-uncategorized","7":"product_cat-beauty","8":"product_cat-health","10":"first","11":"instock","12":"sale","13":"taxable","14":"shipping-taxable","15":"purchasable","16":"product-type-simple"},"acf":[],"_links":{"self":[{"href":"https:\/\/non-stopshop.eu\/rs\/wp-json\/wp\/v2\/product\/296","targetHints":{"allow":["GET"]}}],"collection":[{"href":"https:\/\/non-stopshop.eu\/rs\/wp-json\/wp\/v2\/product"}],"about":[{"href":"https:\/\/non-stopshop.eu\/rs\/wp-json\/wp\/v2\/types\/product"}],"replies":[{"embeddable":true,"href":"https:\/\/non-stopshop.eu\/rs\/wp-json\/wp\/v2\/comments?post=296"}],"wp:featuredmedia":[{"embeddable":true,"href":"https:\/\/non-stopshop.eu\/rs\/wp-json\/wp\/v2\/media\/300"}],"wp:attachment":[{"href":"https:\/\/non-stopshop.eu\/rs\/wp-json\/wp\/v2\/media?parent=296"}],"wp:term":[{"taxonomy":"product_brand","embeddable":true,"href":"https:\/\/non-stopshop.eu\/rs\/wp-json\/wp\/v2\/product_brand?post=296"},{"taxonomy":"product_cat","embeddable":true,"href":"https:\/\/non-stopshop.eu\/rs\/wp-json\/wp\/v2\/product_cat?post=296"},{"taxonomy":"product_tag","embeddable":true,"href":"https:\/\/non-stopshop.eu\/rs\/wp-json\/wp\/v2\/product_tag?post=296"}],"curies":[{"name":"wp","href":"https:\/\/api.w.org\/{rel}","templated":true}]}}