{"id":30671,"date":"2023-11-13T13:31:32","date_gmt":"2023-11-13T12:31:32","guid":{"rendered":"https:\/\/non-stopshop.eu\/rs\/?post_type=product&#038;p=30671"},"modified":"2023-11-16T09:22:09","modified_gmt":"2023-11-16T08:22:09","slug":"rasprsivac-vode-sa-sistemom-za-zamagljivanje-masina-za-rezanje","status":"publish","type":"product","link":"https:\/\/non-stopshop.eu\/rs\/proizvod\/rasprsivac-vode-sa-sistemom-za-zamagljivanje-masina-za-rezanje\/","title":{"rendered":"Raspr\u0161iva\u010d vode sa sistemom za zamagljivanje ma\u0161ina za rezanje"},"content":{"rendered":"","protected":false},"excerpt":{"rendered":"<p>Br\u017ee, efikasnije i urednije re\u017eite sa ovim alatom. Odli\u010dan nastavak koji \u0107e da vam pomogne da budete optimalni u radu.<\/p>\n","protected":false},"featured_media":30679,"comment_status":"closed","ping_status":"closed","template":"","meta":{"inline_featured_image":false},"product_brand":[],"product_cat":[15,27],"product_tag":[],"class_list":{"0":"post-30671","1":"product","2":"type-product","3":"status-publish","4":"has-post-thumbnail","6":"product_cat-uncategorized","7":"product_cat-home","9":"first","10":"instock","11":"sale","12":"taxable","13":"shipping-taxable","14":"purchasable","15":"product-type-simple"},"acf":[],"_links":{"self":[{"href":"https:\/\/non-stopshop.eu\/rs\/wp-json\/wp\/v2\/product\/30671","targetHints":{"allow":["GET"]}}],"collection":[{"href":"https:\/\/non-stopshop.eu\/rs\/wp-json\/wp\/v2\/product"}],"about":[{"href":"https:\/\/non-stopshop.eu\/rs\/wp-json\/wp\/v2\/types\/product"}],"replies":[{"embeddable":true,"href":"https:\/\/non-stopshop.eu\/rs\/wp-json\/wp\/v2\/comments?post=30671"}],"wp:featuredmedia":[{"embeddable":true,"href":"https:\/\/non-stopshop.eu\/rs\/wp-json\/wp\/v2\/media\/30679"}],"wp:attachment":[{"href":"https:\/\/non-stopshop.eu\/rs\/wp-json\/wp\/v2\/media?parent=30671"}],"wp:term":[{"taxonomy":"product_brand","embeddable":true,"href":"https:\/\/non-stopshop.eu\/rs\/wp-json\/wp\/v2\/product_brand?post=30671"},{"taxonomy":"product_cat","embeddable":true,"href":"https:\/\/non-stopshop.eu\/rs\/wp-json\/wp\/v2\/product_cat?post=30671"},{"taxonomy":"product_tag","embeddable":true,"href":"https:\/\/non-stopshop.eu\/rs\/wp-json\/wp\/v2\/product_tag?post=30671"}],"curies":[{"name":"wp","href":"https:\/\/api.w.org\/{rel}","templated":true}]}}