{"id":30751,"date":"2023-11-13T14:25:11","date_gmt":"2023-11-13T13:25:11","guid":{"rendered":"https:\/\/non-stopshop.eu\/rs\/?post_type=product&#038;p=30751"},"modified":"2023-12-22T11:28:10","modified_gmt":"2023-12-22T10:28:10","slug":"zanimljivi-rekvizit-za-dvoriste","status":"publish","type":"product","link":"https:\/\/non-stopshop.eu\/rs\/proizvod\/zanimljivi-rekvizit-za-dvoriste\/","title":{"rendered":"Zanimljivi rekvizit za dvori\u0161te"},"content":{"rendered":"","protected":false},"excerpt":{"rendered":"<p>Neka va\u0161e dvori\u0161te ili dom ima najstra\u0161niju dekoraciju za No\u0107 ve\u0161tica. Unikatan na\u010din ukra\u0161avanja dvori\u0161ta!<\/p>\n","protected":false},"featured_media":30760,"comment_status":"closed","ping_status":"closed","template":"","meta":{"inline_featured_image":false},"product_brand":[],"product_cat":[15,35],"product_tag":[],"class_list":{"0":"post-30751","1":"product","2":"type-product","3":"status-publish","4":"has-post-thumbnail","6":"product_cat-uncategorized","7":"product_cat-fun","9":"first","10":"instock","11":"sale","12":"taxable","13":"shipping-taxable","14":"purchasable","15":"product-type-simple"},"acf":[],"_links":{"self":[{"href":"https:\/\/non-stopshop.eu\/rs\/wp-json\/wp\/v2\/product\/30751","targetHints":{"allow":["GET"]}}],"collection":[{"href":"https:\/\/non-stopshop.eu\/rs\/wp-json\/wp\/v2\/product"}],"about":[{"href":"https:\/\/non-stopshop.eu\/rs\/wp-json\/wp\/v2\/types\/product"}],"replies":[{"embeddable":true,"href":"https:\/\/non-stopshop.eu\/rs\/wp-json\/wp\/v2\/comments?post=30751"}],"wp:featuredmedia":[{"embeddable":true,"href":"https:\/\/non-stopshop.eu\/rs\/wp-json\/wp\/v2\/media\/30760"}],"wp:attachment":[{"href":"https:\/\/non-stopshop.eu\/rs\/wp-json\/wp\/v2\/media?parent=30751"}],"wp:term":[{"taxonomy":"product_brand","embeddable":true,"href":"https:\/\/non-stopshop.eu\/rs\/wp-json\/wp\/v2\/product_brand?post=30751"},{"taxonomy":"product_cat","embeddable":true,"href":"https:\/\/non-stopshop.eu\/rs\/wp-json\/wp\/v2\/product_cat?post=30751"},{"taxonomy":"product_tag","embeddable":true,"href":"https:\/\/non-stopshop.eu\/rs\/wp-json\/wp\/v2\/product_tag?post=30751"}],"curies":[{"name":"wp","href":"https:\/\/api.w.org\/{rel}","templated":true}]}}