{"id":30875,"date":"2023-11-17T14:19:27","date_gmt":"2023-11-17T13:19:27","guid":{"rendered":"https:\/\/non-stopshop.eu\/rs\/?post_type=product&#038;p=30875"},"modified":"2023-12-22T11:26:58","modified_gmt":"2023-12-22T10:26:58","slug":"holografski-projektor-2","status":"publish","type":"product","link":"https:\/\/non-stopshop.eu\/rs\/proizvod\/holografski-projektor-2\/","title":{"rendered":"Holografski projektor"},"content":{"rendered":"","protected":false},"excerpt":{"rendered":"<p>Podignite ukra\u0161avanje ku\u0107e za praznike na vi\u0161i nivo. 12 razli\u010ditih projekcija u\u010dini\u0107e ove praznike nezaboravnim. Neka va\u0161a ku\u0107a bude najstra\u0161nija za No\u0107 ve\u0161tica i najveselija za Bo\u017ei\u0107ne praznike.<\/p>\n","protected":false},"featured_media":30879,"comment_status":"closed","ping_status":"closed","template":"","meta":{"inline_featured_image":false},"product_brand":[],"product_cat":[15,27,35],"product_tag":[],"class_list":{"0":"post-30875","1":"product","2":"type-product","3":"status-publish","4":"has-post-thumbnail","6":"product_cat-uncategorized","7":"product_cat-home","8":"product_cat-fun","10":"first","11":"instock","12":"sale","13":"taxable","14":"shipping-taxable","15":"purchasable","16":"product-type-simple"},"acf":[],"_links":{"self":[{"href":"https:\/\/non-stopshop.eu\/rs\/wp-json\/wp\/v2\/product\/30875","targetHints":{"allow":["GET"]}}],"collection":[{"href":"https:\/\/non-stopshop.eu\/rs\/wp-json\/wp\/v2\/product"}],"about":[{"href":"https:\/\/non-stopshop.eu\/rs\/wp-json\/wp\/v2\/types\/product"}],"replies":[{"embeddable":true,"href":"https:\/\/non-stopshop.eu\/rs\/wp-json\/wp\/v2\/comments?post=30875"}],"wp:featuredmedia":[{"embeddable":true,"href":"https:\/\/non-stopshop.eu\/rs\/wp-json\/wp\/v2\/media\/30879"}],"wp:attachment":[{"href":"https:\/\/non-stopshop.eu\/rs\/wp-json\/wp\/v2\/media?parent=30875"}],"wp:term":[{"taxonomy":"product_brand","embeddable":true,"href":"https:\/\/non-stopshop.eu\/rs\/wp-json\/wp\/v2\/product_brand?post=30875"},{"taxonomy":"product_cat","embeddable":true,"href":"https:\/\/non-stopshop.eu\/rs\/wp-json\/wp\/v2\/product_cat?post=30875"},{"taxonomy":"product_tag","embeddable":true,"href":"https:\/\/non-stopshop.eu\/rs\/wp-json\/wp\/v2\/product_tag?post=30875"}],"curies":[{"name":"wp","href":"https:\/\/api.w.org\/{rel}","templated":true}]}}