{"id":368,"date":"2020-12-01T13:22:17","date_gmt":"2020-12-01T12:22:17","guid":{"rendered":"https:\/\/shopium.eu\/rs\/?post_type=product&#038;p=368"},"modified":"2021-04-07T16:06:28","modified_gmt":"2021-04-07T14:06:28","slug":"multicleaner","status":"publish","type":"product","link":"https:\/\/non-stopshop.eu\/rs\/proizvod\/multicleaner\/","title":{"rendered":"Teleskopski d\u017eoger od mikrovlakana &#8211; MultiCleaner"},"content":{"rendered":"<div class=\"woocommerce-product-details__short-description\">\n<p class=\"description\">Najefikasniji na\u010din \u010di\u0161\u0107enja sa super prakti\u010dnim ArtiClean d\u017eogerom koji uz teleskopsku dr\u0161ku omogu\u0107ava lako dosezanje te\u0161ko dostupnih mesta a super kvalitetna mikrovlakna u samo jednom potezu o\u010disti\u0107e sve vrste prljav\u0161tina i pra\u0161ine bez imalo muke!<\/p>\n<\/div>\n","protected":false},"excerpt":{"rendered":"<div class=\"woocommerce-product-details__short-description\">\n<p class=\"description\">Najefikasniji na\u010din \u010di\u0161\u0107enja sa super prakti\u010dnim ArtiClean d\u017eogerom koji uz teleskopsku dr\u0161ku omogu\u0107ava lako dosezanje te\u0161ko dostupnih mesta a super kvalitetna mikrovlakna u samo jednom potezu o\u010disti\u0107e sve vrste prljav\u0161tina i pra\u0161ine bez imalo muke!<\/p>\n<\/div>\n","protected":false},"featured_media":374,"comment_status":"closed","ping_status":"closed","template":"","meta":{"inline_featured_image":false},"product_brand":[],"product_cat":[15,27],"product_tag":[],"class_list":{"0":"post-368","1":"product","2":"type-product","3":"status-publish","4":"has-post-thumbnail","6":"product_cat-uncategorized","7":"product_cat-home","9":"first","10":"instock","11":"sale","12":"taxable","13":"shipping-taxable","14":"purchasable","15":"product-type-simple"},"acf":[],"_links":{"self":[{"href":"https:\/\/non-stopshop.eu\/rs\/wp-json\/wp\/v2\/product\/368","targetHints":{"allow":["GET"]}}],"collection":[{"href":"https:\/\/non-stopshop.eu\/rs\/wp-json\/wp\/v2\/product"}],"about":[{"href":"https:\/\/non-stopshop.eu\/rs\/wp-json\/wp\/v2\/types\/product"}],"replies":[{"embeddable":true,"href":"https:\/\/non-stopshop.eu\/rs\/wp-json\/wp\/v2\/comments?post=368"}],"wp:featuredmedia":[{"embeddable":true,"href":"https:\/\/non-stopshop.eu\/rs\/wp-json\/wp\/v2\/media\/374"}],"wp:attachment":[{"href":"https:\/\/non-stopshop.eu\/rs\/wp-json\/wp\/v2\/media?parent=368"}],"wp:term":[{"taxonomy":"product_brand","embeddable":true,"href":"https:\/\/non-stopshop.eu\/rs\/wp-json\/wp\/v2\/product_brand?post=368"},{"taxonomy":"product_cat","embeddable":true,"href":"https:\/\/non-stopshop.eu\/rs\/wp-json\/wp\/v2\/product_cat?post=368"},{"taxonomy":"product_tag","embeddable":true,"href":"https:\/\/non-stopshop.eu\/rs\/wp-json\/wp\/v2\/product_tag?post=368"}],"curies":[{"name":"wp","href":"https:\/\/api.w.org\/{rel}","templated":true}]}}