{"id":379,"date":"2020-12-01T13:33:34","date_gmt":"2020-12-01T12:33:34","guid":{"rendered":"https:\/\/shopium.eu\/rs\/?post_type=product&#038;p=379"},"modified":"2021-03-19T09:40:50","modified_gmt":"2021-03-19T08:40:50","slug":"creativepen","status":"publish","type":"product","link":"https:\/\/non-stopshop.eu\/rs\/proizvod\/creativepen\/","title":{"rendered":"Pirograf za drvo &#8211; CreativePen"},"content":{"rendered":"<p>Ukoliko ste ma\u0161toviti i kreativni i volite pirografsko iscrtavanje drveta koje je zaludilo svet, sa ovim super kompletom omogu\u0107i\u0107emo vam da ovo bude jo\u0161 dodatno i super zanimljivo!<\/p>\n","protected":false},"excerpt":{"rendered":"<div class=\"woocommerce-product-details__short-description\">\n<p>Ukoliko ste ma\u0161toviti i kreativni i volite pirografsko iscrtavanje drveta koje je zaludilo svet sa ovim super kompletom omogu\u0107i\u0107e vam da ovo bude jo\u0161 dodatno super zanimljivo!<\/p>\n<\/div>\n","protected":false},"featured_media":387,"comment_status":"closed","ping_status":"closed","template":"","meta":{"inline_featured_image":false},"product_brand":[],"product_cat":[15,27,35],"product_tag":[],"class_list":{"0":"post-379","1":"product","2":"type-product","3":"status-publish","4":"has-post-thumbnail","6":"product_cat-uncategorized","7":"product_cat-home","8":"product_cat-fun","10":"first","11":"instock","12":"sale","13":"taxable","14":"shipping-taxable","15":"purchasable","16":"product-type-simple"},"acf":[],"_links":{"self":[{"href":"https:\/\/non-stopshop.eu\/rs\/wp-json\/wp\/v2\/product\/379","targetHints":{"allow":["GET"]}}],"collection":[{"href":"https:\/\/non-stopshop.eu\/rs\/wp-json\/wp\/v2\/product"}],"about":[{"href":"https:\/\/non-stopshop.eu\/rs\/wp-json\/wp\/v2\/types\/product"}],"replies":[{"embeddable":true,"href":"https:\/\/non-stopshop.eu\/rs\/wp-json\/wp\/v2\/comments?post=379"}],"wp:featuredmedia":[{"embeddable":true,"href":"https:\/\/non-stopshop.eu\/rs\/wp-json\/wp\/v2\/media\/387"}],"wp:attachment":[{"href":"https:\/\/non-stopshop.eu\/rs\/wp-json\/wp\/v2\/media?parent=379"}],"wp:term":[{"taxonomy":"product_brand","embeddable":true,"href":"https:\/\/non-stopshop.eu\/rs\/wp-json\/wp\/v2\/product_brand?post=379"},{"taxonomy":"product_cat","embeddable":true,"href":"https:\/\/non-stopshop.eu\/rs\/wp-json\/wp\/v2\/product_cat?post=379"},{"taxonomy":"product_tag","embeddable":true,"href":"https:\/\/non-stopshop.eu\/rs\/wp-json\/wp\/v2\/product_tag?post=379"}],"curies":[{"name":"wp","href":"https:\/\/api.w.org\/{rel}","templated":true}]}}