{"id":434,"date":"2020-12-02T10:54:41","date_gmt":"2020-12-02T09:54:41","guid":{"rendered":"https:\/\/shopium.eu\/rs\/?post_type=product&#038;p=434"},"modified":"2021-03-29T15:14:07","modified_gmt":"2021-03-29T13:14:07","slug":"sealerpaste","status":"publish","type":"product","link":"https:\/\/non-stopshop.eu\/rs\/proizvod\/sealerpaste\/","title":{"rendered":"Pasta za izolaciju &#8211; SealerPaste"},"content":{"rendered":"<p>Savr\u0161ena vodootporna magi\u010dna pasta predstavlja\u0107e sna\u017enog izolatora primenjivog na svim povr\u0161inama u va\u0161em domu, pa \u010dak i na mokrim povr\u0161inama. Pri tom nema neugodnih mirisa i\u00a0 \u017eutih fleka.<\/p>\n","protected":false},"excerpt":{"rendered":"<p>Savr\u0161ena vodootporna magi\u010dna pasta predstavlja\u0107e sna\u017enog izolatora primenjivog na svim povr\u0161inama u va\u0161em domu, pa \u010dak i na mokrim povr\u0161inama. Pri tom nema neugodnih mirisa i ima pigmente protiv \u017eutih fleka.<\/p>\n","protected":false},"featured_media":439,"comment_status":"closed","ping_status":"closed","template":"","meta":{"inline_featured_image":false},"product_brand":[],"product_cat":[15,27],"product_tag":[],"class_list":{"0":"post-434","1":"product","2":"type-product","3":"status-publish","4":"has-post-thumbnail","6":"product_cat-uncategorized","7":"product_cat-home","9":"first","10":"instock","11":"sale","12":"taxable","13":"shipping-taxable","14":"purchasable","15":"product-type-simple"},"acf":[],"_links":{"self":[{"href":"https:\/\/non-stopshop.eu\/rs\/wp-json\/wp\/v2\/product\/434","targetHints":{"allow":["GET"]}}],"collection":[{"href":"https:\/\/non-stopshop.eu\/rs\/wp-json\/wp\/v2\/product"}],"about":[{"href":"https:\/\/non-stopshop.eu\/rs\/wp-json\/wp\/v2\/types\/product"}],"replies":[{"embeddable":true,"href":"https:\/\/non-stopshop.eu\/rs\/wp-json\/wp\/v2\/comments?post=434"}],"wp:featuredmedia":[{"embeddable":true,"href":"https:\/\/non-stopshop.eu\/rs\/wp-json\/wp\/v2\/media\/439"}],"wp:attachment":[{"href":"https:\/\/non-stopshop.eu\/rs\/wp-json\/wp\/v2\/media?parent=434"}],"wp:term":[{"taxonomy":"product_brand","embeddable":true,"href":"https:\/\/non-stopshop.eu\/rs\/wp-json\/wp\/v2\/product_brand?post=434"},{"taxonomy":"product_cat","embeddable":true,"href":"https:\/\/non-stopshop.eu\/rs\/wp-json\/wp\/v2\/product_cat?post=434"},{"taxonomy":"product_tag","embeddable":true,"href":"https:\/\/non-stopshop.eu\/rs\/wp-json\/wp\/v2\/product_tag?post=434"}],"curies":[{"name":"wp","href":"https:\/\/api.w.org\/{rel}","templated":true}]}}