{"id":460,"date":"2020-12-02T11:01:11","date_gmt":"2020-12-02T10:01:11","guid":{"rendered":"https:\/\/shopium.eu\/rs\/?post_type=product&#038;p=460"},"modified":"2021-03-19T09:42:26","modified_gmt":"2021-03-19T08:42:26","slug":"croissantmaker","status":"publish","type":"product","link":"https:\/\/non-stopshop.eu\/rs\/proizvod\/croissantmaker\/","title":{"rendered":"Roler reza\u010d za testenine &#8211; CroissantMaker"},"content":{"rendered":"<p>Idealan, brz i o\u0161tar reza\u010d za izradu i rezanje\u00a0 ukusnih delikatesa od testa . Pobolj\u0161ajte proizvodnju iz va\u0161e kuhinje sa ovim multifunkcionalnim reza\u010dem za razli\u010dite vrste testa.<\/p>\n","protected":false},"excerpt":{"rendered":"<div class=\"woocommerce-product-details__short-description\">\n<p>Idealan, brz i o\u0161tar reza\u010d za izradu i rezanje\u00a0 ukusnih delicija od testa . Pobolj\u0161ajte proizvodnju iz va\u0161e kuhinje sa ovim multifunkcionalnim reza\u010dem za razli\u010dite vrste testenina.<\/p>\n<\/div>\n","protected":false},"featured_media":451,"comment_status":"closed","ping_status":"closed","template":"","meta":{"inline_featured_image":false},"product_brand":[],"product_cat":[15,27],"product_tag":[],"class_list":{"0":"post-460","1":"product","2":"type-product","3":"status-publish","4":"has-post-thumbnail","6":"product_cat-uncategorized","7":"product_cat-home","9":"first","10":"instock","11":"sale","12":"taxable","13":"shipping-taxable","14":"purchasable","15":"product-type-simple"},"acf":[],"_links":{"self":[{"href":"https:\/\/non-stopshop.eu\/rs\/wp-json\/wp\/v2\/product\/460","targetHints":{"allow":["GET"]}}],"collection":[{"href":"https:\/\/non-stopshop.eu\/rs\/wp-json\/wp\/v2\/product"}],"about":[{"href":"https:\/\/non-stopshop.eu\/rs\/wp-json\/wp\/v2\/types\/product"}],"replies":[{"embeddable":true,"href":"https:\/\/non-stopshop.eu\/rs\/wp-json\/wp\/v2\/comments?post=460"}],"wp:featuredmedia":[{"embeddable":true,"href":"https:\/\/non-stopshop.eu\/rs\/wp-json\/wp\/v2\/media\/451"}],"wp:attachment":[{"href":"https:\/\/non-stopshop.eu\/rs\/wp-json\/wp\/v2\/media?parent=460"}],"wp:term":[{"taxonomy":"product_brand","embeddable":true,"href":"https:\/\/non-stopshop.eu\/rs\/wp-json\/wp\/v2\/product_brand?post=460"},{"taxonomy":"product_cat","embeddable":true,"href":"https:\/\/non-stopshop.eu\/rs\/wp-json\/wp\/v2\/product_cat?post=460"},{"taxonomy":"product_tag","embeddable":true,"href":"https:\/\/non-stopshop.eu\/rs\/wp-json\/wp\/v2\/product_tag?post=460"}],"curies":[{"name":"wp","href":"https:\/\/api.w.org\/{rel}","templated":true}]}}