{"id":537,"date":"2020-12-09T11:30:31","date_gmt":"2020-12-09T10:30:31","guid":{"rendered":"https:\/\/shopium.eu\/rs\/?post_type=product&#038;p=537"},"modified":"2021-04-07T16:08:17","modified_gmt":"2021-04-07T14:08:17","slug":"bladedisk","status":"publish","type":"product","link":"https:\/\/non-stopshop.eu\/rs\/proizvod\/bladedisk\/","title":{"rendered":"Disk za se\u010du i uklanjanje drveta &#8211; BladeDisk"},"content":{"rendered":"<p>Ovim reza\u010dem mo\u017eete ise\u0107i drva za zimu, oblikovati stolariju ili jednostavno i brzo ukloniti sve dosadne i ru\u017ene neravnine od drveta u vasem dvori\u0161tu, vrtu, seoskom imanju, parku. Ovaj reza\u010d vam pru\u017ea maksimalno efikasan i profesionalan na\u010din za sve to.<\/p>\n","protected":false},"excerpt":{"rendered":"<div class=\"woocommerce-product-details__short-description\">\n<p>Ovim reza\u010dem mo\u017eete ise\u0107i drva za zimu, oblikovati stolariju ili jednostavno i brzo ukloniti sve dosadne i ru\u017ene neravnine od drveta u vasem dvori\u0161tu, vrtu, seoskom imanju, parku. Ovaj reza\u010d vam pru\u017ea maksimalno efikasan i profesionalan na\u010din za sve to.<\/p>\n<\/div>\n","protected":false},"featured_media":517,"comment_status":"closed","ping_status":"closed","template":"","meta":{"inline_featured_image":false},"product_brand":[],"product_cat":[15,27],"product_tag":[],"class_list":{"0":"post-537","1":"product","2":"type-product","3":"status-publish","4":"has-post-thumbnail","6":"product_cat-uncategorized","7":"product_cat-home","9":"first","10":"instock","11":"sale","12":"taxable","13":"shipping-taxable","14":"purchasable","15":"product-type-simple"},"acf":[],"_links":{"self":[{"href":"https:\/\/non-stopshop.eu\/rs\/wp-json\/wp\/v2\/product\/537","targetHints":{"allow":["GET"]}}],"collection":[{"href":"https:\/\/non-stopshop.eu\/rs\/wp-json\/wp\/v2\/product"}],"about":[{"href":"https:\/\/non-stopshop.eu\/rs\/wp-json\/wp\/v2\/types\/product"}],"replies":[{"embeddable":true,"href":"https:\/\/non-stopshop.eu\/rs\/wp-json\/wp\/v2\/comments?post=537"}],"wp:featuredmedia":[{"embeddable":true,"href":"https:\/\/non-stopshop.eu\/rs\/wp-json\/wp\/v2\/media\/517"}],"wp:attachment":[{"href":"https:\/\/non-stopshop.eu\/rs\/wp-json\/wp\/v2\/media?parent=537"}],"wp:term":[{"taxonomy":"product_brand","embeddable":true,"href":"https:\/\/non-stopshop.eu\/rs\/wp-json\/wp\/v2\/product_brand?post=537"},{"taxonomy":"product_cat","embeddable":true,"href":"https:\/\/non-stopshop.eu\/rs\/wp-json\/wp\/v2\/product_cat?post=537"},{"taxonomy":"product_tag","embeddable":true,"href":"https:\/\/non-stopshop.eu\/rs\/wp-json\/wp\/v2\/product_tag?post=537"}],"curies":[{"name":"wp","href":"https:\/\/api.w.org\/{rel}","templated":true}]}}