{"id":542,"date":"2020-12-09T11:46:44","date_gmt":"2020-12-09T10:46:44","guid":{"rendered":"https:\/\/shopium.eu\/rs\/?post_type=product&#038;p=542"},"modified":"2021-03-19T09:44:40","modified_gmt":"2021-03-19T08:44:40","slug":"splashfilter","status":"publish","type":"product","link":"https:\/\/non-stopshop.eu\/rs\/proizvod\/splashfilter\/","title":{"rendered":"Univerzalna slavina sa filterom protiv prskanja &#8211; SplashFilter"},"content":{"rendered":"<p>Slavina sa neprskaji\u0107im filterom omogu\u0107i\u0107e vam pre svega uredan prostor bilo da se radi o kuhinji u va\u0161oj ku\u0107i,kupatilu ili\u00a0 poslovnom objektu. Znatno olak\u0161ava svakodnevni \u017eivot, a velika je pomo\u0107 i va\u0161im mali\u0161anima koji \u0107e sami mo\u0107i da odr\u017eavaju svoju higijenu.<\/p>\n","protected":false},"excerpt":{"rendered":"<p>Slavina sa neprskaji\u0107im filterom omogu\u0107i\u0107e vam pre svega uredan prostor bilo da se radi o kuhinji u va\u0161oj ku\u0107i,kupatilu ili\u00a0 poslovnom objektu. Znatno olak\u0161ava svakodnevni \u017eivot, a velika je pomo\u0107 i va\u0161im mali\u0161anima koji \u0107e sami mo\u0107i da odr\u017eavaju svoju higijenu.<\/p>\n","protected":false},"featured_media":526,"comment_status":"closed","ping_status":"closed","template":"","meta":{"inline_featured_image":false},"product_brand":[],"product_cat":[15,27],"product_tag":[],"class_list":{"0":"post-542","1":"product","2":"type-product","3":"status-publish","4":"has-post-thumbnail","6":"product_cat-uncategorized","7":"product_cat-home","9":"first","10":"instock","11":"sale","12":"taxable","13":"shipping-taxable","14":"purchasable","15":"product-type-simple"},"acf":[],"_links":{"self":[{"href":"https:\/\/non-stopshop.eu\/rs\/wp-json\/wp\/v2\/product\/542","targetHints":{"allow":["GET"]}}],"collection":[{"href":"https:\/\/non-stopshop.eu\/rs\/wp-json\/wp\/v2\/product"}],"about":[{"href":"https:\/\/non-stopshop.eu\/rs\/wp-json\/wp\/v2\/types\/product"}],"replies":[{"embeddable":true,"href":"https:\/\/non-stopshop.eu\/rs\/wp-json\/wp\/v2\/comments?post=542"}],"wp:featuredmedia":[{"embeddable":true,"href":"https:\/\/non-stopshop.eu\/rs\/wp-json\/wp\/v2\/media\/526"}],"wp:attachment":[{"href":"https:\/\/non-stopshop.eu\/rs\/wp-json\/wp\/v2\/media?parent=542"}],"wp:term":[{"taxonomy":"product_brand","embeddable":true,"href":"https:\/\/non-stopshop.eu\/rs\/wp-json\/wp\/v2\/product_brand?post=542"},{"taxonomy":"product_cat","embeddable":true,"href":"https:\/\/non-stopshop.eu\/rs\/wp-json\/wp\/v2\/product_cat?post=542"},{"taxonomy":"product_tag","embeddable":true,"href":"https:\/\/non-stopshop.eu\/rs\/wp-json\/wp\/v2\/product_tag?post=542"}],"curies":[{"name":"wp","href":"https:\/\/api.w.org\/{rel}","templated":true}]}}