{"id":104,"date":"2020-10-28T10:57:46","date_gmt":"2020-10-28T10:57:46","guid":{"rendered":"https:\/\/shopium.eu\/si\/?page_id=104"},"modified":"2023-09-14T14:48:26","modified_gmt":"2023-09-14T12:48:26","slug":"o-nas","status":"publish","type":"page","link":"https:\/\/non-stopshop.eu\/si\/o-nas\/","title":{"rendered":"O nas"},"content":{"rendered":"<p>Na\u0161e razmi\u0161ljanje skozi prizmo BRAND-a &#8211; kdo smo in zakaj obstajamo tako dolgo?<\/p>\n<p>V dana\u0161njem natrpanem \u017eivljenjskem slogu vsako podjetje temelji predvsem na doseganju \u010dim vi\u0161jih dobi\u010dkov. A z dinami\u010dnimi spremembami v svetu se vse spreminja in zgolj dobi\u010dek ni ve\u010d zadosten cilj. V\u010dasih je najbolje pogledati stvari z drugega zornega kota, pogosto bolj realisti\u010dno, da vidimo, kaj je v resnici potrebno, da pride\u0161 na naslednjo stopnjo. Zato smo v letu 2018 za\u010deli s tr\u017eno raziskavo in ankete, ki smo jih izvedli, so bile namenjene odkrivanju, kaj ljudje zares najbolj potrebujejo v vsakdanjem \u017eivljenju, in temu prilagodili na\u0161 poslovni model.<\/p>\n<p>Na\u0161 cilj:<\/p>\n<p>Globalni spletni trg je preplavljen z neskon\u010dno mno\u017eico izdelkov, ki se ponujajo z vseh strani, naro\u010danje le-teh pa predstavlja velik problem in zme\u0161njavo, zato se ljudje pogosto neradi odlo\u010damo za spletne nakupe. Te\u017eko je lo\u010diti, katera spletna trgovina ima dobro razvit poslovni model in organizacijo na visoki ravni, kjer je na prvem mestu stranka in varno nakupovanje!<br \/>\nVse to ne sme biti razlog, da si odrekamo veselje do nakupovanja stvari, ki so na voljo samo na spletu. In zato smo tukaj, ker slu\u017eimo kot filter in varna mo\u017enost za radovedne\u017ee, kot smo mi.<br \/>\nV skladu z globalnim spletnim trgom, ki ga nenehno spremljamo, \u017eelimo na enem mestu zbrati vse najbolj\u0161e, najbolj priljubljene in najbolj potrebne izdelke, ki vas bodo osre\u010dili in olaj\u0161ali va\u0161 vsakdan.<br \/>\nEden od parametrov, ki se je med na\u0161o raziskavo izkazal za najpomembnej\u0161ega, je hitra dostava, zato so vsi izdelki, ki jih imamo na spletni strani, fizi\u010dno v na\u0161ih skladi\u0161\u010dih v Evropi, da so dobavljivi takoj!<br \/>\nNajpomembnej\u0161a je seveda kakovost izdelka, zato vsak izdelek pred dajanjem na trg natan\u010dno testiramo in preverimo vse funkcionalnosti, da izdelek dejansko ustreza prikazanim standardom kakovosti.<\/p>\n<p>Na\u0161 moto:<br \/>\nZa vas i\u0161\u010demo trg in najdemo va\u0161e najljub\u0161e izdelke \u2013 brez kakr\u0161nega koli tveganja z va\u0161e strani!<\/p>\n<p>&nbsp;<\/p>\n<p style=\"text-align: left\"><strong>ECTCEU d.o.o.<\/strong><\/p>\n<p style=\"text-align: left\"><strong>Kamni\u0161ka cesta 24, 1235 Radomlje, Slovenia <\/strong><\/p>\n<p><strong>Dav\u010dna \u0161tevilka: 37400233<\/strong><\/p>\n<p><strong>Registrska \u0161tevilka:\u00a0 8477493000<\/strong><\/p>\n","protected":false},"excerpt":{"rendered":"<p>Na\u0161e razmi\u0161ljanje skozi prizmo BRAND-a &#8211; kdo smo in zakaj obstajamo tako dolgo? V dana\u0161njem natrpanem \u017eivljenjskem slogu vsako podjetje temelji predvsem na doseganju \u010dim vi\u0161jih dobi\u010dkov. A z dinami\u010dnimi spremembami v svetu se vse spreminja in zgolj dobi\u010dek ni ve\u010d zadosten cilj. V\u010dasih je najbolje pogledati stvari z drugega zornega kota, pogosto bolj realisti\u010dno, &hellip; <a href=\"https:\/\/non-stopshop.eu\/si\/o-nas\/\">Continued<\/a><\/p>\n","protected":false},"author":1,"featured_media":0,"parent":0,"menu_order":0,"comment_status":"closed","ping_status":"closed","template":"","meta":{"inline_featured_image":false,"footnotes":""},"class_list":["post-104","page","type-page","status-publish","hentry"],"acf":[],"_links":{"self":[{"href":"https:\/\/non-stopshop.eu\/si\/wp-json\/wp\/v2\/pages\/104","targetHints":{"allow":["GET"]}}],"collection":[{"href":"https:\/\/non-stopshop.eu\/si\/wp-json\/wp\/v2\/pages"}],"about":[{"href":"https:\/\/non-stopshop.eu\/si\/wp-json\/wp\/v2\/types\/page"}],"author":[{"embeddable":true,"href":"https:\/\/non-stopshop.eu\/si\/wp-json\/wp\/v2\/users\/1"}],"replies":[{"embeddable":true,"href":"https:\/\/non-stopshop.eu\/si\/wp-json\/wp\/v2\/comments?post=104"}],"version-history":[{"count":5,"href":"https:\/\/non-stopshop.eu\/si\/wp-json\/wp\/v2\/pages\/104\/revisions"}],"predecessor-version":[{"id":1065,"href":"https:\/\/non-stopshop.eu\/si\/wp-json\/wp\/v2\/pages\/104\/revisions\/1065"}],"wp:attachment":[{"href":"https:\/\/non-stopshop.eu\/si\/wp-json\/wp\/v2\/media?parent=104"}],"curies":[{"name":"wp","href":"https:\/\/api.w.org\/{rel}","templated":true}]}}