{"id":98,"date":"2020-10-28T10:57:05","date_gmt":"2020-10-28T10:57:05","guid":{"rendered":"https:\/\/shopium.eu\/si\/?page_id=98"},"modified":"2023-09-14T15:01:00","modified_gmt":"2023-09-14T13:01:00","slug":"dostava-in-nacin-placila","status":"publish","type":"page","link":"https:\/\/non-stopshop.eu\/si\/dostava-in-nacin-placila\/","title":{"rendered":"Dostava in na\u010din pla\u010dila"},"content":{"rendered":"<p>Dostava in na\u010din pla\u010dila<\/p>\n<p>Dostava<\/p>\n<p>Vsi izdelki, prikazani na na\u0161i spletni strani, so tudi na na\u0161i zalogi. Pri nakupu je kupec dol\u017ean poravnati stro\u0161ke po\u0161iljanja ob prevzemu blaga, razen pri naro\u010dilu posameznih izdelkov, na katerih je navedena oznaka: &#8220;po\u0161tnina je vklju\u010dena v ceno&#8221; ali &#8220;brezpla\u010dna dostava&#8221;. Za dostavo naro\u010dil uporabljamo dostavno slu\u017ebo Po\u0161te Slovenije. Z vsemi omenjenimi kurirskimi slu\u017ebami imamo podpisano pogodbo o poslovnem sodelovanju. Dobavni rok naro\u010denih izdelkov traja od 2 do 4 delovnih dni. Naro\u010dene izdelke dostavimo na naslov, ki ste ga navedli kot naslov za dostavo.<\/p>\n<p>&nbsp;<\/p>\n<p>Sledenje po\u0161iljk<\/p>\n<p>Svojo po\u0161iljko lahko spremljate preko te povezave <a href=\"https:\/\/sledenje.posta.si\">SI\/sl\/sledenje-posiljki<\/a><\/p>\n<p>&nbsp;<\/p>\n<p>Pla\u010dilo<\/p>\n<p>Ponujamo vam ve\u010d mo\u017enosti pla\u010dila. Izdelek lahko pla\u010date preko PayPala, kreditne kartice ali po povzetju.<\/p>\n","protected":false},"excerpt":{"rendered":"<p>Dostava in na\u010din pla\u010dila Dostava Vsi izdelki, prikazani na na\u0161i spletni strani, so tudi na na\u0161i zalogi. Pri nakupu je kupec dol\u017ean poravnati stro\u0161ke po\u0161iljanja ob prevzemu blaga, razen pri naro\u010dilu posameznih izdelkov, na katerih je navedena oznaka: &#8220;po\u0161tnina je vklju\u010dena v ceno&#8221; ali &#8220;brezpla\u010dna dostava&#8221;. Za dostavo naro\u010dil uporabljamo dostavno slu\u017ebo Po\u0161te Slovenije. Z &hellip; <a href=\"https:\/\/non-stopshop.eu\/si\/dostava-in-nacin-placila\/\">Continued<\/a><\/p>\n","protected":false},"author":1,"featured_media":0,"parent":0,"menu_order":0,"comment_status":"closed","ping_status":"closed","template":"","meta":{"inline_featured_image":false,"footnotes":""},"class_list":["post-98","page","type-page","status-publish","hentry"],"acf":[],"_links":{"self":[{"href":"https:\/\/non-stopshop.eu\/si\/wp-json\/wp\/v2\/pages\/98","targetHints":{"allow":["GET"]}}],"collection":[{"href":"https:\/\/non-stopshop.eu\/si\/wp-json\/wp\/v2\/pages"}],"about":[{"href":"https:\/\/non-stopshop.eu\/si\/wp-json\/wp\/v2\/types\/page"}],"author":[{"embeddable":true,"href":"https:\/\/non-stopshop.eu\/si\/wp-json\/wp\/v2\/users\/1"}],"replies":[{"embeddable":true,"href":"https:\/\/non-stopshop.eu\/si\/wp-json\/wp\/v2\/comments?post=98"}],"version-history":[{"count":4,"href":"https:\/\/non-stopshop.eu\/si\/wp-json\/wp\/v2\/pages\/98\/revisions"}],"predecessor-version":[{"id":1068,"href":"https:\/\/non-stopshop.eu\/si\/wp-json\/wp\/v2\/pages\/98\/revisions\/1068"}],"wp:attachment":[{"href":"https:\/\/non-stopshop.eu\/si\/wp-json\/wp\/v2\/media?parent=98"}],"curies":[{"name":"wp","href":"https:\/\/api.w.org\/{rel}","templated":true}]}}