{"id":1033,"date":"2023-08-11T14:53:25","date_gmt":"2023-08-11T12:53:25","guid":{"rendered":"https:\/\/non-stopshop.eu\/si\/?post_type=product&#038;p=1033"},"modified":"2023-08-11T17:20:01","modified_gmt":"2023-08-11T15:20:01","slug":"trenazer-za-pas","status":"publish","type":"product","link":"https:\/\/non-stopshop.eu\/si\/proizvod\/trenazer-za-pas\/","title":{"rendered":"Trena\u017eer za pas"},"content":{"rendered":"","protected":false},"excerpt":{"rendered":"<p>Udoben in zra\u010den elasti\u010dni trak za pas in hrbet vam nudi ob\u010dutek varnosti in lahkotnosti pri gibanju. Zmanj\u0161uje bole\u010dine v hrbtu ter pospe\u0161uje kurjenje kalorij, celulit pa izgine kar 2-3 krat hitreje s pomo\u010djo tega traku.<\/p>\n","protected":false},"featured_media":1042,"comment_status":"closed","ping_status":"closed","template":"","meta":{"inline_featured_image":false},"product_brand":[],"product_cat":[15,28,26],"product_tag":[],"class_list":{"0":"post-1033","1":"product","2":"type-product","3":"status-publish","4":"has-post-thumbnail","6":"product_cat-uncategorized","7":"product_cat-beauty","8":"product_cat-health","10":"first","11":"instock","12":"sale","13":"taxable","14":"shipping-taxable","15":"purchasable","16":"product-type-simple"},"acf":[],"_links":{"self":[{"href":"https:\/\/non-stopshop.eu\/si\/wp-json\/wp\/v2\/product\/1033","targetHints":{"allow":["GET"]}}],"collection":[{"href":"https:\/\/non-stopshop.eu\/si\/wp-json\/wp\/v2\/product"}],"about":[{"href":"https:\/\/non-stopshop.eu\/si\/wp-json\/wp\/v2\/types\/product"}],"replies":[{"embeddable":true,"href":"https:\/\/non-stopshop.eu\/si\/wp-json\/wp\/v2\/comments?post=1033"}],"wp:featuredmedia":[{"embeddable":true,"href":"https:\/\/non-stopshop.eu\/si\/wp-json\/wp\/v2\/media\/1042"}],"wp:attachment":[{"href":"https:\/\/non-stopshop.eu\/si\/wp-json\/wp\/v2\/media?parent=1033"}],"wp:term":[{"taxonomy":"product_brand","embeddable":true,"href":"https:\/\/non-stopshop.eu\/si\/wp-json\/wp\/v2\/product_brand?post=1033"},{"taxonomy":"product_cat","embeddable":true,"href":"https:\/\/non-stopshop.eu\/si\/wp-json\/wp\/v2\/product_cat?post=1033"},{"taxonomy":"product_tag","embeddable":true,"href":"https:\/\/non-stopshop.eu\/si\/wp-json\/wp\/v2\/product_tag?post=1033"}],"curies":[{"name":"wp","href":"https:\/\/api.w.org\/{rel}","templated":true}]}}