{"id":1088,"date":"2023-09-21T11:21:45","date_gmt":"2023-09-21T09:21:45","guid":{"rendered":"https:\/\/non-stopshop.eu\/si\/?post_type=product&#038;p=1088"},"modified":"2023-09-28T10:23:18","modified_gmt":"2023-09-28T08:23:18","slug":"zanimiv-rekvizit-za-dvorisce","status":"publish","type":"product","link":"https:\/\/non-stopshop.eu\/si\/proizvod\/zanimiv-rekvizit-za-dvorisce\/","title":{"rendered":"Zanimiv rekvizit za dvori\u0161\u010de"},"content":{"rendered":"","protected":false},"excerpt":{"rendered":"<p>Naj bo va\u0161e dvori\u0161\u010de ali dom okra\u0161en z najbolj stra\u0161ljivo dekoracijo za No\u010d \u010darovnic. Edinstven na\u010din okra\u0161evanja dvori\u0161\u010da!<\/p>\n","protected":false},"featured_media":1096,"comment_status":"closed","ping_status":"closed","template":"","meta":{"inline_featured_image":false},"product_brand":[],"product_cat":[15,44],"product_tag":[],"class_list":{"0":"post-1088","1":"product","2":"type-product","3":"status-publish","4":"has-post-thumbnail","6":"product_cat-uncategorized","7":"product_cat-zabava","9":"first","10":"instock","11":"sale","12":"taxable","13":"shipping-taxable","14":"purchasable","15":"product-type-simple"},"acf":[],"_links":{"self":[{"href":"https:\/\/non-stopshop.eu\/si\/wp-json\/wp\/v2\/product\/1088","targetHints":{"allow":["GET"]}}],"collection":[{"href":"https:\/\/non-stopshop.eu\/si\/wp-json\/wp\/v2\/product"}],"about":[{"href":"https:\/\/non-stopshop.eu\/si\/wp-json\/wp\/v2\/types\/product"}],"replies":[{"embeddable":true,"href":"https:\/\/non-stopshop.eu\/si\/wp-json\/wp\/v2\/comments?post=1088"}],"wp:featuredmedia":[{"embeddable":true,"href":"https:\/\/non-stopshop.eu\/si\/wp-json\/wp\/v2\/media\/1096"}],"wp:attachment":[{"href":"https:\/\/non-stopshop.eu\/si\/wp-json\/wp\/v2\/media?parent=1088"}],"wp:term":[{"taxonomy":"product_brand","embeddable":true,"href":"https:\/\/non-stopshop.eu\/si\/wp-json\/wp\/v2\/product_brand?post=1088"},{"taxonomy":"product_cat","embeddable":true,"href":"https:\/\/non-stopshop.eu\/si\/wp-json\/wp\/v2\/product_cat?post=1088"},{"taxonomy":"product_tag","embeddable":true,"href":"https:\/\/non-stopshop.eu\/si\/wp-json\/wp\/v2\/product_tag?post=1088"}],"curies":[{"name":"wp","href":"https:\/\/api.w.org\/{rel}","templated":true}]}}