{"id":828,"date":"2022-07-01T13:28:13","date_gmt":"2022-07-01T11:28:13","guid":{"rendered":"https:\/\/non-stopshop.eu\/si\/?post_type=product&#038;p=828"},"modified":"2023-09-25T15:02:08","modified_gmt":"2023-09-25T13:02:08","slug":"rolo-sencnik-za-avtomobile-in-okna","status":"publish","type":"product","link":"https:\/\/non-stopshop.eu\/si\/proizvod\/rolo-sencnik-za-avtomobile-in-okna\/","title":{"rendered":"Rolo sen\u010dnik za avtomobile in okna"},"content":{"rendered":"","protected":false},"excerpt":{"rendered":"<p>Zmanj\u0161ajte UV \u017earke in son\u010dno svetlobo v svojem avtomobilu in naj bo vo\u017enja bolj prijetna. Uporabite sen\u010dnik za vse prostore, kjer ga potrebujete!<\/p>\n","protected":false},"featured_media":837,"comment_status":"closed","ping_status":"closed","template":"","meta":{"inline_featured_image":false},"product_brand":[],"product_cat":[15,25,27],"product_tag":[],"class_list":{"0":"post-828","1":"product","2":"type-product","3":"status-publish","4":"has-post-thumbnail","6":"product_cat-uncategorized","7":"product_cat-car","8":"product_cat-home","10":"first","11":"instock","12":"sale","13":"taxable","14":"shipping-taxable","15":"purchasable","16":"product-type-simple"},"acf":[],"_links":{"self":[{"href":"https:\/\/non-stopshop.eu\/si\/wp-json\/wp\/v2\/product\/828","targetHints":{"allow":["GET"]}}],"collection":[{"href":"https:\/\/non-stopshop.eu\/si\/wp-json\/wp\/v2\/product"}],"about":[{"href":"https:\/\/non-stopshop.eu\/si\/wp-json\/wp\/v2\/types\/product"}],"replies":[{"embeddable":true,"href":"https:\/\/non-stopshop.eu\/si\/wp-json\/wp\/v2\/comments?post=828"}],"wp:featuredmedia":[{"embeddable":true,"href":"https:\/\/non-stopshop.eu\/si\/wp-json\/wp\/v2\/media\/837"}],"wp:attachment":[{"href":"https:\/\/non-stopshop.eu\/si\/wp-json\/wp\/v2\/media?parent=828"}],"wp:term":[{"taxonomy":"product_brand","embeddable":true,"href":"https:\/\/non-stopshop.eu\/si\/wp-json\/wp\/v2\/product_brand?post=828"},{"taxonomy":"product_cat","embeddable":true,"href":"https:\/\/non-stopshop.eu\/si\/wp-json\/wp\/v2\/product_cat?post=828"},{"taxonomy":"product_tag","embeddable":true,"href":"https:\/\/non-stopshop.eu\/si\/wp-json\/wp\/v2\/product_tag?post=828"}],"curies":[{"name":"wp","href":"https:\/\/api.w.org\/{rel}","templated":true}]}}