{"id":847,"date":"2022-07-01T13:44:05","date_gmt":"2022-07-01T11:44:05","guid":{"rendered":"https:\/\/non-stopshop.eu\/si\/?post_type=product&#038;p=847"},"modified":"2023-12-18T09:17:25","modified_gmt":"2023-12-18T08:17:25","slug":"montessori-tiha-knjiga-za-otroke","status":"publish","type":"product","link":"https:\/\/non-stopshop.eu\/si\/proizvod\/montessori-tiha-knjiga-za-otroke\/","title":{"rendered":"Montessori tiha knjiga za otroke"},"content":{"rendered":"","protected":false},"excerpt":{"rendered":"<p>Knjige po Montessori metodah za razvoj otrok, njihovih ve\u0161\u010din, \u010dutil in domi\u0161ljije navdu\u0161ijo vsakega otroka in jim olaj\u0161ajo u\u010denje skozi igro.<\/p>\n","protected":false},"featured_media":859,"comment_status":"closed","ping_status":"closed","template":"","meta":{"inline_featured_image":false},"product_brand":[],"product_cat":[15,44],"product_tag":[],"class_list":{"0":"post-847","1":"product","2":"type-product","3":"status-publish","4":"has-post-thumbnail","6":"product_cat-uncategorized","7":"product_cat-zabava","9":"first","10":"instock","11":"sale","12":"taxable","13":"shipping-taxable","14":"purchasable","15":"product-type-variable"},"acf":[],"_links":{"self":[{"href":"https:\/\/non-stopshop.eu\/si\/wp-json\/wp\/v2\/product\/847","targetHints":{"allow":["GET"]}}],"collection":[{"href":"https:\/\/non-stopshop.eu\/si\/wp-json\/wp\/v2\/product"}],"about":[{"href":"https:\/\/non-stopshop.eu\/si\/wp-json\/wp\/v2\/types\/product"}],"replies":[{"embeddable":true,"href":"https:\/\/non-stopshop.eu\/si\/wp-json\/wp\/v2\/comments?post=847"}],"wp:featuredmedia":[{"embeddable":true,"href":"https:\/\/non-stopshop.eu\/si\/wp-json\/wp\/v2\/media\/859"}],"wp:attachment":[{"href":"https:\/\/non-stopshop.eu\/si\/wp-json\/wp\/v2\/media?parent=847"}],"wp:term":[{"taxonomy":"product_brand","embeddable":true,"href":"https:\/\/non-stopshop.eu\/si\/wp-json\/wp\/v2\/product_brand?post=847"},{"taxonomy":"product_cat","embeddable":true,"href":"https:\/\/non-stopshop.eu\/si\/wp-json\/wp\/v2\/product_cat?post=847"},{"taxonomy":"product_tag","embeddable":true,"href":"https:\/\/non-stopshop.eu\/si\/wp-json\/wp\/v2\/product_tag?post=847"}],"curies":[{"name":"wp","href":"https:\/\/api.w.org\/{rel}","templated":true}]}}