{"id":879,"date":"2023-08-09T11:34:49","date_gmt":"2023-08-09T09:34:49","guid":{"rendered":"https:\/\/non-stopshop.eu\/si\/?post_type=product&#038;p=879"},"modified":"2023-09-19T12:51:19","modified_gmt":"2023-09-19T10:51:19","slug":"2-v-1-transformacijski-tovornjak","status":"publish","type":"product","link":"https:\/\/non-stopshop.eu\/si\/proizvod\/2-v-1-transformacijski-tovornjak\/","title":{"rendered":"2 v 1 Transformacijski tovornjak"},"content":{"rendered":"","protected":false},"excerpt":{"rendered":"<p>Mega tovornjak za avtomobil\u010dke s skritimi stezami je popolna igra\u010da za va\u0161e najmlaj\u0161e. Idealna igra\u010da za fantke v vseh prilo\u017enostih.<\/p>\n","protected":false},"featured_media":882,"comment_status":"closed","ping_status":"closed","template":"","meta":{"inline_featured_image":false},"product_brand":[],"product_cat":[15,44],"product_tag":[],"class_list":{"0":"post-879","1":"product","2":"type-product","3":"status-publish","4":"has-post-thumbnail","6":"product_cat-uncategorized","7":"product_cat-zabava","9":"first","10":"instock","11":"sale","12":"taxable","13":"shipping-taxable","14":"purchasable","15":"product-type-simple"},"acf":[],"_links":{"self":[{"href":"https:\/\/non-stopshop.eu\/si\/wp-json\/wp\/v2\/product\/879","targetHints":{"allow":["GET"]}}],"collection":[{"href":"https:\/\/non-stopshop.eu\/si\/wp-json\/wp\/v2\/product"}],"about":[{"href":"https:\/\/non-stopshop.eu\/si\/wp-json\/wp\/v2\/types\/product"}],"replies":[{"embeddable":true,"href":"https:\/\/non-stopshop.eu\/si\/wp-json\/wp\/v2\/comments?post=879"}],"wp:featuredmedia":[{"embeddable":true,"href":"https:\/\/non-stopshop.eu\/si\/wp-json\/wp\/v2\/media\/882"}],"wp:attachment":[{"href":"https:\/\/non-stopshop.eu\/si\/wp-json\/wp\/v2\/media?parent=879"}],"wp:term":[{"taxonomy":"product_brand","embeddable":true,"href":"https:\/\/non-stopshop.eu\/si\/wp-json\/wp\/v2\/product_brand?post=879"},{"taxonomy":"product_cat","embeddable":true,"href":"https:\/\/non-stopshop.eu\/si\/wp-json\/wp\/v2\/product_cat?post=879"},{"taxonomy":"product_tag","embeddable":true,"href":"https:\/\/non-stopshop.eu\/si\/wp-json\/wp\/v2\/product_tag?post=879"}],"curies":[{"name":"wp","href":"https:\/\/api.w.org\/{rel}","templated":true}]}}