{"id":891,"date":"2023-08-09T11:46:55","date_gmt":"2023-08-09T09:46:55","guid":{"rendered":"https:\/\/non-stopshop.eu\/si\/?post_type=product&#038;p=891"},"modified":"2023-09-25T15:03:04","modified_gmt":"2023-09-25T13:03:04","slug":"brezzicni-rocni-sesalnik","status":"publish","type":"product","link":"https:\/\/non-stopshop.eu\/si\/proizvod\/brezzicni-rocni-sesalnik\/","title":{"rendered":"Brez\u017ei\u010dni ro\u010dni sesalnik"},"content":{"rendered":"","protected":false},"excerpt":{"rendered":"<p>Lahek ro\u010dni sesalnik z mo\u010dnim sesalnim u\u010dinkom je idealen pomo\u010dnik v vsakem domu, na delovnem mestu ali v avtomobilu. Re\u0161ite se ne\u010disto\u010d in umazanije v nekaj potezah s tem vrhunskim sesalnikom.<\/p>\n","protected":false},"featured_media":898,"comment_status":"closed","ping_status":"closed","template":"","meta":{"inline_featured_image":false},"product_brand":[],"product_cat":[15,27],"product_tag":[],"class_list":{"0":"post-891","1":"product","2":"type-product","3":"status-publish","4":"has-post-thumbnail","6":"product_cat-uncategorized","7":"product_cat-home","9":"first","10":"instock","11":"sale","12":"taxable","13":"shipping-taxable","14":"purchasable","15":"product-type-simple"},"acf":[],"_links":{"self":[{"href":"https:\/\/non-stopshop.eu\/si\/wp-json\/wp\/v2\/product\/891","targetHints":{"allow":["GET"]}}],"collection":[{"href":"https:\/\/non-stopshop.eu\/si\/wp-json\/wp\/v2\/product"}],"about":[{"href":"https:\/\/non-stopshop.eu\/si\/wp-json\/wp\/v2\/types\/product"}],"replies":[{"embeddable":true,"href":"https:\/\/non-stopshop.eu\/si\/wp-json\/wp\/v2\/comments?post=891"}],"wp:featuredmedia":[{"embeddable":true,"href":"https:\/\/non-stopshop.eu\/si\/wp-json\/wp\/v2\/media\/898"}],"wp:attachment":[{"href":"https:\/\/non-stopshop.eu\/si\/wp-json\/wp\/v2\/media?parent=891"}],"wp:term":[{"taxonomy":"product_brand","embeddable":true,"href":"https:\/\/non-stopshop.eu\/si\/wp-json\/wp\/v2\/product_brand?post=891"},{"taxonomy":"product_cat","embeddable":true,"href":"https:\/\/non-stopshop.eu\/si\/wp-json\/wp\/v2\/product_cat?post=891"},{"taxonomy":"product_tag","embeddable":true,"href":"https:\/\/non-stopshop.eu\/si\/wp-json\/wp\/v2\/product_tag?post=891"}],"curies":[{"name":"wp","href":"https:\/\/api.w.org\/{rel}","templated":true}]}}