{"id":954,"date":"2023-08-09T14:45:53","date_gmt":"2023-08-09T12:45:53","guid":{"rendered":"https:\/\/non-stopshop.eu\/si\/?post_type=product&#038;p=954"},"modified":"2023-10-05T10:19:09","modified_gmt":"2023-10-05T08:19:09","slug":"montessori-ustvarjalni-set-za-vbadajoce-slikanje","status":"publish","type":"product","link":"https:\/\/non-stopshop.eu\/si\/proizvod\/montessori-ustvarjalni-set-za-vbadajoce-slikanje\/","title":{"rendered":"Montessori ustvarjalni set za vbadajo\u010de slikanje"},"content":{"rendered":"","protected":false},"excerpt":{"rendered":"<p>Dajte otrokom prilo\u017enost izraziti svojo ustvarjalnost s tem fantasti\u010dnim setom za izvirno slikanje. Posebna tehnika vbadajo\u010dega slikanja bo navdu\u0161ila vsakega otroka!<\/p>\n","protected":false},"featured_media":959,"comment_status":"closed","ping_status":"closed","template":"","meta":{"inline_featured_image":false},"product_brand":[],"product_cat":[15,44],"product_tag":[],"class_list":{"0":"post-954","1":"product","2":"type-product","3":"status-publish","4":"has-post-thumbnail","6":"product_cat-uncategorized","7":"product_cat-zabava","9":"first","10":"instock","11":"sale","12":"taxable","13":"shipping-taxable","14":"purchasable","15":"product-type-simple"},"acf":[],"_links":{"self":[{"href":"https:\/\/non-stopshop.eu\/si\/wp-json\/wp\/v2\/product\/954","targetHints":{"allow":["GET"]}}],"collection":[{"href":"https:\/\/non-stopshop.eu\/si\/wp-json\/wp\/v2\/product"}],"about":[{"href":"https:\/\/non-stopshop.eu\/si\/wp-json\/wp\/v2\/types\/product"}],"replies":[{"embeddable":true,"href":"https:\/\/non-stopshop.eu\/si\/wp-json\/wp\/v2\/comments?post=954"}],"wp:featuredmedia":[{"embeddable":true,"href":"https:\/\/non-stopshop.eu\/si\/wp-json\/wp\/v2\/media\/959"}],"wp:attachment":[{"href":"https:\/\/non-stopshop.eu\/si\/wp-json\/wp\/v2\/media?parent=954"}],"wp:term":[{"taxonomy":"product_brand","embeddable":true,"href":"https:\/\/non-stopshop.eu\/si\/wp-json\/wp\/v2\/product_brand?post=954"},{"taxonomy":"product_cat","embeddable":true,"href":"https:\/\/non-stopshop.eu\/si\/wp-json\/wp\/v2\/product_cat?post=954"},{"taxonomy":"product_tag","embeddable":true,"href":"https:\/\/non-stopshop.eu\/si\/wp-json\/wp\/v2\/product_tag?post=954"}],"curies":[{"name":"wp","href":"https:\/\/api.w.org\/{rel}","templated":true}]}}