{"id":967,"date":"2023-08-10T11:20:39","date_gmt":"2023-08-10T09:20:39","guid":{"rendered":"https:\/\/non-stopshop.eu\/si\/?post_type=product&#038;p=967"},"modified":"2023-11-10T12:16:01","modified_gmt":"2023-11-10T11:16:01","slug":"montessori-magnetna-igra-sortiranja-stevilk-in-barv","status":"publish","type":"product","link":"https:\/\/non-stopshop.eu\/si\/proizvod\/montessori-magnetna-igra-sortiranja-stevilk-in-barv\/","title":{"rendered":"Montessori magnetna igra sortiranja \u0161tevilk in barv"},"content":{"rendered":"","protected":false},"excerpt":{"rendered":"<p>Igra\u010da labirint z magneti &#8211; odli\u010dna za razvijanje motori\u010dnih sposobnosti, u\u010denje barv, \u0161tevil ter urjenje natan\u010dnosti in potrpe\u017eljivosti!<\/p>\n","protected":false},"featured_media":980,"comment_status":"closed","ping_status":"closed","template":"","meta":{"inline_featured_image":false},"product_brand":[],"product_cat":[15,44],"product_tag":[],"class_list":{"0":"post-967","1":"product","2":"type-product","3":"status-publish","4":"has-post-thumbnail","6":"product_cat-uncategorized","7":"product_cat-zabava","9":"first","10":"instock","11":"sale","12":"taxable","13":"shipping-taxable","14":"purchasable","15":"product-type-simple"},"acf":[],"_links":{"self":[{"href":"https:\/\/non-stopshop.eu\/si\/wp-json\/wp\/v2\/product\/967","targetHints":{"allow":["GET"]}}],"collection":[{"href":"https:\/\/non-stopshop.eu\/si\/wp-json\/wp\/v2\/product"}],"about":[{"href":"https:\/\/non-stopshop.eu\/si\/wp-json\/wp\/v2\/types\/product"}],"replies":[{"embeddable":true,"href":"https:\/\/non-stopshop.eu\/si\/wp-json\/wp\/v2\/comments?post=967"}],"wp:featuredmedia":[{"embeddable":true,"href":"https:\/\/non-stopshop.eu\/si\/wp-json\/wp\/v2\/media\/980"}],"wp:attachment":[{"href":"https:\/\/non-stopshop.eu\/si\/wp-json\/wp\/v2\/media?parent=967"}],"wp:term":[{"taxonomy":"product_brand","embeddable":true,"href":"https:\/\/non-stopshop.eu\/si\/wp-json\/wp\/v2\/product_brand?post=967"},{"taxonomy":"product_cat","embeddable":true,"href":"https:\/\/non-stopshop.eu\/si\/wp-json\/wp\/v2\/product_cat?post=967"},{"taxonomy":"product_tag","embeddable":true,"href":"https:\/\/non-stopshop.eu\/si\/wp-json\/wp\/v2\/product_tag?post=967"}],"curies":[{"name":"wp","href":"https:\/\/api.w.org\/{rel}","templated":true}]}}