{"id":100,"date":"2020-10-28T10:57:15","date_gmt":"2020-10-28T10:57:15","guid":{"rendered":"https:\/\/shopium.eu\/rs\/?page_id=100"},"modified":"2023-04-25T15:14:12","modified_gmt":"2023-04-25T13:14:12","slug":"uslovi-poslovanja","status":"publish","type":"page","link":"https:\/\/non-stopshop.eu\/sk\/uslovi-poslovanja\/","title":{"rendered":"V\u0161eobecn\u00e9 obchodn\u00e9 podmienky"},"content":{"rendered":"<p><strong>V\u0161eobecn\u00e9 obchodn\u00e9 podmienky<\/strong><\/p>\n<p>NonStopShop.com\/ (\u010falej len \u201emy\u201c, \u201en\u00e1s\u201c, \u201ena\u0161e\u201c, \u201ena\u0161ej\u201c, \u201en\u00e1\u0161mu\u201c at\u010f.) je internetov\u00fd obchod vo vlastn\u00edctve ECTCEU d.o.o. (\u010falej len \u201emy\u201c, \u201en\u00e1s\u201c, \u201ena\u0161e\u201c, \u201ena\u0161ej\u201c, \u201en\u00e1\u0161mu\u201c at\u010f.), ktor\u00fd funguje v s\u00falade so z\u00e1konom o elektronickom obchode a so v\u0161etk\u00fdmi in\u00fdmi pr\u00edslu\u0161n\u00fdmi z\u00e1konmi a predpismi v Eur\u00f3pskej \u00fanii. N\u00e1v\u0161tevou alebo k\u00fapou v na\u0161om internetovom obchode prij\u00edmate podmienky pou\u017e\u00edvania uveden\u00e9 ni\u017e\u0161ie. Pre\u010d\u00edtajte si ich pozorne a obozn\u00e1mte sa s pravidlami, ktor\u00e9 uplat\u0148ujeme. Vyhradzujeme si pr\u00e1vo vykon\u00e1va\u0165 zmeny a doplnky k t\u00fdmto Podmienkam pou\u017e\u00edvania bez predch\u00e1dzaj\u00faceho upozornenia.<\/p>\n<p>&nbsp;<\/p>\n<p><strong>Vyhl\u00e1senie o ochrane s\u00fakromia<\/strong><\/p>\n<p>V mene n\u00e1\u0161ho internetov\u00e9ho obchodu sa zav\u00e4zujeme chr\u00e1ni\u0165 s\u00fakromie v\u0161etk\u00fdch na\u0161ich z\u00e1kazn\u00edkov v s\u00falade s (GDPR) z\u00e1konom a\u00a0predpismi v Eur\u00f3pskej \u00fanii a ustanoveniami uveden\u00fdmi v miestnej legislat\u00edve. Zhroma\u017e\u010fujeme iba nevyhnutn\u00e9 z\u00e1kladn\u00e9 \u00fadaje o z\u00e1kazn\u00edkoch \/ pou\u017e\u00edvate\u013eoch a \u00fadaje potrebn\u00e9 na podnikanie a informovanie pou\u017e\u00edvate\u013eov v s\u00falade s dobr\u00fdmi obchodn\u00fdmi postupmi a za \u00fa\u010delom poskytovania kvalitn\u00fdch slu\u017eieb. Z\u00e1kazn\u00edkom poskytujeme mo\u017enos\u0165 v\u00fdberu, vr\u00e1tane mo\u017enosti rozhodn\u00fa\u0165 sa, \u010di chc\u00fa alebo nechc\u00fa by\u0165 vymazan\u00ed zo zoznamov adries pou\u017e\u00edvan\u00fdch pri marketingov\u00fdch kampaniach. V\u0161etky \u00fadaje o pou\u017e\u00edvate\u013eoch \/ z\u00e1kazn\u00edkoch sa pr\u00edsne uchov\u00e1vaj\u00fa a s\u00fa k dispoz\u00edcii iba zamestnancom, ktor\u00ed tieto \u00fadaje nevyhnutne potrebuj\u00fa na vykon\u00e1vanie pr\u00e1ce. V\u0161etci zamestnanci na\u0161ej spolo\u010dnosti (a obchodn\u00ed partneri) s\u00fa zodpovedn\u00ed za dodr\u017eiavanie z\u00e1sady ochrany s\u00fakromia.<\/p>\n<p>&nbsp;<\/p>\n<p><strong>Ceny<\/strong><br \/>\nV\u0161etky ceny produktov uveden\u00e9 na str\u00e1nke s\u00fa so zapo\u010d\u00edtanou DPH. Zav\u00e4zujeme sa akceptova\u0165 ka\u017ed\u00fa cenu, za ktor\u00fa ste uskuto\u010dnili n\u00e1kupn\u00fa objedn\u00e1vku, bez oh\u013eadu na to, \u010di sa cena produktu od zalo\u017eenia n\u00e1kupnej objedn\u00e1vky zmenila. M\u00e1me v\u0161ak pr\u00e1vo zru\u0161i\u0165 n\u00e1kupn\u00fa objedn\u00e1vku zaslan\u00edm e-mailov\u00e9ho ozn\u00e1menia spotrebite\u013eovi, ak do\u0161lo k hrubej chybe pri stanoven\u00ed ceny na str\u00e1nke. Fakt\u00faru pri n\u00e1kupe dostanete v elektronickom form\u00e1te na e-mailov\u00fa adresu, ktor\u00fa ste pri n\u00e1kupe uviedli.<\/p>\n<p>&nbsp;<\/p>\n<p><strong>Du\u0161evn\u00e9 vlastn\u00edctvo<\/strong><\/p>\n<p>Obsah zobrazen\u00fd na tomto webe, ak\u00fdm s\u00fa str\u00e1nky, dizajnov\u00e9 prvky (tla\u010didl\u00e1, ikony at\u010f.), texty, fotografie, log\u00e1, zvukov\u00e9 nahr\u00e1vky a softv\u00e9r s\u00fa na\u0161\u00edm vlastn\u00edctvom alebo vlastn\u00edctvom na\u0161ich partnerov a nemo\u017eno ich pou\u017e\u00edva\u0165 bez n\u00e1\u0161ho predch\u00e1dzaj\u00faceho s\u00fahlasu. Ak si mysl\u00edte, \u017ee obsah, ktor\u00fd je na na\u0161ej webovej str\u00e1nke je V\u00e1\u0161 a\u00a0\u017ee bol zneu\u017eit\u00fd, pros\u00edme V\u00e1s kontaktujte n\u00e1s z d\u00f4vodu ur\u010dovania du\u0161evn\u00e9ho vlastn\u00edctva. V\u0161etky inform\u00e1cie dostupn\u00e9 na tejto webovej str\u00e1nke sl\u00fa\u017eia iba na informa\u010dn\u00e9 \u00fa\u010dely, nesm\u00fa by\u0165 pou\u017eit\u00e9 na komer\u010dn\u00e9 \u00fa\u010dely alebo distribuovan\u00e9 tret\u00edm stran\u00e1m.<\/p>\n<p>&nbsp;<\/p>\n<p><strong>Koment\u00e1re, komunik\u00e1cia a \u010fal\u0161\u00ed obsah zanechan\u00fd n\u00e1v\u0161tevn\u00edkmi<\/strong><\/p>\n<p>N\u00e1v\u0161tevn\u00edci m\u00f4\u017eu komentova\u0165 v\u00fdrobky a odosiela\u0165 e-maily na n\u00e1\u0161 e-mail. M\u00e1me pr\u00e1vo nezverej\u0148ova\u0165 koment\u00e1re, ktor\u00e9 s\u00fa zlomyse\u013en\u00e9, obsahuj\u00fa neslu\u0161n\u00e9 vyhl\u00e1senia, \u0161\u00edria nen\u00e1vis\u0165 a ak\u00fdmko\u013evek sp\u00f4sobom ohrozuj\u00fa pr\u00e1va in\u00fdch. Tak\u00e9to koment\u00e1re bud\u00fa bez predch\u00e1dzaj\u00faceho upozornenia odstr\u00e1nen\u00e9. Odcudzenie identity a registr\u00e1cia na e-mailov\u00fa adresu niekoho in\u00e9ho nie s\u00fa povolen\u00e9. Proti tak\u00fdmto aktivit\u00e1m m\u00f4\u017eeme za\u010da\u0165 pr\u00edslu\u0161n\u00e9 z\u00e1konn\u00e9 konanie<\/p>\n<p>&nbsp;<\/p>\n<p><strong>Opisy produktov<\/strong><\/p>\n<p>Je v na\u0161om z\u00e1ujme \u010do najpresnej\u0161ie op\u00edsa\u0165 v\u0161etky produkty. Nezaru\u010dujeme v\u0161ak, \u017ee v\u0161etky inform\u00e1cie poskytovan\u00e9 o produkte s\u00fa presn\u00e9, \u00fapln\u00e9, spo\u013eahliv\u00e9 a bezchybn\u00e9. Ak sa produkt, ktor\u00fd ste si k\u00fapili, l\u00ed\u0161i od \u00fadajov uveden\u00fdch na webovej str\u00e1nke, m\u00f4\u017eete ho vr\u00e1ti\u0165 v nepo\u0161kodenom stave s kompletn\u00fdm vybaven\u00edm, ktor\u00e9 bolo s n\u00edm dodan\u00e9, a\u00a0my V\u00e1m vr\u00e1time peniaze.<\/p>\n<p>&nbsp;<\/p>\n<p><strong>Pracovn\u00e1 doba<\/strong><\/p>\n<p>Na\u0161a pracovn\u00e1 doba je od 9 do 17 hod\u00edn 5 dn\u00ed v t\u00fd\u017edni (pondelok, utorok, streda, \u0161tvrtok, piatok). V pr\u00edpade technick\u00fdch probl\u00e9mov alebo po\u010das pravidelnej \u00fadr\u017eby m\u00f4\u017ee by\u0165 str\u00e1nka krat\u0161iu dobu nedostupn\u00e1, o \u010dom budete informovan\u00ed.<\/p>\n<p>&nbsp;<\/p>\n<p><strong>Zmena (aktualiz\u00e1cia) \u00fadajov na webe<\/strong><\/p>\n<p>Vyhradzujeme si pr\u00e1vo kedyko\u013evek zmeni\u0165 inform\u00e1cie zobrazen\u00e9 na ktorejko\u013evek str\u00e1nke webu bez predch\u00e1dzaj\u00faceho upozornenia. N\u00e1v\u0161tevn\u00edci webov\u00fdch str\u00e1nok nemaj\u00fa pr\u00e1vo jednostranne meni\u0165 podmienky pou\u017e\u00edvania a ak\u00e1ko\u013evek pr\u00edpadn\u00e1 zmena je neplatn\u00e1, vyjm\u00fac pr\u00edpadu, ke\u010f sa obe strany p\u00edsomne \u200b\u200bdohodn\u00fa.<\/p>\n<p>&nbsp;<\/p>\n<p><strong>In\u00e9<\/strong><\/p>\n<p>\u010ciasto\u010dn\u00e1 alebo \u00fapln\u00e1 neuplatnite\u013enos\u0165 alebo nez\u00e1konnos\u0165 ur\u010dit\u00e9ho ustanovenia t\u00fdchto Podmienok pou\u017e\u00edvania nebude ma\u0165 vplyv na platnos\u0165 in\u00fdch ustanoven\u00ed, ktor\u00e9 zost\u00e1vaj\u00fa vcelku \u00fa\u010dinn\u00e9. Neuplatnite\u013en\u00e9 alebo nez\u00e1konn\u00e9 ustanovenie bude nahraden\u00e9 in\u00fdm zodpovedaj\u00facim ustanoven\u00edm. S\u00fahlas\u00edte s t\u00fdm, \u017ee nem\u00f4\u017eete previes\u0165 svoje pr\u00e1va a povinnosti pod\u013ea t\u00fdchto Podmienok pou\u017e\u00edvania na tretie strany bez n\u00e1\u0161ho v\u00fdslovn\u00e9ho p\u00edsomn\u00e9ho s\u00fahlasu.<\/p>\n<p>&nbsp;<\/p>\n","protected":false},"excerpt":{"rendered":"<p>V\u0161eobecn\u00e9 obchodn\u00e9 podmienky NonStopShop.com\/ (\u010falej len \u201emy\u201c, \u201en\u00e1s\u201c, \u201ena\u0161e\u201c, \u201ena\u0161ej\u201c, \u201en\u00e1\u0161mu\u201c at\u010f.) je internetov\u00fd obchod vo vlastn\u00edctve ECTCEU d.o.o. (\u010falej len \u201emy\u201c, \u201en\u00e1s\u201c, \u201ena\u0161e\u201c, \u201ena\u0161ej\u201c, \u201en\u00e1\u0161mu\u201c at\u010f.), ktor\u00fd funguje v s\u00falade so z\u00e1konom o elektronickom obchode a so v\u0161etk\u00fdmi in\u00fdmi pr\u00edslu\u0161n\u00fdmi z\u00e1konmi a predpismi v Eur\u00f3pskej \u00fanii. N\u00e1v\u0161tevou alebo k\u00fapou v na\u0161om internetovom obchode prij\u00edmate &hellip; <a href=\"https:\/\/non-stopshop.eu\/sk\/uslovi-poslovanja\/\">Continued<\/a><\/p>\n","protected":false},"author":1,"featured_media":0,"parent":0,"menu_order":0,"comment_status":"closed","ping_status":"closed","template":"","meta":{"inline_featured_image":false,"footnotes":""},"class_list":["post-100","page","type-page","status-publish","hentry"],"acf":[],"_links":{"self":[{"href":"https:\/\/non-stopshop.eu\/sk\/wp-json\/wp\/v2\/pages\/100","targetHints":{"allow":["GET"]}}],"collection":[{"href":"https:\/\/non-stopshop.eu\/sk\/wp-json\/wp\/v2\/pages"}],"about":[{"href":"https:\/\/non-stopshop.eu\/sk\/wp-json\/wp\/v2\/types\/page"}],"author":[{"embeddable":true,"href":"https:\/\/non-stopshop.eu\/sk\/wp-json\/wp\/v2\/users\/1"}],"replies":[{"embeddable":true,"href":"https:\/\/non-stopshop.eu\/sk\/wp-json\/wp\/v2\/comments?post=100"}],"version-history":[{"count":7,"href":"https:\/\/non-stopshop.eu\/sk\/wp-json\/wp\/v2\/pages\/100\/revisions"}],"predecessor-version":[{"id":7654,"href":"https:\/\/non-stopshop.eu\/sk\/wp-json\/wp\/v2\/pages\/100\/revisions\/7654"}],"wp:attachment":[{"href":"https:\/\/non-stopshop.eu\/sk\/wp-json\/wp\/v2\/media?parent=100"}],"curies":[{"name":"wp","href":"https:\/\/api.w.org\/{rel}","templated":true}]}}