{"id":102,"date":"2020-10-28T10:57:38","date_gmt":"2020-10-28T10:57:38","guid":{"rendered":"https:\/\/shopium.eu\/rs\/?page_id=102"},"modified":"2022-03-29T08:58:28","modified_gmt":"2022-03-29T06:58:28","slug":"reklamacie-a-vymeny","status":"publish","type":"page","link":"https:\/\/non-stopshop.eu\/sk\/reklamacie-a-vymeny\/","title":{"rendered":"REKLAM\u00c1CIE A V\u00ddMENY"},"content":{"rendered":"<p><strong>Reklam\u00e1cie<\/strong><\/p>\n<p>V pr\u00edpade ak\u00fdchko\u013evek s\u0165a\u017enost\u00ed na produkt alebo na\u0161u slu\u017ebu n\u00e1s nev\u00e1hajte kontaktova\u0165 ( sk@non-stopshop.eu). Uis\u0165ujeme V\u00e1s, \u017ee sme pripraven\u00ed a schopn\u00ed vyrie\u0161i\u0165 ka\u017ed\u00fa vzniknut\u00fa situ\u00e1ciu. V\u00fdrobky, ktor\u00e9 prich\u00e1dzaj\u00fa do priameho styku s poko\u017ekou, zubami alebo int\u00edmnymi \u010das\u0165ami tela, nepodliehaj\u00fa reklam\u00e1cii. Reklam\u00e1cii nepodliehaj\u00fa ani v\u00fdrobky so zjavn\u00fdmi stopami pou\u017e\u00edvania!<\/p>\n<p><strong>Vr\u00e1tenie pe\u0148az\u00ed alebo v\u00fdmena produktu<\/strong><\/p>\n<p>Do 14 dn\u00ed od k\u00fapenia produktu m\u00e1te mo\u017enos\u0165 vymeni\u0165 k\u00fapen\u00e9 produkty. Produkt m\u00f4\u017eete vymeni\u0165 za in\u00fd produkt alebo po\u017eiada\u0165 o vr\u00e1tenie pe\u0148az\u00ed.<\/p>\n<p>Produkt, ktor\u00fd chcete vymeni\u0165, mus\u00ed by\u0165 nepo\u0161koden\u00fd a vr\u00e1ten\u00fd v p\u00f4vodnom a nepo\u0161kodenom obale so v\u0161etk\u00fdm dod\u00e1van\u00fdm vybaven\u00edm. <strong>V opa\u010dnom pr\u00edpade bude va\u0161a s\u0165a\u017enos\u0165 zamietnut\u00e1 alebo \u010diasto\u010dne rie\u0161en\u00e1!<\/strong><\/p>\n<p>Do 14 dn\u00ed od prijatia bal\u00edka n\u00e1s m\u00f4\u017eete p\u00edsomne \u200b\u200binformova\u0165 prostredn\u00edctvom e-mailu ( sk@non-stopshop.eu), \u017ee odstupujete od zmluvy a pritom uvies\u0165 svoje \u00fadaje, ako aj \u010d\u00edslo z\u00e1sielky alebo n\u00e1m posla\u0165 elektronick\u00fa fakt\u00faru, ktor\u00fa ste dostali na V\u00e1\u0161 e-mail pri uskuto\u010d\u0148ovan\u00ed n\u00e1kupu, aby sme mohli identifikova\u0165 Va\u0161u objedn\u00e1vku. Medzi\u010dasom tu m\u00f4\u017eete vyplni\u0165 formul\u00e1r a do 14 dn\u00ed n\u00e1m vr\u00e1ti\u0165 produkt na na\u0161u adresu: (adresy uvedieme my).<\/p>\n<p data-pm-slice=\"1 1 []\"><strong>ECTCEU d.o.o., Kamni\u0161ka cesta 24, 1235 Radomlje, Slovenia<\/strong><\/p>\n<p><strong><em>Mail, na ktor\u00fd treba p\u00edsa\u0165 v pr\u00edpade s\u0165a\u017enosti alebo v\u00fdmeny:<\/em><\/strong> sk@non-stopshop.eu<\/p>\n<p>&nbsp;<\/p>\n<p><strong>Peniaze V\u00e1m vr\u00e1time po prijat\u00ed spiato\u010dn\u00e9ho bal\u00edka!<\/strong><\/p>\n<p>Formul\u00e1r na v\u00fdmenu produktu: <a href=\"https:\/\/bit.ly\/SK_V\u00fdmena_produktu\">https:\/\/bit.ly\/<\/a><\/p>\n<p>Formul\u00e1r na vr\u00e1tenie pe\u0148az\u00ed: <a href=\"https:\/\/bit.ly\/SK_Vr\u00e1tenie_platby\">https:\/\/bit.ly\/<\/a><\/p>\n<p><strong>Pozn\u00e1mky:<\/strong><\/p>\n<p>N\u00e1klady na odoslanie z\u00e1sielky hrad\u00ed odosielate\u013e. Neprij\u00edmame spl\u00e1tkov\u00e9 z\u00e1sielky!<\/p>\n<p>V pr\u00edpade, \u017ee nevypln\u00edte formul\u00e1r na odst\u00fapenie od zmluvy do 14 dn\u00ed od prevzatia z\u00e1sielky, vr\u00e1tenie pe\u0148az\u00ed alebo v\u00fdmena tovaru nie s\u00fa mo\u017en\u00e9!<\/p>\n<p>Do 8 pracovn\u00fdch dn\u00ed od prijatia bal\u00edka bude produkt vymenen\u00fd alebo V\u00e1m bud\u00fa refundovan\u00e9 peniaze.<\/p>\n","protected":false},"excerpt":{"rendered":"<p>Reklam\u00e1cie V pr\u00edpade ak\u00fdchko\u013evek s\u0165a\u017enost\u00ed na produkt alebo na\u0161u slu\u017ebu n\u00e1s nev\u00e1hajte kontaktova\u0165 ( sk@non-stopshop.eu). Uis\u0165ujeme V\u00e1s, \u017ee sme pripraven\u00ed a schopn\u00ed vyrie\u0161i\u0165 ka\u017ed\u00fa vzniknut\u00fa situ\u00e1ciu. V\u00fdrobky, ktor\u00e9 prich\u00e1dzaj\u00fa do priameho styku s poko\u017ekou, zubami alebo int\u00edmnymi \u010das\u0165ami tela, nepodliehaj\u00fa reklam\u00e1cii. Reklam\u00e1cii nepodliehaj\u00fa ani v\u00fdrobky so zjavn\u00fdmi stopami pou\u017e\u00edvania! Vr\u00e1tenie pe\u0148az\u00ed alebo v\u00fdmena produktu Do &hellip; <a href=\"https:\/\/non-stopshop.eu\/sk\/reklamacie-a-vymeny\/\">Continued<\/a><\/p>\n","protected":false},"author":1,"featured_media":0,"parent":0,"menu_order":0,"comment_status":"closed","ping_status":"closed","template":"","meta":{"inline_featured_image":false,"footnotes":""},"class_list":["post-102","page","type-page","status-publish","hentry"],"acf":[],"_links":{"self":[{"href":"https:\/\/non-stopshop.eu\/sk\/wp-json\/wp\/v2\/pages\/102","targetHints":{"allow":["GET"]}}],"collection":[{"href":"https:\/\/non-stopshop.eu\/sk\/wp-json\/wp\/v2\/pages"}],"about":[{"href":"https:\/\/non-stopshop.eu\/sk\/wp-json\/wp\/v2\/types\/page"}],"author":[{"embeddable":true,"href":"https:\/\/non-stopshop.eu\/sk\/wp-json\/wp\/v2\/users\/1"}],"replies":[{"embeddable":true,"href":"https:\/\/non-stopshop.eu\/sk\/wp-json\/wp\/v2\/comments?post=102"}],"version-history":[{"count":13,"href":"https:\/\/non-stopshop.eu\/sk\/wp-json\/wp\/v2\/pages\/102\/revisions"}],"predecessor-version":[{"id":3216,"href":"https:\/\/non-stopshop.eu\/sk\/wp-json\/wp\/v2\/pages\/102\/revisions\/3216"}],"wp:attachment":[{"href":"https:\/\/non-stopshop.eu\/sk\/wp-json\/wp\/v2\/media?parent=102"}],"curies":[{"name":"wp","href":"https:\/\/api.w.org\/{rel}","templated":true}]}}