{"id":747,"date":"2021-01-05T14:17:54","date_gmt":"2021-01-05T13:17:54","guid":{"rendered":"https:\/\/shopium.eu\/sk\/?page_id=747"},"modified":"2021-01-05T14:17:54","modified_gmt":"2021-01-05T13:17:54","slug":"zasady-pouzivania-suborov-cookie","status":"publish","type":"page","link":"https:\/\/non-stopshop.eu\/sk\/zasady-pouzivania-suborov-cookie\/","title":{"rendered":"Z\u00e1sady pou\u017e\u00edvania s\u00faborov cookie"},"content":{"rendered":"<p><span style=\"font-weight: 400;\">Spolo\u010dnos\u0165 ECTCEU d.o.o. re\u0161pektuje a chr\u00e1ni va\u0161e s\u00fakromie. \u010ealej uv\u00e1dzame podrobnej\u0161ie inform\u00e1cie o sp\u00f4sobe, ak\u00fdm zaobch\u00e1dzame s va\u0161imi osobn\u00fdmi \u00fadajmi.<\/span><\/p>\n<p><span style=\"font-weight: 400;\">Tieto z\u00e1sady pou\u017e\u00edvania s\u00faborov cookie popisuj\u00fa spracovanie \u00fadajov zhroma\u017eden\u00fdch pou\u017eit\u00edm s\u00faborov cookie a podobn\u00fdch technol\u00f3gi\u00ed. Tieto z\u00e1sady boli vypracovan\u00e9 v s\u00falade so v\u0161eobecn\u00fdm nariaden\u00edm o ochrane \u00fadajov Eur\u00f3pskej \u00fanie a platn\u00fdmi slovinsk\u00fdmi pr\u00e1vnymi predpismi.<\/span><\/p>\n<p><strong>1. <b>O s\u00faboroch cookie<\/b><\/strong><\/p>\n<p><span style=\"font-weight: 400;\">\u010co s\u00fa to cookies a pre\u010do s\u00fa potrebn\u00e9?<\/span><\/p>\n<p><span style=\"font-weight: 400;\">S\u00fabor cookie je mal\u00e9 mno\u017estvo \u00fadajov, ktor\u00fd webov\u00e1 str\u00e1nka posiela do prehliada\u010da o va\u0161ej n\u00e1v\u0161teve. Takto v\u00e1s webov\u00e1 str\u00e1nka rozpozn\u00e1, zapam\u00e4t\u00e1 si inform\u00e1cie t\u00fdkaj\u00face sa va\u0161ej n\u00e1v\u0161tevy a poskytne v\u00e1m pou\u017e\u00edvate\u013esky pr\u00edvetiv\u00fa a jednoduch\u00fa webov\u00fa slu\u017ebu. S\u00fabory cookie n\u00e1m pom\u00e1haj\u00fa prisp\u00f4sobi\u0165 obsah na\u0161ich webov\u00fdch str\u00e1nok, zapam\u00e4ta\u0165 si va\u0161e preferencie a zaznamen\u00e1va\u0165 n\u00e1v\u0161tevy na\u0161ich webov\u00fdch str\u00e1nok. V\u010faka s\u00faborom cookie je prehliadanie na\u0161ich webov\u00fdch str\u00e1nok pr\u00edjemn\u00fd, r\u00fdchly a hlavne efekt\u00edvnej\u0161\u00ed z\u00e1\u017eitok.<\/span><\/p>\n<p><strong>2. <b>S\u00fabory cookie, ktor\u00e9 pou\u017e\u00edvame<\/b><\/strong><\/p>\n<p><span style=\"font-weight: 400;\">Na na\u0161om webe pou\u017e\u00edvame r\u00f4zne kateg\u00f3rie s\u00faborov cookie rozdelen\u00e9 do \u0161tyroch kateg\u00f3ri\u00ed:<\/span><\/p>\n<ul>\n<li style=\"font-weight: 400;\"><span style=\"font-weight: 400;\">nevyhnutn\u00e9 cookies,<\/span><\/li>\n<li style=\"font-weight: 400;\"><span style=\"font-weight: 400;\">analytick\u00e9 cookies,<\/span><\/li>\n<li style=\"font-weight: 400;\"><span style=\"font-weight: 400;\">funk\u010dn\u00e9 cookies a<\/span><\/li>\n<li style=\"font-weight: 400;\"><span style=\"font-weight: 400;\">reklamn\u00e9 (marketingov\u00e9) cookies.<\/span><\/li>\n<\/ul>\n<p><b>Nevyhnutn\u00e9 cookies<\/b><span style=\"font-weight: 400;\">\u00a0s\u00fa s\u00fabory cookie, bez ktor\u00fdch by na\u0161a webov\u00e1 str\u00e1nka nemohla fungova\u0165. Tieto s\u00fabory cookie sa automaticky umiest\u0148uj\u00fa do v\u00e1\u0161ho zariadenia a nemo\u017eno ich vypn\u00fa\u0165. Nevyhnutn\u00e9 cookies v\u00e1s nem\u00f4\u017eu identifikova\u0165 a s\u00fa tu iba preto, aby sa zaru\u010dilo spr\u00e1vne zobrazenie webovej str\u00e1nky.<\/span><\/p>\n<p><b>Analytick\u00e9 cookies<\/b><span style=\"font-weight: 400;\">\u00a0n\u00e1m umo\u017e\u0148uj\u00fa vykon\u00e1va\u0165 r\u00f4zne \u0161tatistick\u00e9 anal\u00fdzy na\u0161ej webovej str\u00e1nky. Tieto cookies sa pou\u017e\u00edvaj\u00fa v anonymizovanej podobe, \u010do znamen\u00e1, \u017ee v\u00e1s nem\u00f4\u017eu identifikova\u0165. Pou\u017e\u00edvanie t\u00fdchto cookies m\u00f4\u017eete vo svojom webovom prehliada\u010di vypn\u00fa\u0165 alebo pou\u017ei\u0165 banner \u201eNastavenia cookies\u201c v dolnej \u010dasti na\u0161ej webovej str\u00e1nky.<\/span><\/p>\n<p><b>Funk\u010dn\u00e9 cookies<\/b><span style=\"font-weight: 400;\">\u00a0s\u00fa cookies, ktor\u00e9 umo\u017e\u0148uj\u00fa r\u00f4zne funkcie na\u0161ej webovej str\u00e1nky, napr\u00edklad nastavenie jazyka, uchovanie obsahu v\u00e1\u0161ho n\u00e1kupn\u00e9ho ko\u0161\u00edka at\u010f. Tieto s\u00fabory cookie sa do v\u00e1\u0161ho zariadenia umiest\u0148uj\u00fa iba s va\u0161im predch\u00e1dzaj\u00facim s\u00fahlasom.<\/span><\/p>\n<p><b>Marketingov\u00e9 cookies<\/b><span style=\"font-weight: 400;\">\u00a0sa pou\u017e\u00edvaj\u00fa na vykon\u00e1vanie personalizovan\u00fdch reklamn\u00fdch slu\u017eieb. Pomocou \u00fadajov cookies vytv\u00e1raj\u00fa v\u00e1\u0161 profil, na z\u00e1klade ktor\u00e9ho uvid\u00edte iba reklamy pova\u017eovan\u00e9 za zauj\u00edmav\u00e9 pre v\u00e1s. Tieto s\u00fabory cookie sa do v\u00e1\u0161ho zariadenia umiest\u0148uj\u00fa iba s va\u0161im predch\u00e1dzaj\u00facim s\u00fahlasom. Chceli by sme v\u00e1s varova\u0165, \u017ee odmietnutie pou\u017eitia t\u00fdchto s\u00faborov cookie nezabr\u00e1ni zobrazovaniu rekl\u00e1m na webov\u00fdch str\u00e1nkach, preto\u017ee sa bud\u00fa na\u010falej zobrazova\u0165; u\u017e v\u0161ak nebud\u00fa \u0161it\u00e9 na mieru va\u0161im z\u00e1ujmom.<\/span><\/p>\n<p><span style=\"font-weight: 400;\">Okrem vy\u0161\u0161ie uveden\u00fdch kateg\u00f3ri\u00ed rozli\u0161ujeme tie\u017e cookies prvej strany a cookies tret\u00edch str\u00e1n funguj\u00face na na\u0161om webe.<\/span><\/p>\n<p><b>S\u00fabory cookie prvej strany\u00a0<\/b><span style=\"font-weight: 400;\">s\u00fa tak\u00e9 s\u00fabory cookie, ktor\u00e9 patria k tejto webovej str\u00e1nke, t.j. s\u00fabory cookie, ktor\u00e9 boli umiestnen\u00e9 na t\u00fato webov\u00fa str\u00e1nku na\u0161ou spolo\u010dnos\u0165ou alebo na\u0161imi zmluvn\u00fdmi spracovate\u013emi.\u00a0<\/span><span style=\"font-weight: 400;\">Ak sa chcete dozvedie\u0165 viac inform\u00e1ci\u00ed o na\u0161ich zmluvn\u00fdch spracovate\u013eoch, pre\u010d\u00edtajte si\u00a0<\/span><span style=\"font-weight: 400;\">na\u0161e z\u00e1sady ochrany osobn\u00fdch \u00fadajov<\/span><span style=\"font-weight: 400;\">.<\/span><\/p>\n<p><b>S\u00fabory cookie tret\u00edch str\u00e1n<\/b><span style=\"font-weight: 400;\">\u00a0s\u00fa tak\u00e9 s\u00fabory cookie, ktor\u00e9 s\u00fa nastaven\u00e9 in\u00fdmi webov\u00fdmi str\u00e1nkami, teda nie t\u00fdmi, na ktor\u00fdch sa pr\u00e1ve nach\u00e1dzate, \u010do n\u00e1m umo\u017e\u0148uje pou\u017e\u00edva\u0165 prisp\u00f4soben\u00e9 reklamy. Tieto s\u00fabory cookie sa pou\u017e\u00edvaj\u00fa na sledovanie v\u00e1\u0161ho pou\u017e\u00edvania internetu, \u010do n\u00e1m umo\u017e\u0148uje zobrazova\u0165 v\u00e1m reklamy, ktor\u00e9 s\u00fa pre v\u00e1s relevantn\u00e9 a zauj\u00edmav\u00e9.<\/span><\/p>\n<p>&nbsp;<\/p>\n<p><strong>3. <\/strong><b>\u00dapravy predvolieb s\u00faborov cookie<\/b><\/p>\n<p><span style=\"font-weight: 400;\">M\u00f4\u017eete sa rozhodn\u00fa\u0165, \u010di chcete povoli\u0165 ukladanie s\u00faborov cookie do v\u00e1\u0161ho zariadenia.<\/span><\/p>\n<p><span style=\"font-weight: 400;\">Svoje nastavenia s\u00faborov cookie m\u00f4\u017eete kedyko\u013evek zmeni\u0165 v ponuke \u201eNastavenia s\u00faborov cookie\u201c v dolnej \u010dasti webovej str\u00e1nky.<\/span><\/p>\n<p><span style=\"font-weight: 400;\">Pri n\u00e1v\u0161teve na\u0161ej webovej str\u00e1nky sa do v\u00e1\u0161ho zariadenia automaticky ukladaj\u00fa iba nevyhnutn\u00e9 s\u00fabory cookie a anonymizovan\u00e9 analytick\u00e9 s\u00fabory cookie, zatia\u013e \u010do preferen\u010dn\u00e9 a marketingov\u00e9 s\u00fabory cookie sa do v\u00e1\u0161ho zariadenia ukladaj\u00fa iba s va\u0161\u00edm s\u00fahlasom.<\/span><\/p>\n<p><span style=\"font-weight: 400;\">Ako m\u00f4\u017eem poskytn\u00fa\u0165 svoj s\u00fahlas?<\/span><\/p>\n<p><span style=\"font-weight: 400;\">Pri prvej n\u00e1v\u0161teve na\u0161ej webovej str\u00e1nky sa otvor\u00ed vyskakovacie okno, kde budete m\u00f4c\u0165 zvoli\u0165 pr\u00edslu\u0161n\u00e9 nastavenia s\u00faborov cookie. Pokia\u013e ste u\u017e nav\u0161t\u00edvili na\u0161u webov\u00fa str\u00e1nku a potvrdili ste vybran\u00e9 s\u00fabory cookie, m\u00f4\u017eete tieto nastavenia zmeni\u0165 kliknut\u00edm na \u201eNastavenia cookies\u201c v dolnej \u010dasti na\u0161ej webovej str\u00e1nky. Otvor\u00ed sa nov\u00e9 vyskakovacie okno a budete m\u00f4c\u0165 zvoli\u0165 nastavenia s\u00faborov cookie.<\/span><\/p>\n<p><span style=\"font-weight: 400;\">Chceli by sme v\u00e1s varova\u0165, \u017ee odmietnutie pou\u017e\u00edvania s\u00faborov cookie nezabr\u00e1ni zobrazovaniu rekl\u00e1m na webov\u00fdch str\u00e1nkach, preto\u017ee po\u010det zobrazen\u00fdch rekl\u00e1m bude rovnak\u00fd, ako keby ste s\u00fabory cookie prijali. Ak odmietnete prija\u0165 reklamn\u00e9 s\u00fabory cookie, zobrazia sa v\u00e1m iba v\u0161eobecn\u00e9 reklamy a neuvid\u00edte reklamy prisp\u00f4soben\u00e9 va\u0161im \u017eelaniam a potreb\u00e1m.<\/span><\/p>\n<p><span style=\"font-weight: 400;\">Nastavenia s\u00faborov cookie je tie\u017e mo\u017en\u00e9 sledova\u0165 a meni\u0165 vo va\u0161om webovom prehliada\u010di.<\/span><\/p>\n<p><span style=\"font-weight: 400;\">Ak chcete z\u00edska\u0165 \u010fal\u0161ie inform\u00e1cie o nastaveniach s\u00faborov cookie, vyberte webov\u00fd prehliada\u010d, ktor\u00fd pou\u017e\u00edvate:<\/span><\/p>\n<ul>\n<li><a href=\"https:\/\/support.google.com\/chrome\/answer\/95647?co=GENIE.Platform=Desktop&amp;hl=en\"><span style=\"font-weight: 400;\">Chrome<\/span><\/a><\/li>\n<li><a href=\"https:\/\/support.mozilla.org\/en-US\/kb\/clear-cookies-and-site-data-firefox\"><span style=\"font-weight: 400;\">Firefox<\/span><\/a><\/li>\n<li><a href=\"https:\/\/support.microsoft.com\/en-us\/help\/17442\/windows-internet-explorer-delete-manage-cookies\"><span style=\"font-weight: 400;\">Internet Explorer<\/span><\/a><\/li>\n<li><a href=\"https:\/\/support.apple.com\/sl-si\/guide\/safari\/sfri11471\/mac\"><span style=\"font-weight: 400;\">Safari<\/span><\/a><\/li>\n<li><a href=\"https:\/\/blogs.opera.com\/news\/2015\/08\/how-to-manage-cookies-in-opera\/\"><span style=\"font-weight: 400;\">Opera<\/span><\/a><\/li>\n<\/ul>\n<p><span style=\"font-weight: 400;\">Ak zmen\u00edte alebo vyma\u017eete s\u00fabor cookie zo svojho prehliada\u010da alebo zmen\u00edte\/upgradujete svoj prehliada\u010d alebo zariadenie, m\u00f4\u017ee sa v\u00e1m sta\u0165, \u017ee s\u00fabory cookie budete musie\u0165 znova vypn\u00fa\u0165. Proces spr\u00e1vy a mazania s\u00faborov cookie z\u00e1vis\u00ed od pr\u00edslu\u0161n\u00e9ho prehliada\u010da. Ak potrebujete pomoc, m\u00f4\u017eete sa obr\u00e1ti\u0165 na sekciu \u201ePodpora pou\u017e\u00edvate\u013eov\u201c vo svojom prehliada\u010di.<\/span><\/p>\n<p><span style=\"font-weight: 400;\">Slu\u017ebu Google Analytics m\u00f4\u017eete tie\u017e zak\u00e1za\u0165 na\u00a0<\/span><a href=\"https:\/\/marketingplatform.google.com\/about\/\"><span style=\"font-weight: 400;\">str\u00e1nke https:\/\/marketingplatform.google.com\/about\/<\/span><\/a><span style=\"font-weight: 400;\">.<\/span><\/p>\n<p><span style=\"font-weight: 400;\">Ak sa chcete dozvedie\u0165 viac inform\u00e1ci\u00ed o s\u00faboroch cookie, nav\u0161t\u00edvte str\u00e1nku\u00a0<\/span><a href=\"http:\/\/youronlinechoices.com\/\"><span style=\"font-weight: 400;\">http:\/\/youronlinechoices.com\/<\/span><\/a><span style=\"font-weight: 400;\">.<\/span><\/p>\n<p>&nbsp;<\/p>\n<p><strong>4.\u00a0 <b>S\u00fabory cookie pou\u017eit\u00e9 na tejto webovej str\u00e1nke<\/b><\/strong><\/p>\n<p>&nbsp;<\/p>\n<table>\n<tbody>\n<tr>\n<td><b>N\u00c1ZOV COOKIE<\/b><\/td>\n<td><b>\u00da\u010cEL<\/b><\/td>\n<td><b>DOBA<\/b><\/td>\n<td><b>SPOLO\u010cNOS\u0164<\/b><\/td>\n<\/tr>\n<tr>\n<td><span style=\"font-weight: 400;\">sb<\/span><\/td>\n<td><span style=\"font-weight: 400;\">Prev\u00e1dzka z\u00e1suvn\u00e9ho modulu<\/span><\/td>\n<td><span style=\"font-weight: 400;\">2 roky<\/span><\/td>\n<td><span style=\"font-weight: 400;\">Facebook<\/span><\/td>\n<\/tr>\n<tr>\n<td><span style=\"font-weight: 400;\">fr<\/span><\/td>\n<td><span style=\"font-weight: 400;\">Prev\u00e1dzka z\u00e1suvn\u00e9ho modulu<\/span><\/td>\n<td><span style=\"font-weight: 400;\">3 mesiace<\/span><\/td>\n<td><span style=\"font-weight: 400;\">Facebook<\/span><\/td>\n<\/tr>\n<tr>\n<td><span style=\"font-weight: 400;\">xs<\/span><\/td>\n<td><span style=\"font-weight: 400;\">Prev\u00e1dzka z\u00e1suvn\u00e9ho modulu<\/span><\/td>\n<td><span style=\"font-weight: 400;\">3 mesiace<\/span><\/td>\n<td><span style=\"font-weight: 400;\">Facebook<\/span><\/td>\n<\/tr>\n<tr>\n<td><span style=\"font-weight: 400;\">c_user<\/span><\/td>\n<td><span style=\"font-weight: 400;\">Prev\u00e1dzka z\u00e1suvn\u00e9ho modulu<\/span><\/td>\n<td><span style=\"font-weight: 400;\">3 mesiace<\/span><\/td>\n<td><span style=\"font-weight: 400;\">Facebook<\/span><\/td>\n<\/tr>\n<tr>\n<td><span style=\"font-weight: 400;\">presence<\/span><\/td>\n<td><span style=\"font-weight: 400;\">Prev\u00e1dzka z\u00e1suvn\u00e9ho modulu<\/span><\/td>\n<td><span style=\"font-weight: 400;\">Trvanie rel\u00e1cie<\/span><\/td>\n<td><span style=\"font-weight: 400;\">Facebook<\/span><\/td>\n<\/tr>\n<tr>\n<td><span style=\"font-weight: 400;\">pl<\/span><\/td>\n<td><span style=\"font-weight: 400;\">Prev\u00e1dzka z\u00e1suvn\u00e9ho modulu<\/span><\/td>\n<td><span style=\"font-weight: 400;\">1 mesiac<\/span><\/td>\n<td><span style=\"font-weight: 400;\">Facebook<\/span><\/td>\n<\/tr>\n<tr>\n<td><span style=\"font-weight: 400;\">wd<\/span><\/td>\n<td><span style=\"font-weight: 400;\">Prev\u00e1dzka z\u00e1suvn\u00e9ho modulu<\/span><\/td>\n<td><span style=\"font-weight: 400;\">1 t\u00fd\u017ede\u0148<\/span><\/td>\n<td><span style=\"font-weight: 400;\">Facebook<\/span><\/td>\n<\/tr>\n<tr>\n<td><span style=\"font-weight: 400;\">datr<\/span><\/td>\n<td><span style=\"font-weight: 400;\">Prev\u00e1dzka z\u00e1suvn\u00e9ho modulu<\/span><\/td>\n<td><span style=\"font-weight: 400;\">3 mesiace<\/span><\/td>\n<td><span style=\"font-weight: 400;\">Facebook<\/span><\/td>\n<\/tr>\n<tr>\n<td><\/td>\n<td><\/td>\n<td><\/td>\n<td><\/td>\n<\/tr>\n<tr>\n<td><span style=\"font-weight: 400;\">N\u00c1ZOV COOKIE<\/span><\/td>\n<td><span style=\"font-weight: 400;\">\u00da\u010cEL<\/span><\/td>\n<td><span style=\"font-weight: 400;\">DOBA<\/span><\/td>\n<td><span style=\"font-weight: 400;\">SPOLO\u010cNOS\u0164<\/span><\/td>\n<\/tr>\n<tr>\n<td><span style=\"font-weight: 400;\">m_pixel_ratio<\/span><\/td>\n<td><span style=\"font-weight: 400;\">Prev\u00e1dzka z\u00e1suvn\u00e9ho modulu<\/span><\/td>\n<td><span style=\"font-weight: 400;\">Trvanie rel\u00e1cie<\/span><\/td>\n<td><span style=\"font-weight: 400;\">Facebook<\/span><\/td>\n<\/tr>\n<tr>\n<td><span style=\"font-weight: 400;\">dpr<\/span><\/td>\n<td><span style=\"font-weight: 400;\">Prev\u00e1dzka z\u00e1suvn\u00e9ho modulu<\/span><\/td>\n<td><span style=\"font-weight: 400;\">1 t\u00fd\u017ede\u0148<\/span><\/td>\n<td><span style=\"font-weight: 400;\">Facebook<\/span><\/td>\n<\/tr>\n<tr>\n<td><span style=\"font-weight: 400;\">act<\/span><\/td>\n<td><span style=\"font-weight: 400;\">Prev\u00e1dzka z\u00e1suvn\u00e9ho modulu<\/span><\/td>\n<td><span style=\"font-weight: 400;\">Trvanie rel\u00e1cie<\/span><\/td>\n<td><span style=\"font-weight: 400;\">Facebook<\/span><\/td>\n<\/tr>\n<tr>\n<td><span style=\"font-weight: 400;\">_lo_v<\/span><\/td>\n<td><span style=\"font-weight: 400;\">Fungovanie doplnku Ghost Monitor<\/span><\/td>\n<td><span style=\"font-weight: 400;\">3 mesiace<\/span><\/td>\n<td><span style=\"font-weight: 400;\">Ghost Monitor<\/span><\/td>\n<\/tr>\n<tr>\n<td><span style=\"font-weight: 400;\">__cfduid<\/span><\/td>\n<td><span style=\"font-weight: 400;\">Fungovanie doplnku Ghost Monitor<\/span><\/td>\n<td><span style=\"font-weight: 400;\">1 rok<\/span><\/td>\n<td><span style=\"font-weight: 400;\">Ghost Monitor<\/span><\/td>\n<\/tr>\n<tr>\n<td><span style=\"font-weight: 400;\">_lo_u<\/span><\/td>\n<td><span style=\"font-weight: 400;\">Fungovanie doplnku Ghost Monitor<\/span><\/td>\n<td><span style=\"font-weight: 400;\">1 rok<\/span><\/td>\n<td><span style=\"font-weight: 400;\">Ghost Monitor<\/span><\/td>\n<\/tr>\n<tr>\n<td><span style=\"font-weight: 400;\">_ga<\/span><\/td>\n<td><span style=\"font-weight: 400;\">Fungovanie doplnku Ghost Monitor<\/span><\/td>\n<td><span style=\"font-weight: 400;\">1 rok<\/span><\/td>\n<td><span style=\"font-weight: 400;\">Ghost Monitor<\/span><\/td>\n<\/tr>\n<tr>\n<td><\/td>\n<td><\/td>\n<td><\/td>\n<td><\/td>\n<\/tr>\n<tr>\n<td><span style=\"font-weight: 400;\">N\u00c1ZOV COOKIE<\/span><\/td>\n<td><span style=\"font-weight: 400;\">\u00da\u010cEL<\/span><\/td>\n<td><span style=\"font-weight: 400;\">DOBA<\/span><\/td>\n<td><span style=\"font-weight: 400;\">SPOLO\u010cNOS\u0164<\/span><\/td>\n<\/tr>\n<tr>\n<td><span style=\"font-weight: 400;\">__utma<\/span><\/td>\n<td><span style=\"font-weight: 400;\">\u0160tatistika n\u00e1v\u0161tev pou\u017e\u00edvate\u013eov<\/span><\/td>\n<td><span style=\"font-weight: 400;\">2 roky<\/span><\/td>\n<td><span style=\"font-weight: 400;\">Google Analytics<\/span><\/td>\n<\/tr>\n<tr>\n<td><span style=\"font-weight: 400;\">__utmz<\/span><\/td>\n<td><span style=\"font-weight: 400;\">\u0160tatistika n\u00e1v\u0161tev pou\u017e\u00edvate\u013eov<\/span><\/td>\n<td><span style=\"font-weight: 400;\">6 mesiacov<\/span><\/td>\n<td><span style=\"font-weight: 400;\">Google Analytics<\/span><\/td>\n<\/tr>\n<tr>\n<td><span style=\"font-weight: 400;\">__utmc<\/span><\/td>\n<td><span style=\"font-weight: 400;\">\u0160tatistika n\u00e1v\u0161tev pou\u017e\u00edvate\u013eov<\/span><\/td>\n<td><span style=\"font-weight: 400;\">Trvanie rel\u00e1cie<\/span><\/td>\n<td><span style=\"font-weight: 400;\">Google Analytics<\/span><\/td>\n<\/tr>\n<tr>\n<td><span style=\"font-weight: 400;\">__utmv<\/span><\/td>\n<td><span style=\"font-weight: 400;\">\u0160tatistika n\u00e1v\u0161tev pou\u017e\u00edvate\u013eov<\/span><\/td>\n<td><span style=\"font-weight: 400;\">Trvanie rel\u00e1cie<\/span><\/td>\n<td><span style=\"font-weight: 400;\">Google Analytics<\/span><\/td>\n<\/tr>\n<tr>\n<td><span style=\"font-weight: 400;\">__distillery<\/span><\/td>\n<td><span style=\"font-weight: 400;\">Prev\u00e1dzka videoprehr\u00e1va\u010da<\/span><\/td>\n<td>shopium.eu<\/td>\n<td>shopium.eu<\/td>\n<\/tr>\n<tr>\n<td><span style=\"font-weight: 400;\">woocommerce_items_in_cart<\/span><\/td>\n<td><span style=\"font-weight: 400;\">Prev\u00e1dzka webovej str\u00e1nky shopium.eu<\/span><\/td>\n<td>shopium.eu<\/td>\n<td>shopium.eu<\/td>\n<\/tr>\n<tr>\n<td><span style=\"font-weight: 400;\">__kla_id<\/span><\/td>\n<td><span style=\"font-weight: 400;\">Prev\u00e1dzka webovej str\u00e1nky shopium.eu<\/span><\/td>\n<td>shopium.eu<\/td>\n<td>shopium.eu<\/td>\n<\/tr>\n<tr>\n<td><span style=\"font-weight: 400;\">wp_woocommerce_session_<\/span><\/td>\n<td><span style=\"font-weight: 400;\">Prev\u00e1dzka webovej str\u00e1nky shopium.eu<\/span><\/td>\n<td>shopium.eu<\/td>\n<td>shopium.eu<\/td>\n<\/tr>\n<\/tbody>\n<\/table>\n<p>&nbsp;<\/p>\n<p><strong>5. <b>\u00da\u010dely, na ktor\u00e9 sa na na\u0161ej webovej str\u00e1nke pou\u017e\u00edvaj\u00fa s\u00fabory cookie<\/b><\/strong><\/p>\n<p><span style=\"font-weight: 400;\">Na na\u0161om webe sa s\u00fabory cookie pou\u017e\u00edvaj\u00fa na nasleduj\u00face \u00fa\u010dely:<\/span><\/p>\n<ul>\n<li style=\"font-weight: 400;\"><span style=\"font-weight: 400;\">spoznania n\u00e1v\u0161tevn\u00edka pri jeho \u010fal\u0161ej n\u00e1v\u0161teve,<\/span><\/li>\n<li style=\"font-weight: 400;\"><span style=\"font-weight: 400;\">uchovania vami poskytnut\u00fdch hodnoten\u00ed v\u00fdrobkov,<\/span><\/li>\n<li style=\"font-weight: 400;\"><span style=\"font-weight: 400;\">anal\u00fdzy webovej str\u00e1nky,<\/span><\/li>\n<li style=\"font-weight: 400;\"><span style=\"font-weight: 400;\">zabezpe\u010denia bezpe\u010dnosti webov\u00fdch str\u00e1nok,<\/span><\/li>\n<li style=\"font-weight: 400;\"><span style=\"font-weight: 400;\">sledovania a uchov\u00e1vania obsahu v\u00e1\u0161ho n\u00e1kupn\u00e9ho ko\u0161\u00edka (session cookie),<\/span><\/li>\n<li style=\"font-weight: 400;\"><span style=\"font-weight: 400;\">cookie pre odoslanie spr\u00e1vy o nedokon\u010denom n\u00e1kupe,<\/span><\/li>\n<li style=\"font-weight: 400;\"><span style=\"font-weight: 400;\">prev\u00e1dzky video obsahu,<\/span><\/li>\n<li style=\"font-weight: 400;\"><span style=\"font-weight: 400;\">\u010dinnosti funkcie chatu na webe a<\/span><\/li>\n<li style=\"font-weight: 400;\"><span style=\"font-weight: 400;\">reklamy.<\/span><\/li>\n<\/ul>\n<p>&nbsp;<\/p>\n<p><strong>6. <b>Va\u0161e pr\u00e1va s\u00favisiace so spracovan\u00edm osobn\u00fdch \u00fadajov prostredn\u00edctvom s\u00faborov cookie<\/b><\/strong><\/p>\n<p><span style=\"font-weight: 400;\">Okrem \u00fapravy preferenci\u00ed s\u00faborov cookie, ako je podrobne uveden\u00e9 vy\u0161\u0161ie, m\u00e1te tie\u017e mo\u017enos\u0165 presadi\u0165 si svoje pr\u00e1va s\u00favisiace so spracovan\u00edm osobn\u00fdch \u00fadajov. Tieto pr\u00e1va s\u00fa podrobne uveden\u00e9 v na\u0161ich z\u00e1sad\u00e1ch ochrany osobn\u00fdch \u00fadajov.<\/span><\/p>\n<p>&nbsp;<\/p>\n<p><strong>7. Zmeny a kontakt<\/strong><\/p>\n<p><span style=\"font-weight: 400;\">Tieto z\u00e1sady pou\u017e\u00edvania s\u00faborov cookie sa m\u00f4\u017eu kedyko\u013evek zmeni\u0165. Aktualizovan\u00e1 verzia bude zverejnen\u00e1 na:\u00a0<\/span> <span style=\"font-weight: 400;\">www.shopium.eu\/sk<\/span><span style=\"font-weight: 400;\">.<\/span><\/p>\n<p><span style=\"font-weight: 400;\">Ak m\u00e1te ak\u00e9ko\u013evek ot\u00e1zky alebo potrebujete \u010fal\u0161ie inform\u00e1cie o s\u00faboroch cookie alebo spracovan\u00ed osobn\u00fdch \u00fadajov, kontaktujte n\u00e1s na adrese\u00a0<\/span><span style=\"font-weight: 400;\"> sk.office@ecommer.info<\/span><span style=\"font-weight: 400;\">.<\/span><\/p>\n<p><b>ECTCEU d.o.o.\u00a0 \u00a0 Gmajnica 73b \/ SI-1218 Komenda <\/b><span style=\"font-weight: 400;\">\/\u00a0<\/span><span style=\"font-weight: 400;\">Slovinsko\u00a0<\/span><span style=\"font-weight: 400;\">\/\u00a0<\/span><span style=\"font-weight: 400;\">sk.office@ecommer.info<\/span><\/p>\n<p><span style=\"font-weight: 400;\">Registra\u010dn\u00fd org\u00e1n: \u013dub\u013eansk\u00fd okresn\u00fd s\u00fad\u00a0<\/span><span style=\"font-weight: 400;\">\/<\/span><span style=\"font-weight: 400;\">\u00a0z\u00e1kladn\u00e9 imanie: 7 500 EUR\u00a0<\/span><span style=\"font-weight: 400;\">\/<\/span><span style=\"font-weight: 400;\">\u00a0IBAN SI56 1010 0005 7929 365\u00a0 <\/span><span style=\"font-weight: 400;\">\/<\/span><span style=\"font-weight: 400;\">\u00a0I\u010c DPH: SI 37400223\u00a0<\/span><span style=\"font-weight: 400;\">\/<\/span><span style=\"font-weight: 400;\">\u00a0Registra\u010dn\u00e9 \u010d\u00edslo spolo\u010dnosti: 8477493000<\/span><\/p>\n","protected":false},"excerpt":{"rendered":"<p>Spolo\u010dnos\u0165 ECTCEU d.o.o. re\u0161pektuje a chr\u00e1ni va\u0161e s\u00fakromie. \u010ealej uv\u00e1dzame podrobnej\u0161ie inform\u00e1cie o sp\u00f4sobe, ak\u00fdm zaobch\u00e1dzame s va\u0161imi osobn\u00fdmi \u00fadajmi. Tieto z\u00e1sady pou\u017e\u00edvania s\u00faborov cookie popisuj\u00fa spracovanie \u00fadajov zhroma\u017eden\u00fdch pou\u017eit\u00edm s\u00faborov cookie a podobn\u00fdch technol\u00f3gi\u00ed. Tieto z\u00e1sady boli vypracovan\u00e9 v s\u00falade so v\u0161eobecn\u00fdm nariaden\u00edm o ochrane \u00fadajov Eur\u00f3pskej \u00fanie a platn\u00fdmi slovinsk\u00fdmi pr\u00e1vnymi predpismi. 1. &hellip; <a href=\"https:\/\/non-stopshop.eu\/sk\/zasady-pouzivania-suborov-cookie\/\">Continued<\/a><\/p>\n","protected":false},"author":4,"featured_media":0,"parent":0,"menu_order":0,"comment_status":"closed","ping_status":"closed","template":"","meta":{"inline_featured_image":false,"footnotes":""},"class_list":["post-747","page","type-page","status-publish","hentry"],"acf":[],"_links":{"self":[{"href":"https:\/\/non-stopshop.eu\/sk\/wp-json\/wp\/v2\/pages\/747","targetHints":{"allow":["GET"]}}],"collection":[{"href":"https:\/\/non-stopshop.eu\/sk\/wp-json\/wp\/v2\/pages"}],"about":[{"href":"https:\/\/non-stopshop.eu\/sk\/wp-json\/wp\/v2\/types\/page"}],"author":[{"embeddable":true,"href":"https:\/\/non-stopshop.eu\/sk\/wp-json\/wp\/v2\/users\/4"}],"replies":[{"embeddable":true,"href":"https:\/\/non-stopshop.eu\/sk\/wp-json\/wp\/v2\/comments?post=747"}],"version-history":[{"count":1,"href":"https:\/\/non-stopshop.eu\/sk\/wp-json\/wp\/v2\/pages\/747\/revisions"}],"predecessor-version":[{"id":748,"href":"https:\/\/non-stopshop.eu\/sk\/wp-json\/wp\/v2\/pages\/747\/revisions\/748"}],"wp:attachment":[{"href":"https:\/\/non-stopshop.eu\/sk\/wp-json\/wp\/v2\/media?parent=747"}],"curies":[{"name":"wp","href":"https:\/\/api.w.org\/{rel}","templated":true}]}}