{"id":98,"date":"2020-10-28T10:57:05","date_gmt":"2020-10-28T10:57:05","guid":{"rendered":"https:\/\/shopium.eu\/rs\/?page_id=98"},"modified":"2021-01-11T11:27:58","modified_gmt":"2021-01-11T10:27:58","slug":"dodanie","status":"publish","type":"page","link":"https:\/\/non-stopshop.eu\/sk\/dodanie\/","title":{"rendered":"Dodanie a mo\u017enosti platby"},"content":{"rendered":"<p><strong>Dodanie<\/strong><br \/>\nV\u0161etky produkty zobrazen\u00e9 na na\u0161ej webovej str\u00e1nke s\u00fa na na\u0161ich z\u00e1sob\u00e1ch v sklade. Po\u010das n\u00e1kupu je kupuj\u00faci povinn\u00fd zaplati\u0165 n\u00e1klady na odoslanie pri prijat\u00ed tovaru, s v\u00fdnimkou objednania niektor\u00fdch v\u00fdrobkov, ktor\u00e9 maj\u00fa ozna\u010denie: \u201epo\u0161tovn\u00e9 je zahrnut\u00e9 v cene\u201c alebo \u201ebezplatn\u00e9 dodanie\u201c. Na dodanie objedn\u00e1vok pou\u017e\u00edvame slu\u017eby doru\u010dovania GLS a Packeta. So v\u0161etk\u00fdmi vy\u0161\u0161ie uveden\u00fdmi kuri\u00e9rskymi slu\u017ebami sme podp\u00edsali dohodu o obchodnej spolupr\u00e1ci. Dodacia lehota objednan\u00fdch produktov trv\u00e1 od 2 do 5 pracovn\u00fdch dn\u00ed (vzh\u013eadom na situ\u00e1ciu COVID-19 existuje mo\u017enos\u0165 pred\u013a\u017eenia dodacej doby). Objednan\u00e9 produkty s\u00fa dod\u00e1van\u00e9 na adresu, ktor\u00fa ste uviedli ako adresu dodania.<\/p>\n<p><strong>Sledovanie z\u00e1sielky<\/strong><br \/>\nVa\u0161u z\u00e1sielku m\u00f4\u017eete sledova\u0165 prostredn\u00edctvom tohto odkazu: <a href=\"https:\/\/tracking.packeta.com\/sk\/tracking\/search\">https:\/\/tracking.packeta.com\/sk\/tracking\/search<\/a><\/p>\n<p><strong>Platba<\/strong><br \/>\nPon\u00fakame V\u00e1m nieko\u013eko mo\u017enost\u00ed platby. Za v\u00fdrobok m\u00f4\u017eete zaplati\u0165 prostredn\u00edctvom slu\u017eby PayPal, kreditnou kartou alebo na dobierku.<\/p>\n<p>&nbsp;<\/p>\n","protected":false},"excerpt":{"rendered":"<p>Dodanie V\u0161etky produkty zobrazen\u00e9 na na\u0161ej webovej str\u00e1nke s\u00fa na na\u0161ich z\u00e1sob\u00e1ch v sklade. Po\u010das n\u00e1kupu je kupuj\u00faci povinn\u00fd zaplati\u0165 n\u00e1klady na odoslanie pri prijat\u00ed tovaru, s v\u00fdnimkou objednania niektor\u00fdch v\u00fdrobkov, ktor\u00e9 maj\u00fa ozna\u010denie: \u201epo\u0161tovn\u00e9 je zahrnut\u00e9 v cene\u201c alebo \u201ebezplatn\u00e9 dodanie\u201c. Na dodanie objedn\u00e1vok pou\u017e\u00edvame slu\u017eby doru\u010dovania GLS a Packeta. So v\u0161etk\u00fdmi vy\u0161\u0161ie uveden\u00fdmi &hellip; <a href=\"https:\/\/non-stopshop.eu\/sk\/dodanie\/\">Continued<\/a><\/p>\n","protected":false},"author":1,"featured_media":0,"parent":0,"menu_order":0,"comment_status":"closed","ping_status":"closed","template":"","meta":{"inline_featured_image":false,"footnotes":""},"class_list":["post-98","page","type-page","status-publish","hentry"],"acf":[],"_links":{"self":[{"href":"https:\/\/non-stopshop.eu\/sk\/wp-json\/wp\/v2\/pages\/98","targetHints":{"allow":["GET"]}}],"collection":[{"href":"https:\/\/non-stopshop.eu\/sk\/wp-json\/wp\/v2\/pages"}],"about":[{"href":"https:\/\/non-stopshop.eu\/sk\/wp-json\/wp\/v2\/types\/page"}],"author":[{"embeddable":true,"href":"https:\/\/non-stopshop.eu\/sk\/wp-json\/wp\/v2\/users\/1"}],"replies":[{"embeddable":true,"href":"https:\/\/non-stopshop.eu\/sk\/wp-json\/wp\/v2\/comments?post=98"}],"version-history":[{"count":6,"href":"https:\/\/non-stopshop.eu\/sk\/wp-json\/wp\/v2\/pages\/98\/revisions"}],"predecessor-version":[{"id":763,"href":"https:\/\/non-stopshop.eu\/sk\/wp-json\/wp\/v2\/pages\/98\/revisions\/763"}],"wp:attachment":[{"href":"https:\/\/non-stopshop.eu\/sk\/wp-json\/wp\/v2\/media?parent=98"}],"curies":[{"name":"wp","href":"https:\/\/api.w.org\/{rel}","templated":true}]}}