{"id":1336,"date":"2021-02-17T08:49:54","date_gmt":"2021-02-17T07:49:54","guid":{"rendered":"https:\/\/shopium.eu\/sk\/?post_type=product&#038;p=1336"},"modified":"2021-10-06T14:39:24","modified_gmt":"2021-10-06T12:39:24","slug":"takticke-vojenske-rukavice-glowesly","status":"publish","type":"product","link":"https:\/\/non-stopshop.eu\/sk\/produkt\/takticke-vojenske-rukavice-glowesly\/","title":{"rendered":"Taktick\u00e9 vojensk\u00e9 rukavice &#8211; Glowesly"},"content":{"rendered":"<p>Perfektn\u00e9 Touch Screen vojensk\u00e9 rukavice ide\u00e1lne pre v\u0161etky druhy \u0161portov alebo pre r\u00f4zne outdoorov\u00e9 aktivity, bez \u0161krabancov, modr\u00edn alebo omrzl\u00edn.<\/p>\n","protected":false},"excerpt":{"rendered":"<p>Perfektn\u00e9 Touch Screen vojensk\u00e9 rukavice ide\u00e1lne pre v\u0161etky druhy \u0161portov alebo pre r\u00f4zne outdoorov\u00e9 aktivity, bez \u0161krabancov, modr\u00edn alebo omrzl\u00edn.<\/p>\n","protected":false},"featured_media":1187,"comment_status":"closed","ping_status":"closed","template":"","meta":{"inline_featured_image":false},"product_brand":[],"product_cat":[15,25,27],"product_tag":[],"class_list":{"0":"post-1336","1":"product","2":"type-product","3":"status-publish","4":"has-post-thumbnail","6":"product_cat-uncategorized","7":"product_cat-car","8":"product_cat-home","10":"first","11":"instock","12":"sale","13":"taxable","14":"shipping-taxable","15":"purchasable","16":"product-type-simple"},"acf":[],"_links":{"self":[{"href":"https:\/\/non-stopshop.eu\/sk\/wp-json\/wp\/v2\/product\/1336","targetHints":{"allow":["GET"]}}],"collection":[{"href":"https:\/\/non-stopshop.eu\/sk\/wp-json\/wp\/v2\/product"}],"about":[{"href":"https:\/\/non-stopshop.eu\/sk\/wp-json\/wp\/v2\/types\/product"}],"replies":[{"embeddable":true,"href":"https:\/\/non-stopshop.eu\/sk\/wp-json\/wp\/v2\/comments?post=1336"}],"wp:featuredmedia":[{"embeddable":true,"href":"https:\/\/non-stopshop.eu\/sk\/wp-json\/wp\/v2\/media\/1187"}],"wp:attachment":[{"href":"https:\/\/non-stopshop.eu\/sk\/wp-json\/wp\/v2\/media?parent=1336"}],"wp:term":[{"taxonomy":"product_brand","embeddable":true,"href":"https:\/\/non-stopshop.eu\/sk\/wp-json\/wp\/v2\/product_brand?post=1336"},{"taxonomy":"product_cat","embeddable":true,"href":"https:\/\/non-stopshop.eu\/sk\/wp-json\/wp\/v2\/product_cat?post=1336"},{"taxonomy":"product_tag","embeddable":true,"href":"https:\/\/non-stopshop.eu\/sk\/wp-json\/wp\/v2\/product_tag?post=1336"}],"curies":[{"name":"wp","href":"https:\/\/api.w.org\/{rel}","templated":true}]}}