{"id":1338,"date":"2021-02-17T08:52:05","date_gmt":"2021-02-17T07:52:05","guid":{"rendered":"https:\/\/shopium.eu\/sk\/?post_type=product&#038;p=1338"},"modified":"2021-10-06T14:38:36","modified_gmt":"2021-10-06T12:38:36","slug":"tekuta-izolacna-paska-flextape","status":"publish","type":"product","link":"https:\/\/non-stopshop.eu\/sk\/produkt\/tekuta-izolacna-paska-flextape\/","title":{"rendered":"Tekut\u00e1 izola\u010dn\u00e1 p\u00e1ska &#8211; FlexTape"},"content":{"rendered":"<p>Perfektn\u00e9 rie\u0161enie na izol\u00e1ciu v\u0161etk\u00fdch elektrick\u00fdch spojov. T\u00e1to ultrapraktick\u00e1 a bezpe\u010dn\u00e1 izola\u010dn\u00e1 kvapalina umo\u017e\u0148uje, aby v\u0161etky spoje boli \u00faplne bezpe\u010dn\u00e9. Nieto ani odpadnute ako pri klasick\u00fdch izola\u010dn\u00fdch p\u00e1skach.<\/p>\n","protected":false},"excerpt":{"rendered":"<div>Perfektn\u00e9 rie\u0161enie na izol\u00e1ciu v\u0161etk\u00fdch elektrick\u00fdch spojov. T\u00e1to ultrapraktick\u00e1 a bezpe\u010dn\u00e1 izola\u010dn\u00e1 kvapalina umo\u017e\u0148uje, aby v\u0161etky spoje boli \u00faplne bezpe\u010dn\u00e9. Nieto ani odpadnute ako pri klasick\u00fdch izola\u010dn\u00fdch p\u00e1skach.<\/div>\n<div><\/div>\n","protected":false},"featured_media":723,"comment_status":"closed","ping_status":"closed","template":"","meta":{"inline_featured_image":false},"product_brand":[],"product_cat":[15],"product_tag":[],"class_list":{"0":"post-1338","1":"product","2":"type-product","3":"status-publish","4":"has-post-thumbnail","6":"product_cat-uncategorized","8":"first","9":"instock","10":"sale","11":"taxable","12":"shipping-taxable","13":"purchasable","14":"product-type-simple"},"acf":[],"_links":{"self":[{"href":"https:\/\/non-stopshop.eu\/sk\/wp-json\/wp\/v2\/product\/1338","targetHints":{"allow":["GET"]}}],"collection":[{"href":"https:\/\/non-stopshop.eu\/sk\/wp-json\/wp\/v2\/product"}],"about":[{"href":"https:\/\/non-stopshop.eu\/sk\/wp-json\/wp\/v2\/types\/product"}],"replies":[{"embeddable":true,"href":"https:\/\/non-stopshop.eu\/sk\/wp-json\/wp\/v2\/comments?post=1338"}],"wp:featuredmedia":[{"embeddable":true,"href":"https:\/\/non-stopshop.eu\/sk\/wp-json\/wp\/v2\/media\/723"}],"wp:attachment":[{"href":"https:\/\/non-stopshop.eu\/sk\/wp-json\/wp\/v2\/media?parent=1338"}],"wp:term":[{"taxonomy":"product_brand","embeddable":true,"href":"https:\/\/non-stopshop.eu\/sk\/wp-json\/wp\/v2\/product_brand?post=1338"},{"taxonomy":"product_cat","embeddable":true,"href":"https:\/\/non-stopshop.eu\/sk\/wp-json\/wp\/v2\/product_cat?post=1338"},{"taxonomy":"product_tag","embeddable":true,"href":"https:\/\/non-stopshop.eu\/sk\/wp-json\/wp\/v2\/product_tag?post=1338"}],"curies":[{"name":"wp","href":"https:\/\/api.w.org\/{rel}","templated":true}]}}