{"id":2315,"date":"2021-10-15T12:43:07","date_gmt":"2021-10-15T10:43:07","guid":{"rendered":"https:\/\/cartium.eu\/sk\/?post_type=product&#038;p=2315"},"modified":"2023-01-10T15:15:17","modified_gmt":"2023-01-10T14:15:17","slug":"11-gratis-silikonova-toaletna-kefa-scrubbrush","status":"publish","type":"product","link":"https:\/\/non-stopshop.eu\/sk\/produkt\/11-gratis-silikonova-toaletna-kefa-scrubbrush\/","title":{"rendered":"1+1 GR\u00c1TIS Silik\u00f3nov\u00e1 toaletn\u00e1 kefa &#8211; ScrubBrush"},"content":{"rendered":"","protected":false},"excerpt":{"rendered":"<p>Efekt\u00edvne a r\u00fdchle \u010distenie va\u0161ej z\u00e1chodovej misy pomocou inovat\u00edvnej silik\u00f3novej kefy, s ktorou zabudnete na star\u00e9 a nevzh\u013eadn\u00e9 kefy a zaist\u00edte \u010distotu na z\u00e1videniahodnej \u00farovni.<\/p>\n","protected":false},"featured_media":2339,"comment_status":"closed","ping_status":"closed","template":"","meta":{"inline_featured_image":false},"product_brand":[],"product_cat":[15,27,24],"product_tag":[],"class_list":{"0":"post-2315","1":"product","2":"type-product","3":"status-publish","4":"has-post-thumbnail","6":"product_cat-uncategorized","7":"product_cat-home","8":"product_cat-sale","10":"first","11":"instock","12":"sale","13":"taxable","14":"shipping-taxable","15":"purchasable","16":"product-type-simple"},"acf":[],"_links":{"self":[{"href":"https:\/\/non-stopshop.eu\/sk\/wp-json\/wp\/v2\/product\/2315","targetHints":{"allow":["GET"]}}],"collection":[{"href":"https:\/\/non-stopshop.eu\/sk\/wp-json\/wp\/v2\/product"}],"about":[{"href":"https:\/\/non-stopshop.eu\/sk\/wp-json\/wp\/v2\/types\/product"}],"replies":[{"embeddable":true,"href":"https:\/\/non-stopshop.eu\/sk\/wp-json\/wp\/v2\/comments?post=2315"}],"wp:featuredmedia":[{"embeddable":true,"href":"https:\/\/non-stopshop.eu\/sk\/wp-json\/wp\/v2\/media\/2339"}],"wp:attachment":[{"href":"https:\/\/non-stopshop.eu\/sk\/wp-json\/wp\/v2\/media?parent=2315"}],"wp:term":[{"taxonomy":"product_brand","embeddable":true,"href":"https:\/\/non-stopshop.eu\/sk\/wp-json\/wp\/v2\/product_brand?post=2315"},{"taxonomy":"product_cat","embeddable":true,"href":"https:\/\/non-stopshop.eu\/sk\/wp-json\/wp\/v2\/product_cat?post=2315"},{"taxonomy":"product_tag","embeddable":true,"href":"https:\/\/non-stopshop.eu\/sk\/wp-json\/wp\/v2\/product_tag?post=2315"}],"curies":[{"name":"wp","href":"https:\/\/api.w.org\/{rel}","templated":true}]}}