{"id":2340,"date":"2021-10-15T12:51:13","date_gmt":"2021-10-15T10:51:13","guid":{"rendered":"https:\/\/cartium.eu\/sk\/?post_type=product&#038;p=2340"},"modified":"2021-11-08T09:24:12","modified_gmt":"2021-11-08T08:24:12","slug":"katapultovacie-lietadlo-glideplane","status":"publish","type":"product","link":"https:\/\/non-stopshop.eu\/sk\/produkt\/katapultovacie-lietadlo-glideplane\/","title":{"rendered":"Katapultovacie lietadlo &#8211; GlidePlane"},"content":{"rendered":"","protected":false},"excerpt":{"rendered":"<p>Super zauj\u00edmav\u00e1 a bezpe\u010dn\u00e1 hra\u010dka pre v\u0161etky vekov\u00e9 kateg\u00f3rie det\u00ed zaru\u010duje z\u00e1bavu a u va\u0161ich det\u00ed vzbudzuje v\u00fdnimo\u010dn\u00e9ho s\u00fa\u0165a\u017eiv\u00e9ho ducha vo vystre\u013eovan\u00ed \u0161pongiov\u00fdch lietadiel z katapultovacej pi\u0161tole. Glidery je najlep\u0161\u00edm druhom z\u00e1bavy.<\/p>\n","protected":false},"featured_media":2322,"comment_status":"closed","ping_status":"closed","template":"","meta":{"inline_featured_image":false},"product_brand":[],"product_cat":[15,35],"product_tag":[],"class_list":{"0":"post-2340","1":"product","2":"type-product","3":"status-publish","4":"has-post-thumbnail","6":"product_cat-uncategorized","7":"product_cat-fun","9":"first","10":"instock","11":"sale","12":"taxable","13":"shipping-taxable","14":"purchasable","15":"product-type-simple"},"acf":[],"_links":{"self":[{"href":"https:\/\/non-stopshop.eu\/sk\/wp-json\/wp\/v2\/product\/2340","targetHints":{"allow":["GET"]}}],"collection":[{"href":"https:\/\/non-stopshop.eu\/sk\/wp-json\/wp\/v2\/product"}],"about":[{"href":"https:\/\/non-stopshop.eu\/sk\/wp-json\/wp\/v2\/types\/product"}],"replies":[{"embeddable":true,"href":"https:\/\/non-stopshop.eu\/sk\/wp-json\/wp\/v2\/comments?post=2340"}],"wp:featuredmedia":[{"embeddable":true,"href":"https:\/\/non-stopshop.eu\/sk\/wp-json\/wp\/v2\/media\/2322"}],"wp:attachment":[{"href":"https:\/\/non-stopshop.eu\/sk\/wp-json\/wp\/v2\/media?parent=2340"}],"wp:term":[{"taxonomy":"product_brand","embeddable":true,"href":"https:\/\/non-stopshop.eu\/sk\/wp-json\/wp\/v2\/product_brand?post=2340"},{"taxonomy":"product_cat","embeddable":true,"href":"https:\/\/non-stopshop.eu\/sk\/wp-json\/wp\/v2\/product_cat?post=2340"},{"taxonomy":"product_tag","embeddable":true,"href":"https:\/\/non-stopshop.eu\/sk\/wp-json\/wp\/v2\/product_tag?post=2340"}],"curies":[{"name":"wp","href":"https:\/\/api.w.org\/{rel}","templated":true}]}}