{"id":2423,"date":"2021-11-09T10:42:43","date_gmt":"2021-11-09T09:42:43","guid":{"rendered":"https:\/\/non-stopshop.eu\/sk\/?post_type=product&#038;p=2423"},"modified":"2021-11-09T10:56:13","modified_gmt":"2021-11-09T09:56:13","slug":"realisticka-elektricka-hracka-ryba-fishtoy","status":"publish","type":"product","link":"https:\/\/non-stopshop.eu\/sk\/produkt\/realisticka-elektricka-hracka-ryba-fishtoy\/","title":{"rendered":"Realistick\u00e1 elektrick\u00e1 hra\u010dka ryba &#8211; Fishtoy"},"content":{"rendered":"","protected":false},"excerpt":{"rendered":"<p>Nezvy\u010dajn\u00e1 hra\u010dka, ktor\u00e1 je vizu\u00e1lne na nerozoznanie od skuto\u010dnej ryby, preto\u017ee sa bude pohybova\u0165 a sledova\u0165 pohyby v\u00e1\u0161ho dom\u00e1ceho mazn\u00e1\u010dika.<\/p>\n","protected":false},"featured_media":2426,"comment_status":"closed","ping_status":"closed","template":"","meta":{"inline_featured_image":false},"product_brand":[],"product_cat":[15,27,35],"product_tag":[],"class_list":{"0":"post-2423","1":"product","2":"type-product","3":"status-publish","4":"has-post-thumbnail","6":"product_cat-uncategorized","7":"product_cat-home","8":"product_cat-fun","10":"first","11":"instock","12":"sale","13":"taxable","14":"shipping-taxable","15":"purchasable","16":"product-type-simple"},"acf":[],"_links":{"self":[{"href":"https:\/\/non-stopshop.eu\/sk\/wp-json\/wp\/v2\/product\/2423","targetHints":{"allow":["GET"]}}],"collection":[{"href":"https:\/\/non-stopshop.eu\/sk\/wp-json\/wp\/v2\/product"}],"about":[{"href":"https:\/\/non-stopshop.eu\/sk\/wp-json\/wp\/v2\/types\/product"}],"replies":[{"embeddable":true,"href":"https:\/\/non-stopshop.eu\/sk\/wp-json\/wp\/v2\/comments?post=2423"}],"wp:featuredmedia":[{"embeddable":true,"href":"https:\/\/non-stopshop.eu\/sk\/wp-json\/wp\/v2\/media\/2426"}],"wp:attachment":[{"href":"https:\/\/non-stopshop.eu\/sk\/wp-json\/wp\/v2\/media?parent=2423"}],"wp:term":[{"taxonomy":"product_brand","embeddable":true,"href":"https:\/\/non-stopshop.eu\/sk\/wp-json\/wp\/v2\/product_brand?post=2423"},{"taxonomy":"product_cat","embeddable":true,"href":"https:\/\/non-stopshop.eu\/sk\/wp-json\/wp\/v2\/product_cat?post=2423"},{"taxonomy":"product_tag","embeddable":true,"href":"https:\/\/non-stopshop.eu\/sk\/wp-json\/wp\/v2\/product_tag?post=2423"}],"curies":[{"name":"wp","href":"https:\/\/api.w.org\/{rel}","templated":true}]}}