{"id":2446,"date":"2021-12-07T16:05:33","date_gmt":"2021-12-07T15:05:33","guid":{"rendered":"https:\/\/non-stopshop.eu\/sk\/?post_type=product&#038;p=2446"},"modified":"2021-12-09T14:23:49","modified_gmt":"2021-12-09T13:23:49","slug":"led-zvukove-svetla-ledlightound","status":"publish","type":"product","link":"https:\/\/non-stopshop.eu\/sk\/produkt\/led-zvukove-svetla-ledlightound\/","title":{"rendered":"LED zvukov\u00e9 svetl\u00e1 &#8211; Ledlightound"},"content":{"rendered":"","protected":false},"excerpt":{"rendered":"<p>Mimoriadne efektn\u00e9 a nev\u0161edn\u00e9 LED osvetlenie s dotykov\u00fdmi mikrof\u00f3nmi, ktor\u00e9 bud\u00fa vyd\u00e1va\u0165 rytmus hudby vo svetl\u00fdch pestr\u00fdch farb\u00e1ch, s\u00fa dokonalou dekor\u00e1ciou do ka\u017edej miestnosti.<\/p>\n","protected":false},"featured_media":2497,"comment_status":"closed","ping_status":"closed","template":"","meta":{"inline_featured_image":false},"product_brand":[],"product_cat":[15,27,35],"product_tag":[],"class_list":{"0":"post-2446","1":"product","2":"type-product","3":"status-publish","4":"has-post-thumbnail","6":"product_cat-uncategorized","7":"product_cat-home","8":"product_cat-fun","10":"first","11":"instock","12":"sale","13":"taxable","14":"shipping-taxable","15":"purchasable","16":"product-type-simple"},"acf":[],"_links":{"self":[{"href":"https:\/\/non-stopshop.eu\/sk\/wp-json\/wp\/v2\/product\/2446","targetHints":{"allow":["GET"]}}],"collection":[{"href":"https:\/\/non-stopshop.eu\/sk\/wp-json\/wp\/v2\/product"}],"about":[{"href":"https:\/\/non-stopshop.eu\/sk\/wp-json\/wp\/v2\/types\/product"}],"replies":[{"embeddable":true,"href":"https:\/\/non-stopshop.eu\/sk\/wp-json\/wp\/v2\/comments?post=2446"}],"wp:featuredmedia":[{"embeddable":true,"href":"https:\/\/non-stopshop.eu\/sk\/wp-json\/wp\/v2\/media\/2497"}],"wp:attachment":[{"href":"https:\/\/non-stopshop.eu\/sk\/wp-json\/wp\/v2\/media?parent=2446"}],"wp:term":[{"taxonomy":"product_brand","embeddable":true,"href":"https:\/\/non-stopshop.eu\/sk\/wp-json\/wp\/v2\/product_brand?post=2446"},{"taxonomy":"product_cat","embeddable":true,"href":"https:\/\/non-stopshop.eu\/sk\/wp-json\/wp\/v2\/product_cat?post=2446"},{"taxonomy":"product_tag","embeddable":true,"href":"https:\/\/non-stopshop.eu\/sk\/wp-json\/wp\/v2\/product_tag?post=2446"}],"curies":[{"name":"wp","href":"https:\/\/api.w.org\/{rel}","templated":true}]}}