{"id":2448,"date":"2021-12-07T16:13:11","date_gmt":"2021-12-07T15:13:11","guid":{"rendered":"https:\/\/non-stopshop.eu\/sk\/?post_type=product&#038;p=2448"},"modified":"2023-01-10T15:19:14","modified_gmt":"2023-01-10T14:19:14","slug":"zamatove-teple-ponozky-4-pary-termax","status":"publish","type":"product","link":"https:\/\/non-stopshop.eu\/sk\/produkt\/zamatove-teple-ponozky-4-pary-termax\/","title":{"rendered":"Zamatov\u00e9 tepl\u00e9 pono\u017eky &#8211; 4 p\u00e1ry &#8211; Termax"},"content":{"rendered":"","protected":false},"excerpt":{"rendered":"<p id=\"tw-target-text\" class=\"tw-data-text tw-text-large tw-ta\" dir=\"ltr\" data-placeholder=\"Prijevod\"><span class=\"Y2IQFc\" lang=\"sk\">Nech je v\u00e1m v chladn\u00fdch zimn\u00fdch d\u0148och v\u017edy teplo a pohodlie a noste len tieto super pono\u017eky z v\u00fdnimo\u010dn\u00e9ho ka\u0161m\u00edrov\u00e9ho materi\u00e1lu, ktor\u00fd je charakteristicky priedu\u0161n\u00fd a v\u010fa\u010dn\u00fd na \u00fadr\u017ebu.<\/span><\/p>\n","protected":false},"featured_media":2452,"comment_status":"closed","ping_status":"closed","template":"","meta":{"inline_featured_image":false},"product_brand":[],"product_cat":[15,28,26],"product_tag":[],"class_list":{"0":"post-2448","1":"product","2":"type-product","3":"status-publish","4":"has-post-thumbnail","6":"product_cat-uncategorized","7":"product_cat-beauty","8":"product_cat-health","10":"first","11":"instock","12":"sale","13":"taxable","14":"shipping-taxable","15":"purchasable","16":"product-type-simple"},"acf":[],"_links":{"self":[{"href":"https:\/\/non-stopshop.eu\/sk\/wp-json\/wp\/v2\/product\/2448","targetHints":{"allow":["GET"]}}],"collection":[{"href":"https:\/\/non-stopshop.eu\/sk\/wp-json\/wp\/v2\/product"}],"about":[{"href":"https:\/\/non-stopshop.eu\/sk\/wp-json\/wp\/v2\/types\/product"}],"replies":[{"embeddable":true,"href":"https:\/\/non-stopshop.eu\/sk\/wp-json\/wp\/v2\/comments?post=2448"}],"wp:featuredmedia":[{"embeddable":true,"href":"https:\/\/non-stopshop.eu\/sk\/wp-json\/wp\/v2\/media\/2452"}],"wp:attachment":[{"href":"https:\/\/non-stopshop.eu\/sk\/wp-json\/wp\/v2\/media?parent=2448"}],"wp:term":[{"taxonomy":"product_brand","embeddable":true,"href":"https:\/\/non-stopshop.eu\/sk\/wp-json\/wp\/v2\/product_brand?post=2448"},{"taxonomy":"product_cat","embeddable":true,"href":"https:\/\/non-stopshop.eu\/sk\/wp-json\/wp\/v2\/product_cat?post=2448"},{"taxonomy":"product_tag","embeddable":true,"href":"https:\/\/non-stopshop.eu\/sk\/wp-json\/wp\/v2\/product_tag?post=2448"}],"curies":[{"name":"wp","href":"https:\/\/api.w.org\/{rel}","templated":true}]}}