{"id":2498,"date":"2021-12-10T16:01:29","date_gmt":"2021-12-10T15:01:29","guid":{"rendered":"https:\/\/non-stopshop.eu\/sk\/?post_type=product&#038;p=2498"},"modified":"2022-09-29T12:37:27","modified_gmt":"2022-09-29T10:37:27","slug":"mikulasska-vyzdoba-na-novy-rok-santas","status":"publish","type":"product","link":"https:\/\/non-stopshop.eu\/sk\/produkt\/mikulasska-vyzdoba-na-novy-rok-santas\/","title":{"rendered":"Mikul\u00e1\u0161ska v\u00fdzdoba na Nov\u00fd rok &#8211; Santas"},"content":{"rendered":"","protected":false},"excerpt":{"rendered":"<p>Sviato\u010dn\u00e9 obdobie sa bl\u00ed\u017ei, dopl\u0148te svoju zbierku dokonal\u00fdch novoro\u010dn\u00fdch v\u00fdzob touto inovat\u00edvnou a super COOL vizu\u00e1lnou a zvukovou mikul\u00e1\u0161skou dekor\u00e1ciou a urobte rados\u0165 svojim najmen\u0161\u00edm.<\/p>\n","protected":false},"featured_media":2504,"comment_status":"closed","ping_status":"closed","template":"","meta":{"inline_featured_image":false},"product_brand":[],"product_cat":[15,27,36],"product_tag":[],"class_list":{"0":"post-2498","1":"product","2":"type-product","3":"status-publish","4":"has-post-thumbnail","6":"product_cat-uncategorized","7":"product_cat-home","8":"product_cat-seasonal-discounts","10":"first","11":"instock","12":"sale","13":"taxable","14":"shipping-taxable","15":"purchasable","16":"product-type-simple"},"acf":[],"_links":{"self":[{"href":"https:\/\/non-stopshop.eu\/sk\/wp-json\/wp\/v2\/product\/2498","targetHints":{"allow":["GET"]}}],"collection":[{"href":"https:\/\/non-stopshop.eu\/sk\/wp-json\/wp\/v2\/product"}],"about":[{"href":"https:\/\/non-stopshop.eu\/sk\/wp-json\/wp\/v2\/types\/product"}],"replies":[{"embeddable":true,"href":"https:\/\/non-stopshop.eu\/sk\/wp-json\/wp\/v2\/comments?post=2498"}],"wp:featuredmedia":[{"embeddable":true,"href":"https:\/\/non-stopshop.eu\/sk\/wp-json\/wp\/v2\/media\/2504"}],"wp:attachment":[{"href":"https:\/\/non-stopshop.eu\/sk\/wp-json\/wp\/v2\/media?parent=2498"}],"wp:term":[{"taxonomy":"product_brand","embeddable":true,"href":"https:\/\/non-stopshop.eu\/sk\/wp-json\/wp\/v2\/product_brand?post=2498"},{"taxonomy":"product_cat","embeddable":true,"href":"https:\/\/non-stopshop.eu\/sk\/wp-json\/wp\/v2\/product_cat?post=2498"},{"taxonomy":"product_tag","embeddable":true,"href":"https:\/\/non-stopshop.eu\/sk\/wp-json\/wp\/v2\/product_tag?post=2498"}],"curies":[{"name":"wp","href":"https:\/\/api.w.org\/{rel}","templated":true}]}}