{"id":2515,"date":"2021-12-10T23:07:21","date_gmt":"2021-12-10T22:07:21","guid":{"rendered":"https:\/\/non-stopshop.eu\/sk\/?post_type=product&#038;p=2515"},"modified":"2023-05-11T11:20:19","modified_gmt":"2023-05-11T09:20:19","slug":"led-svetelna-dekoracia-na-dialkove-ovladanie-ledlight","status":"publish","type":"product","link":"https:\/\/non-stopshop.eu\/sk\/produkt\/led-svetelna-dekoracia-na-dialkove-ovladanie-ledlight\/","title":{"rendered":"Led sveteln\u00e1 dekor\u00e1cia na dia\u013ekov\u00e9 ovl\u00e1danie &#8211; Ledlight"},"content":{"rendered":"","protected":false},"excerpt":{"rendered":"<p id=\"tw-target-text\" class=\"tw-data-text tw-text-large tw-ta\" dir=\"ltr\" data-placeholder=\"Prijevod\">Dokonal\u00e9 dekorat\u00edvne LED svetl\u00e1 na dia\u013ekov\u00e9 ovl\u00e1danie cez smartf\u00f3ny vytvoria dokonal\u00fa atmosf\u00e9ru po\u010das sviatkov, Nov\u00e9ho roka a Vianoc, svojou kvalitou s efektom farebn\u00fdch vari\u00e1ci\u00ed vytv\u00e1raj\u00fa nev\u0161edn\u00fa atmosf\u00e9ru a pohodlie.<\/p>\n","protected":false},"featured_media":7742,"comment_status":"closed","ping_status":"closed","template":"","meta":{"inline_featured_image":false},"product_brand":[],"product_cat":[15,27,36],"product_tag":[],"class_list":{"0":"post-2515","1":"product","2":"type-product","3":"status-publish","4":"has-post-thumbnail","6":"product_cat-uncategorized","7":"product_cat-home","8":"product_cat-seasonal-discounts","10":"first","11":"instock","12":"sale","13":"taxable","14":"shipping-taxable","15":"purchasable","16":"product-type-simple"},"acf":[],"_links":{"self":[{"href":"https:\/\/non-stopshop.eu\/sk\/wp-json\/wp\/v2\/product\/2515","targetHints":{"allow":["GET"]}}],"collection":[{"href":"https:\/\/non-stopshop.eu\/sk\/wp-json\/wp\/v2\/product"}],"about":[{"href":"https:\/\/non-stopshop.eu\/sk\/wp-json\/wp\/v2\/types\/product"}],"replies":[{"embeddable":true,"href":"https:\/\/non-stopshop.eu\/sk\/wp-json\/wp\/v2\/comments?post=2515"}],"wp:featuredmedia":[{"embeddable":true,"href":"https:\/\/non-stopshop.eu\/sk\/wp-json\/wp\/v2\/media\/7742"}],"wp:attachment":[{"href":"https:\/\/non-stopshop.eu\/sk\/wp-json\/wp\/v2\/media?parent=2515"}],"wp:term":[{"taxonomy":"product_brand","embeddable":true,"href":"https:\/\/non-stopshop.eu\/sk\/wp-json\/wp\/v2\/product_brand?post=2515"},{"taxonomy":"product_cat","embeddable":true,"href":"https:\/\/non-stopshop.eu\/sk\/wp-json\/wp\/v2\/product_cat?post=2515"},{"taxonomy":"product_tag","embeddable":true,"href":"https:\/\/non-stopshop.eu\/sk\/wp-json\/wp\/v2\/product_tag?post=2515"}],"curies":[{"name":"wp","href":"https:\/\/api.w.org\/{rel}","templated":true}]}}