{"id":2683,"date":"2022-01-22T11:18:57","date_gmt":"2022-01-22T10:18:57","guid":{"rendered":"https:\/\/non-stopshop.eu\/sk\/?post_type=product&#038;p=2683"},"modified":"2023-01-23T13:00:18","modified_gmt":"2023-01-23T12:00:18","slug":"pasca-na-mysi-a-potkany-mtrap","status":"publish","type":"product","link":"https:\/\/non-stopshop.eu\/sk\/produkt\/pasca-na-mysi-a-potkany-mtrap\/","title":{"rendered":"Pasca na my\u0161i a potkany &#8211; Mtrap"},"content":{"rendered":"","protected":false},"excerpt":{"rendered":"<p>T\u00e1to pasca na my\u0161i chyt\u00ed v\u0161etko! Postarajte sa o my\u0161i a potkany a zbavte sa ich nav\u017edy!<\/p>\n","protected":false},"featured_media":2688,"comment_status":"closed","ping_status":"closed","template":"","meta":{"inline_featured_image":false},"product_brand":[],"product_cat":[15,27],"product_tag":[],"class_list":{"0":"post-2683","1":"product","2":"type-product","3":"status-publish","4":"has-post-thumbnail","6":"product_cat-uncategorized","7":"product_cat-home","9":"first","10":"instock","11":"sale","12":"taxable","13":"shipping-taxable","14":"purchasable","15":"product-type-simple"},"acf":[],"_links":{"self":[{"href":"https:\/\/non-stopshop.eu\/sk\/wp-json\/wp\/v2\/product\/2683","targetHints":{"allow":["GET"]}}],"collection":[{"href":"https:\/\/non-stopshop.eu\/sk\/wp-json\/wp\/v2\/product"}],"about":[{"href":"https:\/\/non-stopshop.eu\/sk\/wp-json\/wp\/v2\/types\/product"}],"replies":[{"embeddable":true,"href":"https:\/\/non-stopshop.eu\/sk\/wp-json\/wp\/v2\/comments?post=2683"}],"wp:featuredmedia":[{"embeddable":true,"href":"https:\/\/non-stopshop.eu\/sk\/wp-json\/wp\/v2\/media\/2688"}],"wp:attachment":[{"href":"https:\/\/non-stopshop.eu\/sk\/wp-json\/wp\/v2\/media?parent=2683"}],"wp:term":[{"taxonomy":"product_brand","embeddable":true,"href":"https:\/\/non-stopshop.eu\/sk\/wp-json\/wp\/v2\/product_brand?post=2683"},{"taxonomy":"product_cat","embeddable":true,"href":"https:\/\/non-stopshop.eu\/sk\/wp-json\/wp\/v2\/product_cat?post=2683"},{"taxonomy":"product_tag","embeddable":true,"href":"https:\/\/non-stopshop.eu\/sk\/wp-json\/wp\/v2\/product_tag?post=2683"}],"curies":[{"name":"wp","href":"https:\/\/api.w.org\/{rel}","templated":true}]}}