{"id":2692,"date":"2022-01-22T15:55:18","date_gmt":"2022-01-22T14:55:18","guid":{"rendered":"https:\/\/non-stopshop.eu\/sk\/?post_type=product&#038;p=2692"},"modified":"2022-01-22T16:00:45","modified_gmt":"2022-01-22T15:00:45","slug":"multifunkcny-nastroj-na-rezanie-sadrokartonovych-dosiek-cutex","status":"publish","type":"product","link":"https:\/\/non-stopshop.eu\/sk\/produkt\/multifunkcny-nastroj-na-rezanie-sadrokartonovych-dosiek-cutex\/","title":{"rendered":"Multifunk\u010dn\u00fd n\u00e1stroj na rezanie sadrokart\u00f3nov\u00fdch dosiek &#8211; Cutex"},"content":{"rendered":"","protected":false},"excerpt":{"rendered":"<p>Vyzna\u010dte miery a pozd\u013a\u017ene rezy pomocou prilo\u017eenej stol\u00e1rskej ceruzky, ktor\u00e1 sa zmest\u00ed do praktick\u00e9ho dr\u017eiaka, tak\u017ee ju budete ma\u0165 v\u017edy po ruke.<\/p>\n","protected":false},"featured_media":2693,"comment_status":"closed","ping_status":"closed","template":"","meta":{"inline_featured_image":false},"product_brand":[],"product_cat":[15],"product_tag":[],"class_list":{"0":"post-2692","1":"product","2":"type-product","3":"status-publish","4":"has-post-thumbnail","6":"product_cat-uncategorized","8":"first","9":"instock","10":"sale","11":"taxable","12":"shipping-taxable","13":"purchasable","14":"product-type-simple"},"acf":[],"_links":{"self":[{"href":"https:\/\/non-stopshop.eu\/sk\/wp-json\/wp\/v2\/product\/2692","targetHints":{"allow":["GET"]}}],"collection":[{"href":"https:\/\/non-stopshop.eu\/sk\/wp-json\/wp\/v2\/product"}],"about":[{"href":"https:\/\/non-stopshop.eu\/sk\/wp-json\/wp\/v2\/types\/product"}],"replies":[{"embeddable":true,"href":"https:\/\/non-stopshop.eu\/sk\/wp-json\/wp\/v2\/comments?post=2692"}],"wp:featuredmedia":[{"embeddable":true,"href":"https:\/\/non-stopshop.eu\/sk\/wp-json\/wp\/v2\/media\/2693"}],"wp:attachment":[{"href":"https:\/\/non-stopshop.eu\/sk\/wp-json\/wp\/v2\/media?parent=2692"}],"wp:term":[{"taxonomy":"product_brand","embeddable":true,"href":"https:\/\/non-stopshop.eu\/sk\/wp-json\/wp\/v2\/product_brand?post=2692"},{"taxonomy":"product_cat","embeddable":true,"href":"https:\/\/non-stopshop.eu\/sk\/wp-json\/wp\/v2\/product_cat?post=2692"},{"taxonomy":"product_tag","embeddable":true,"href":"https:\/\/non-stopshop.eu\/sk\/wp-json\/wp\/v2\/product_tag?post=2692"}],"curies":[{"name":"wp","href":"https:\/\/api.w.org\/{rel}","templated":true}]}}