{"id":2888,"date":"2022-02-09T12:58:26","date_gmt":"2022-02-09T11:58:26","guid":{"rendered":"https:\/\/non-stopshop.eu\/sk\/?post_type=product&#038;p=2888"},"modified":"2022-02-09T13:18:48","modified_gmt":"2022-02-09T12:18:48","slug":"samolepiace-mihalnice-na-viacnasobne-pouzitie-reuselash","status":"publish","type":"product","link":"https:\/\/non-stopshop.eu\/sk\/produkt\/samolepiace-mihalnice-na-viacnasobne-pouzitie-reuselash\/","title":{"rendered":"Samolepiace mihalnice na viacn\u00e1sobn\u00e9 pou\u017eitie &#8211; Reuselash"},"content":{"rendered":"","protected":false},"excerpt":{"rendered":"<p>Vysk\u00fa\u0161ajte na\u0161e opakovane pou\u017eite\u013en\u00e9 samolepiace mihalnice, ktor\u00e9 sa jednoducho a r\u00fdchlo aplikuj\u00fa a v\u00fdrazne zjednodu\u0161uj\u00fa proces l\u00ed\u010denia. S\u00fa rovnako prirodzen\u00e9 ako va\u0161e vlastn\u00e9 mihalnice a daj\u00fa sa znova pou\u017ei\u0165.<\/p>\n","protected":false},"featured_media":2887,"comment_status":"closed","ping_status":"closed","template":"","meta":{"inline_featured_image":false},"product_brand":[],"product_cat":[15],"product_tag":[],"class_list":{"0":"post-2888","1":"product","2":"type-product","3":"status-publish","4":"has-post-thumbnail","6":"product_cat-uncategorized","8":"first","9":"instock","10":"sale","11":"taxable","12":"shipping-taxable","13":"purchasable","14":"product-type-simple"},"acf":[],"_links":{"self":[{"href":"https:\/\/non-stopshop.eu\/sk\/wp-json\/wp\/v2\/product\/2888","targetHints":{"allow":["GET"]}}],"collection":[{"href":"https:\/\/non-stopshop.eu\/sk\/wp-json\/wp\/v2\/product"}],"about":[{"href":"https:\/\/non-stopshop.eu\/sk\/wp-json\/wp\/v2\/types\/product"}],"replies":[{"embeddable":true,"href":"https:\/\/non-stopshop.eu\/sk\/wp-json\/wp\/v2\/comments?post=2888"}],"wp:featuredmedia":[{"embeddable":true,"href":"https:\/\/non-stopshop.eu\/sk\/wp-json\/wp\/v2\/media\/2887"}],"wp:attachment":[{"href":"https:\/\/non-stopshop.eu\/sk\/wp-json\/wp\/v2\/media?parent=2888"}],"wp:term":[{"taxonomy":"product_brand","embeddable":true,"href":"https:\/\/non-stopshop.eu\/sk\/wp-json\/wp\/v2\/product_brand?post=2888"},{"taxonomy":"product_cat","embeddable":true,"href":"https:\/\/non-stopshop.eu\/sk\/wp-json\/wp\/v2\/product_cat?post=2888"},{"taxonomy":"product_tag","embeddable":true,"href":"https:\/\/non-stopshop.eu\/sk\/wp-json\/wp\/v2\/product_tag?post=2888"}],"curies":[{"name":"wp","href":"https:\/\/api.w.org\/{rel}","templated":true}]}}