{"id":2911,"date":"2022-02-14T17:30:36","date_gmt":"2022-02-14T16:30:36","guid":{"rendered":"https:\/\/non-stopshop.eu\/sk\/?post_type=product&#038;p=2911"},"modified":"2022-02-14T17:39:12","modified_gmt":"2022-02-14T16:39:12","slug":"ionova-kefa-na-vlasy","status":"publish","type":"product","link":"https:\/\/non-stopshop.eu\/sk\/produkt\/ionova-kefa-na-vlasy\/","title":{"rendered":"I\u00f3nov\u00e1 kefa na vlasy"},"content":{"rendered":"","protected":false},"excerpt":{"rendered":"<p>U\u017e sa v\u00e1m niekedy stalo, \u017ee ste odi\u0161li z domu upraven\u00ed a vlasy v\u00e1m hne\u010f lez\u00fa na nervy? Doch\u00e1dza ku ku\u010deraveniu sa alebo s\u00fa vlasy elektricky nabit\u00e9? Napriek hodin\u00e1m stylingu a rozsiahlej starostlivosti o vlasy! Potom je t\u00e1to kefa pre v\u00e1s ide\u00e1lnym rie\u0161en\u00edm!<\/p>\n","protected":false},"featured_media":2917,"comment_status":"closed","ping_status":"closed","template":"","meta":{"inline_featured_image":false},"product_brand":[],"product_cat":[15],"product_tag":[],"class_list":{"0":"post-2911","1":"product","2":"type-product","3":"status-publish","4":"has-post-thumbnail","6":"product_cat-uncategorized","8":"first","9":"instock","10":"sale","11":"taxable","12":"shipping-taxable","13":"purchasable","14":"product-type-simple"},"acf":[],"_links":{"self":[{"href":"https:\/\/non-stopshop.eu\/sk\/wp-json\/wp\/v2\/product\/2911","targetHints":{"allow":["GET"]}}],"collection":[{"href":"https:\/\/non-stopshop.eu\/sk\/wp-json\/wp\/v2\/product"}],"about":[{"href":"https:\/\/non-stopshop.eu\/sk\/wp-json\/wp\/v2\/types\/product"}],"replies":[{"embeddable":true,"href":"https:\/\/non-stopshop.eu\/sk\/wp-json\/wp\/v2\/comments?post=2911"}],"wp:featuredmedia":[{"embeddable":true,"href":"https:\/\/non-stopshop.eu\/sk\/wp-json\/wp\/v2\/media\/2917"}],"wp:attachment":[{"href":"https:\/\/non-stopshop.eu\/sk\/wp-json\/wp\/v2\/media?parent=2911"}],"wp:term":[{"taxonomy":"product_brand","embeddable":true,"href":"https:\/\/non-stopshop.eu\/sk\/wp-json\/wp\/v2\/product_brand?post=2911"},{"taxonomy":"product_cat","embeddable":true,"href":"https:\/\/non-stopshop.eu\/sk\/wp-json\/wp\/v2\/product_cat?post=2911"},{"taxonomy":"product_tag","embeddable":true,"href":"https:\/\/non-stopshop.eu\/sk\/wp-json\/wp\/v2\/product_tag?post=2911"}],"curies":[{"name":"wp","href":"https:\/\/api.w.org\/{rel}","templated":true}]}}