{"id":2923,"date":"2022-02-14T18:19:42","date_gmt":"2022-02-14T17:19:42","guid":{"rendered":"https:\/\/non-stopshop.eu\/sk\/?post_type=product&#038;p=2923"},"modified":"2022-02-14T18:24:56","modified_gmt":"2022-02-14T17:24:56","slug":"2x-magicka-guma-na-zachytavanie-vlasov-pri-prani-pradla-rubex","status":"publish","type":"product","link":"https:\/\/non-stopshop.eu\/sk\/produkt\/2x-magicka-guma-na-zachytavanie-vlasov-pri-prani-pradla-rubex\/","title":{"rendered":"2x Magick\u00e1 guma na zachyt\u00e1vanie vlasov pri pran\u00ed pr\u00e1dla &#8211; Rubex"},"content":{"rendered":"","protected":false},"excerpt":{"rendered":"<p>T\u00e1to magick\u00e1 guma zachyt\u00ed v\u0161etky chlpy z v\u00e1\u0161ho oble\u010denia po\u010das prania a su\u0161enia.<\/p>\n","protected":false},"featured_media":2929,"comment_status":"closed","ping_status":"closed","template":"","meta":{"inline_featured_image":false},"product_brand":[],"product_cat":[15],"product_tag":[],"class_list":{"0":"post-2923","1":"product","2":"type-product","3":"status-publish","4":"has-post-thumbnail","6":"product_cat-uncategorized","8":"first","9":"instock","10":"sale","11":"taxable","12":"shipping-taxable","13":"purchasable","14":"product-type-simple"},"acf":[],"_links":{"self":[{"href":"https:\/\/non-stopshop.eu\/sk\/wp-json\/wp\/v2\/product\/2923","targetHints":{"allow":["GET"]}}],"collection":[{"href":"https:\/\/non-stopshop.eu\/sk\/wp-json\/wp\/v2\/product"}],"about":[{"href":"https:\/\/non-stopshop.eu\/sk\/wp-json\/wp\/v2\/types\/product"}],"replies":[{"embeddable":true,"href":"https:\/\/non-stopshop.eu\/sk\/wp-json\/wp\/v2\/comments?post=2923"}],"wp:featuredmedia":[{"embeddable":true,"href":"https:\/\/non-stopshop.eu\/sk\/wp-json\/wp\/v2\/media\/2929"}],"wp:attachment":[{"href":"https:\/\/non-stopshop.eu\/sk\/wp-json\/wp\/v2\/media?parent=2923"}],"wp:term":[{"taxonomy":"product_brand","embeddable":true,"href":"https:\/\/non-stopshop.eu\/sk\/wp-json\/wp\/v2\/product_brand?post=2923"},{"taxonomy":"product_cat","embeddable":true,"href":"https:\/\/non-stopshop.eu\/sk\/wp-json\/wp\/v2\/product_cat?post=2923"},{"taxonomy":"product_tag","embeddable":true,"href":"https:\/\/non-stopshop.eu\/sk\/wp-json\/wp\/v2\/product_tag?post=2923"}],"curies":[{"name":"wp","href":"https:\/\/api.w.org\/{rel}","templated":true}]}}