{"id":3034,"date":"2022-03-01T13:22:35","date_gmt":"2022-03-01T12:22:35","guid":{"rendered":"https:\/\/non-stopshop.eu\/sk\/?post_type=product&#038;p=3034"},"modified":"2022-03-01T15:09:54","modified_gmt":"2022-03-01T14:09:54","slug":"2v1-nastroj-na-rezanie-rohov","status":"publish","type":"product","link":"https:\/\/non-stopshop.eu\/sk\/produkt\/2v1-nastroj-na-rezanie-rohov\/","title":{"rendered":"2v1 n\u00e1stroj na rezanie rohov"},"content":{"rendered":"","protected":false},"excerpt":{"rendered":"<p>Praktick\u00e9 a efekt\u00edvne rie\u0161enie pre meranie a rezanie v\u0161etk\u00fdch uhlov v rozsahu 85 a\u017e 180\u00b0.<\/p>\n","protected":false},"featured_media":3038,"comment_status":"closed","ping_status":"closed","template":"","meta":{"inline_featured_image":false},"product_brand":[],"product_cat":[15],"product_tag":[],"class_list":{"0":"post-3034","1":"product","2":"type-product","3":"status-publish","4":"has-post-thumbnail","6":"product_cat-uncategorized","8":"first","9":"instock","10":"sale","11":"taxable","12":"shipping-taxable","13":"purchasable","14":"product-type-simple"},"acf":[],"_links":{"self":[{"href":"https:\/\/non-stopshop.eu\/sk\/wp-json\/wp\/v2\/product\/3034","targetHints":{"allow":["GET"]}}],"collection":[{"href":"https:\/\/non-stopshop.eu\/sk\/wp-json\/wp\/v2\/product"}],"about":[{"href":"https:\/\/non-stopshop.eu\/sk\/wp-json\/wp\/v2\/types\/product"}],"replies":[{"embeddable":true,"href":"https:\/\/non-stopshop.eu\/sk\/wp-json\/wp\/v2\/comments?post=3034"}],"wp:featuredmedia":[{"embeddable":true,"href":"https:\/\/non-stopshop.eu\/sk\/wp-json\/wp\/v2\/media\/3038"}],"wp:attachment":[{"href":"https:\/\/non-stopshop.eu\/sk\/wp-json\/wp\/v2\/media?parent=3034"}],"wp:term":[{"taxonomy":"product_brand","embeddable":true,"href":"https:\/\/non-stopshop.eu\/sk\/wp-json\/wp\/v2\/product_brand?post=3034"},{"taxonomy":"product_cat","embeddable":true,"href":"https:\/\/non-stopshop.eu\/sk\/wp-json\/wp\/v2\/product_cat?post=3034"},{"taxonomy":"product_tag","embeddable":true,"href":"https:\/\/non-stopshop.eu\/sk\/wp-json\/wp\/v2\/product_tag?post=3034"}],"curies":[{"name":"wp","href":"https:\/\/api.w.org\/{rel}","templated":true}]}}