{"id":3138,"date":"2022-03-21T13:13:48","date_gmt":"2022-03-21T12:13:48","guid":{"rendered":"https:\/\/non-stopshop.eu\/sk\/?post_type=product&#038;p=3138"},"modified":"2023-01-10T15:23:35","modified_gmt":"2023-01-10T14:23:35","slug":"protismykova-multifunkcna-podlozka-telefonu-multicar","status":"publish","type":"product","link":"https:\/\/non-stopshop.eu\/sk\/produkt\/protismykova-multifunkcna-podlozka-telefonu-multicar\/","title":{"rendered":"Proti\u0161mykov\u00e1 multifunk\u010dn\u00e1 podlo\u017eka telef\u00f3nu &#8211; MultiCar"},"content":{"rendered":"","protected":false},"excerpt":{"rendered":"<p id=\"tw-target-text\" class=\"tw-data-text tw-text-large tw-ta\" dir=\"ltr\" data-placeholder=\"Prijevod\">Multifunk\u010dn\u00e1 proti\u0161mykov\u00e1 podlo\u017eka, ktor\u00e1 sa umiest\u0148uje na palubn\u00fa dosku v aute so zabudovan\u00fdm dr\u017eiakom na telef\u00f3n a aromaterapiou pre ka\u017ed\u00fd typ vozidla.<\/p>\n","protected":false},"featured_media":3146,"comment_status":"closed","ping_status":"closed","template":"","meta":{"inline_featured_image":false},"product_brand":[],"product_cat":[15,25,27,36],"product_tag":[],"class_list":{"0":"post-3138","1":"product","2":"type-product","3":"status-publish","4":"has-post-thumbnail","6":"product_cat-uncategorized","7":"product_cat-car","8":"product_cat-home","9":"product_cat-seasonal-discounts","11":"first","12":"instock","13":"sale","14":"taxable","15":"shipping-taxable","16":"purchasable","17":"product-type-simple"},"acf":[],"_links":{"self":[{"href":"https:\/\/non-stopshop.eu\/sk\/wp-json\/wp\/v2\/product\/3138","targetHints":{"allow":["GET"]}}],"collection":[{"href":"https:\/\/non-stopshop.eu\/sk\/wp-json\/wp\/v2\/product"}],"about":[{"href":"https:\/\/non-stopshop.eu\/sk\/wp-json\/wp\/v2\/types\/product"}],"replies":[{"embeddable":true,"href":"https:\/\/non-stopshop.eu\/sk\/wp-json\/wp\/v2\/comments?post=3138"}],"wp:featuredmedia":[{"embeddable":true,"href":"https:\/\/non-stopshop.eu\/sk\/wp-json\/wp\/v2\/media\/3146"}],"wp:attachment":[{"href":"https:\/\/non-stopshop.eu\/sk\/wp-json\/wp\/v2\/media?parent=3138"}],"wp:term":[{"taxonomy":"product_brand","embeddable":true,"href":"https:\/\/non-stopshop.eu\/sk\/wp-json\/wp\/v2\/product_brand?post=3138"},{"taxonomy":"product_cat","embeddable":true,"href":"https:\/\/non-stopshop.eu\/sk\/wp-json\/wp\/v2\/product_cat?post=3138"},{"taxonomy":"product_tag","embeddable":true,"href":"https:\/\/non-stopshop.eu\/sk\/wp-json\/wp\/v2\/product_tag?post=3138"}],"curies":[{"name":"wp","href":"https:\/\/api.w.org\/{rel}","templated":true}]}}