{"id":3237,"date":"2022-03-30T14:53:10","date_gmt":"2022-03-30T12:53:10","guid":{"rendered":"https:\/\/non-stopshop.eu\/sk\/?post_type=product&#038;p=3237"},"modified":"2022-03-30T15:31:13","modified_gmt":"2022-03-30T13:31:13","slug":"profesionalne-elektricke-naradie-na-gravirovanie-vrtanie-a-lestenie","status":"publish","type":"product","link":"https:\/\/non-stopshop.eu\/sk\/produkt\/profesionalne-elektricke-naradie-na-gravirovanie-vrtanie-a-lestenie\/","title":{"rendered":"Profesion\u00e1lne elektrick\u00e9 n\u00e1radie na grav\u00edrovanie, v\u0155tanie a le\u0161tenie"},"content":{"rendered":"","protected":false},"excerpt":{"rendered":"<p>S t\u00fdmto praktick\u00fdm a multifunk\u010dn\u00fdm elektrick\u00fdm n\u00e1rad\u00edm m\u00f4\u017eete v\u0155ta\u0165, vyrez\u00e1va\u0165, le\u0161ti\u0165 alebo grav\u00edrova\u0165.<\/p>\n<p>&nbsp;<\/p>\n","protected":false},"featured_media":3244,"comment_status":"closed","ping_status":"closed","template":"","meta":{"inline_featured_image":false},"product_brand":[],"product_cat":[15],"product_tag":[],"class_list":{"0":"post-3237","1":"product","2":"type-product","3":"status-publish","4":"has-post-thumbnail","6":"product_cat-uncategorized","8":"first","9":"instock","10":"sale","11":"taxable","12":"shipping-taxable","13":"purchasable","14":"product-type-simple"},"acf":[],"_links":{"self":[{"href":"https:\/\/non-stopshop.eu\/sk\/wp-json\/wp\/v2\/product\/3237","targetHints":{"allow":["GET"]}}],"collection":[{"href":"https:\/\/non-stopshop.eu\/sk\/wp-json\/wp\/v2\/product"}],"about":[{"href":"https:\/\/non-stopshop.eu\/sk\/wp-json\/wp\/v2\/types\/product"}],"replies":[{"embeddable":true,"href":"https:\/\/non-stopshop.eu\/sk\/wp-json\/wp\/v2\/comments?post=3237"}],"wp:featuredmedia":[{"embeddable":true,"href":"https:\/\/non-stopshop.eu\/sk\/wp-json\/wp\/v2\/media\/3244"}],"wp:attachment":[{"href":"https:\/\/non-stopshop.eu\/sk\/wp-json\/wp\/v2\/media?parent=3237"}],"wp:term":[{"taxonomy":"product_brand","embeddable":true,"href":"https:\/\/non-stopshop.eu\/sk\/wp-json\/wp\/v2\/product_brand?post=3237"},{"taxonomy":"product_cat","embeddable":true,"href":"https:\/\/non-stopshop.eu\/sk\/wp-json\/wp\/v2\/product_cat?post=3237"},{"taxonomy":"product_tag","embeddable":true,"href":"https:\/\/non-stopshop.eu\/sk\/wp-json\/wp\/v2\/product_tag?post=3237"}],"curies":[{"name":"wp","href":"https:\/\/api.w.org\/{rel}","templated":true}]}}